{"id":46328,"date":"2023-10-31T23:04:16","date_gmt":"2023-10-31T15:04:16","guid":{"rendered":"https:\/\/gretasexylingerie.com\/?post_type=product&#038;p=46328"},"modified":"2023-10-31T23:05:27","modified_gmt":"2023-10-31T15:05:27","slug":"grossist-ren-vit-strumpa-med-djup-v-rygglos-design","status":"publish","type":"product","link":"https:\/\/gretasexylingerie.com\/sv\/products\/wholesale-sheer-white-stocking-with-deep-v-backless-design\/","title":{"rendered":"Grossist Sheer White Stock med Deep V Backless Design"},"content":{"rendered":"<ol class=\"wp-block-list\">\n<li><strong>Ren vit elegans<\/strong>: Den or\u00f6rda vita nyansen utstr\u00e5lar en ren och eterisk charm, vilket g\u00f6r den till ett m\u00e5ngsidigt plagg f\u00f6r olika tillf\u00e4llen. Dess rena natur ger en touch av mystik och lockelse, vilket s\u00e4kerst\u00e4ller att b\u00e4raren sticker ut.<\/li>\n\n\n\n<li><strong>Genomskinlig f\u00f6rf\u00f6relse<\/strong>: Tillverkad f\u00f6r att reta och reta, det genomskinliga tyget s\u00e4kerst\u00e4ller att b\u00e4raren k\u00e4nner sig lockande och oemotst\u00e5ndlig. Det \u00e4r det perfekta valet f\u00f6r dem som vill g\u00f6ra ett dj\u00e4rvt uttalande.<\/li>\n\n\n\n<li><strong>Deep V Backless Design<\/strong>: Denna sensuella egenskap accentuerar ryggen och ger en lockande titt. Det \u00e4r den perfekta blandningen av elegans och f\u00f6rf\u00f6relse, vilket g\u00f6r den till ett m\u00e5ste f\u00f6r alla samlingar.<\/li>\n\n\n\n<li><strong>Remdesign<\/strong>: Den invecklade remdesignen ger inte bara st\u00f6d utan ger ocks\u00e5 en touch av sofistikering till bodystockingen. Det \u00e4r ett subtilt men effektivt s\u00e4tt att lyfta den \u00f6vergripande designen.<\/li>\n\n\n\n<li><strong>Nylon av h\u00f6g kvalitet<\/strong>: Tillverkad av premium nylon, denna bodystrumpa \u00e4r mjuk att ta p\u00e5 och bekv\u00e4m att b\u00e4ra. Den \u00e4r h\u00e5llbar och designad f\u00f6r att h\u00e5lla, vilket s\u00e4kerst\u00e4ller att kunderna f\u00e5r valuta f\u00f6r pengarna.<\/li>\n<\/ol>\n\n\n\n<p>Kliv in i en v\u00e4rld av elegans och sensualitet. V\u00e5r bodystrumpa \u00e4r inte bara ett plagg; det \u00e4r ett uttalande. Med sin rena tjusning och djupa V-backless design, l\u00e5t din kundkrets omfamna sin inre diva. Lyft din samling och best\u00e4ll nu!<\/p>","protected":false},"excerpt":{"rendered":"<p>Vi presenterar v\u00e5r <strong>skir kroppsstrumpa i nylon<\/strong> i or\u00f6rd vit. En f\u00e4ngslande blandning av elegans och lockelse, detta <strong>sexig nylonbody<\/strong> \u00e4r utformad f\u00f6r att g\u00f6ra ett uttalande.<\/p>","protected":false},"featured_media":46337,"template":"","meta":[],"product_brand":[],"product_cat":[405,370,404,409],"product_tag":[],"class_list":{"0":"post-46328","1":"product","2":"type-product","3":"status-publish","4":"has-post-thumbnail","6":"product_cat-wholesale-bodystocking","7":"product_cat-bodysuit","8":"product_cat-sexy-stocking","9":"product_cat-wholesale-stocking-bodysuit","10":"pa_color-white","11":"pa_size-free","13":"first","14":"instock","15":"taxable","16":"shipping-taxable","17":"purchasable","18":"product-type-variable"},"tiered_pricing_type":"fixed","tiered_pricing_fixed_rules":[],"tiered_pricing_product_settings":{"layout":"default","base_unit_name":{"singular":null,"plural":null},"default_variation":{}},"tiered_pricing_minimum_quantity":null,"tiered_pricing_roles_data":[],"tiered_pricing_percentage_rules":[],"tiered_pricing_maximum_quantity":null,"tiered_pricing_quantity_step":null,"_links":{"self":[{"href":"https:\/\/gretasexylingerie.com\/sv\/wp-json\/wp\/v2\/product\/46328","targetHints":{"allow":["GET"]}}],"collection":[{"href":"https:\/\/gretasexylingerie.com\/sv\/wp-json\/wp\/v2\/product"}],"about":[{"href":"https:\/\/gretasexylingerie.com\/sv\/wp-json\/wp\/v2\/types\/product"}],"wp:featuredmedia":[{"embeddable":true,"href":"https:\/\/gretasexylingerie.com\/sv\/wp-json\/wp\/v2\/media\/46337"}],"wp:attachment":[{"href":"https:\/\/gretasexylingerie.com\/sv\/wp-json\/wp\/v2\/media?parent=46328"}],"wp:term":[{"taxonomy":"product_brand","embeddable":true,"href":"https:\/\/gretasexylingerie.com\/sv\/wp-json\/wp\/v2\/product_brand?post=46328"},{"taxonomy":"product_cat","embeddable":true,"href":"https:\/\/gretasexylingerie.com\/sv\/wp-json\/wp\/v2\/product_cat?post=46328"},{"taxonomy":"product_tag","embeddable":true,"href":"https:\/\/gretasexylingerie.com\/sv\/wp-json\/wp\/v2\/product_tag?post=46328"}],"curies":[{"name":"wp","href":"https:\/\/api.w.org\/{rel}","templated":true}]}}