{"id":46318,"date":"2023-10-31T22:38:22","date_gmt":"2023-10-31T14:38:22","guid":{"rendered":"https:\/\/gretasexylingerie.com\/?post_type=product&#038;p=46318"},"modified":"2023-10-31T22:50:42","modified_gmt":"2023-10-31T14:50:42","slug":"grossist-en-axel-rod-rhinestone-bodystocking-klanning","status":"publish","type":"product","link":"https:\/\/gretasexylingerie.com\/sv\/products\/wholesale-one-shoulder-red-rhinestone-bodystocking-dress\/","title":{"rendered":"Grossist One-Soulder Red Rhinestone Bodystocking Dress"},"content":{"rendered":"<ol class=\"wp-block-list\">\n<li><strong>Grenl\u00f6s design<\/strong>: Ett v\u00e5gat och provocerande inslag som l\u00e4gger till ett element av \u00f6verraskning. Det s\u00e4kerst\u00e4ller att b\u00e4raren k\u00e4nner sig sj\u00e4lvs\u00e4ker och st\u00e4rkt, vilket g\u00f6r den till ett toppval f\u00f6r de speciella \u00f6gonblicken.<\/li>\n\n\n\n<li><strong>Halterneck och ryggl\u00f6s<\/strong>: Denna design framh\u00e4ver axlarna och ryggen och erbjuder en sensuell siluett. Det \u00e4r den perfekta blandningen av elegans och f\u00f6rf\u00f6relse, vilket g\u00f6r den till ett m\u00e5ste f\u00f6r alla samlingar.<\/li>\n\n\n\n<li><strong>Jacquard m\u00f6nster<\/strong>: Intrikat och detaljerat, detta m\u00f6nster ger en touch av sofistikering till bodystockingen. Det \u00e4r ett subtilt men effektivt s\u00e4tt att lyfta den \u00f6vergripande designen.<\/li>\n\n\n\n<li><strong>Sexigt genomskinligt material<\/strong>: Tillverkad f\u00f6r att reta och reta, det genomskinliga tyget s\u00e4kerst\u00e4ller att b\u00e4raren k\u00e4nner sig lockande och oemotst\u00e5ndlig. Det \u00e4r det perfekta valet f\u00f6r dem som vill g\u00f6ra ett dj\u00e4rvt uttalande.<\/li>\n\n\n\n<li><strong>M\u00e5ngsidig \u00f6verklagande<\/strong>: Oavsett om det \u00e4r f\u00f6r ett speciellt tillf\u00e4lle eller bara en natt i, \u00e4r denna bodystocking tillr\u00e4ckligt m\u00e5ngsidig f\u00f6r att passa alla hum\u00f6r. L\u00e5t dina kunder omfamna sin inre f\u00f6rf\u00f6rare med detta f\u00e4ngslande f\u00f6rem\u00e5l.<\/li>\n<\/ol>\n\n\n\n<p>Avsl\u00f6ja en v\u00e4rld av f\u00f6rf\u00f6relse och elegans. Denna bodystocking \u00e4r mer \u00e4n bara ett plagg; det \u00e4r en upplevelse. Med sin v\u00e5gade grenl\u00f6sa design och intrikata jacquardm\u00f6nster, l\u00e5t din kundkrets vara symbolen f\u00f6r tjusning. Dyk in i frestelsens v\u00e4rld och fyll p\u00e5 nu!<\/p>","protected":false},"excerpt":{"rendered":"<p>Lys upp din samling med v\u00e5r enaxel <strong>n\u00e4tkl\u00e4nning r\u00f6d<\/strong>. Den h\u00e4r kl\u00e4nningen \u00e4r prydd med gl\u00e4nsande strass och \u00e4r symbolen f\u00f6r en <strong>fishnet festival outfit<\/strong> med en touch av elegans.<\/p>","protected":false},"featured_media":46327,"template":"","meta":[],"product_brand":[],"product_cat":[405,406,408,404],"product_tag":[],"class_list":{"0":"post-46318","1":"product","2":"type-product","3":"status-publish","4":"has-post-thumbnail","6":"product_cat-wholesale-bodystocking","7":"product_cat-wholesale-fishnet-dress","8":"product_cat-wholesale-rhinestone-bodystocking","9":"product_cat-sexy-stocking","10":"pa_color-black","11":"pa_size-free","13":"first","14":"instock","15":"taxable","16":"shipping-taxable","17":"purchasable","18":"product-type-variable"},"tiered_pricing_type":"fixed","tiered_pricing_fixed_rules":[],"tiered_pricing_product_settings":{"layout":"default","base_unit_name":{"singular":null,"plural":null},"default_variation":{}},"tiered_pricing_minimum_quantity":null,"tiered_pricing_roles_data":[],"tiered_pricing_percentage_rules":[],"tiered_pricing_maximum_quantity":null,"tiered_pricing_quantity_step":null,"_links":{"self":[{"href":"https:\/\/gretasexylingerie.com\/sv\/wp-json\/wp\/v2\/product\/46318","targetHints":{"allow":["GET"]}}],"collection":[{"href":"https:\/\/gretasexylingerie.com\/sv\/wp-json\/wp\/v2\/product"}],"about":[{"href":"https:\/\/gretasexylingerie.com\/sv\/wp-json\/wp\/v2\/types\/product"}],"wp:featuredmedia":[{"embeddable":true,"href":"https:\/\/gretasexylingerie.com\/sv\/wp-json\/wp\/v2\/media\/46327"}],"wp:attachment":[{"href":"https:\/\/gretasexylingerie.com\/sv\/wp-json\/wp\/v2\/media?parent=46318"}],"wp:term":[{"taxonomy":"product_brand","embeddable":true,"href":"https:\/\/gretasexylingerie.com\/sv\/wp-json\/wp\/v2\/product_brand?post=46318"},{"taxonomy":"product_cat","embeddable":true,"href":"https:\/\/gretasexylingerie.com\/sv\/wp-json\/wp\/v2\/product_cat?post=46318"},{"taxonomy":"product_tag","embeddable":true,"href":"https:\/\/gretasexylingerie.com\/sv\/wp-json\/wp\/v2\/product_tag?post=46318"}],"curies":[{"name":"wp","href":"https:\/\/api.w.org\/{rel}","templated":true}]}}