{"id":46308,"date":"2023-10-31T22:08:35","date_gmt":"2023-10-31T14:08:35","guid":{"rendered":"https:\/\/gretasexylingerie.com\/?post_type=product&#038;p=46308"},"modified":"2023-10-31T22:10:10","modified_gmt":"2023-10-31T14:10:10","slug":"grossist-sexiga-kroppsstrumpor-bodysuit-med-blommonster","status":"publish","type":"product","link":"https:\/\/gretasexylingerie.com\/sv\/products\/wholesale-sexy-body-stockings-bodysuit-with-floral-design\/","title":{"rendered":"Sexiga kroppsstrumpor i grossistledet med blomm\u00f6nster"},"content":{"rendered":"<ol class=\"wp-block-list\">\n<li><strong>Transparenta blomdekorationer<\/strong>: Intrikata blomm\u00f6nster blandas s\u00f6ml\u00f6st med bodyns design och ger en touch av elegans och femininitet.<\/li>\n\n\n\n<li><strong>F\u00e4ngslande utsk\u00e4rningar<\/strong>: Strategiskt placerade utsk\u00e4rningar f\u00f6rst\u00e4rker tjusningen och ger en lockande inblick som \u00e4r b\u00e5de f\u00f6rf\u00f6risk och elegant.<\/li>\n\n\n\n<li><strong>Fishnet Bodysuit Sexig<\/strong>: Omfamna trenden med den h\u00e4r bodyn som perfekt kapslar in den sexiga n\u00e4ttilltalan, vilket g\u00f6r den till ett m\u00e5ste i alla kollektioner.<\/li>\n\n\n\n<li><strong>Komfort m\u00f6ter stil<\/strong>: Designad f\u00f6r b\u00e5de komfort och stil, detta <strong>vit fishnet bodysuit<\/strong> s\u00e4kerst\u00e4ller en \u00e5tsittande passform, s\u00e5 att du kan r\u00f6ra dig med n\u00e5d och sj\u00e4lvf\u00f6rtroende.<\/li>\n\n\n\n<li><strong>M\u00e5ngsidig elegans<\/strong>: Perfekt f\u00f6r speciella tillf\u00e4llen eller intima kv\u00e4llar, den h\u00e4r bodyn \u00e4r m\u00e5ngsidig, vilket s\u00e4kerst\u00e4ller att du alltid \u00e4r i centrum f\u00f6r uppm\u00e4rksamheten.<\/li>\n<\/ol>\n\n\n\n<p>Lyft din samling med v\u00e5r bodystocking-bodysuit, d\u00e4r elegans m\u00f6ter lockelse. Med sina intrikata blomm\u00f6nster, lockande utsk\u00e4rningar och den obestridliga charmen med fiskn\u00e4t \u00e4r det mer \u00e4n bara underkl\u00e4der \u2013 det \u00e4r ett statement. L\u00e5t din kundkrets njuta av lyx och omdefiniera sin stil. Dyk in i sofistikering; fyll p\u00e5 nu och l\u00e5t varje \u00f6gonblick vara en str\u00e5lkastare.<\/p>","protected":false},"excerpt":{"rendered":"<p>Uppt\u00e4ck v\u00e5r grossist <strong>sexiga kroppsstrumpor f\u00f6r kvinnor<\/strong>, en blandning av lockelse och sofistikering. Denna bodysuit har transparenta blomdekorationer, f\u00e4ngslande utsk\u00e4rningar och \u00e4r symbolen f\u00f6r <strong>fishnet bodysuit sexig<\/strong> trend.<\/p>","protected":false},"featured_media":46317,"template":"","meta":[],"product_brand":[],"product_cat":[405,404,409],"product_tag":[],"class_list":{"0":"post-46308","1":"product","2":"type-product","3":"status-publish","4":"has-post-thumbnail","6":"product_cat-wholesale-bodystocking","7":"product_cat-sexy-stocking","8":"product_cat-wholesale-stocking-bodysuit","9":"pa_color-black","10":"pa_size-free","12":"first","13":"instock","14":"taxable","15":"shipping-taxable","16":"purchasable","17":"product-type-variable"},"tiered_pricing_type":"fixed","tiered_pricing_fixed_rules":[],"tiered_pricing_product_settings":{"layout":"default","base_unit_name":{"singular":null,"plural":null},"default_variation":{}},"tiered_pricing_minimum_quantity":null,"tiered_pricing_roles_data":[],"tiered_pricing_percentage_rules":[],"tiered_pricing_maximum_quantity":null,"tiered_pricing_quantity_step":null,"_links":{"self":[{"href":"https:\/\/gretasexylingerie.com\/sv\/wp-json\/wp\/v2\/product\/46308","targetHints":{"allow":["GET"]}}],"collection":[{"href":"https:\/\/gretasexylingerie.com\/sv\/wp-json\/wp\/v2\/product"}],"about":[{"href":"https:\/\/gretasexylingerie.com\/sv\/wp-json\/wp\/v2\/types\/product"}],"wp:featuredmedia":[{"embeddable":true,"href":"https:\/\/gretasexylingerie.com\/sv\/wp-json\/wp\/v2\/media\/46317"}],"wp:attachment":[{"href":"https:\/\/gretasexylingerie.com\/sv\/wp-json\/wp\/v2\/media?parent=46308"}],"wp:term":[{"taxonomy":"product_brand","embeddable":true,"href":"https:\/\/gretasexylingerie.com\/sv\/wp-json\/wp\/v2\/product_brand?post=46308"},{"taxonomy":"product_cat","embeddable":true,"href":"https:\/\/gretasexylingerie.com\/sv\/wp-json\/wp\/v2\/product_cat?post=46308"},{"taxonomy":"product_tag","embeddable":true,"href":"https:\/\/gretasexylingerie.com\/sv\/wp-json\/wp\/v2\/product_tag?post=46308"}],"curies":[{"name":"wp","href":"https:\/\/api.w.org\/{rel}","templated":true}]}}