{"id":46259,"date":"2023-10-30T22:40:39","date_gmt":"2023-10-30T14:40:39","guid":{"rendered":"https:\/\/gretasexylingerie.com\/?post_type=product&#038;p=46259"},"modified":"2023-10-30T22:48:44","modified_gmt":"2023-10-30T14:48:44","slug":"grossist-rod-hangslen-bodystocking-med-cross-halterneck","status":"publish","type":"product","link":"https:\/\/gretasexylingerie.com\/sv\/products\/wholesale-red-suspender-bodystocking-with-cross-halterneck\/","title":{"rendered":"Grossist r\u00f6d h\u00e4ngslen Bodystocking med Cross Halterneck"},"content":{"rendered":"<ol class=\"wp-block-list\">\n<li><strong>Genomskinlig design<\/strong>: Det rena materialet ger en lockande glimt av vad som finns under, vilket s\u00e4kerst\u00e4ller att du \u00e4r i centrum f\u00f6r uppm\u00e4rksamheten.<\/li>\n\n\n\n<li><strong>Utskurna detaljer<\/strong>: Strategiskt placerade utsk\u00e4rningar f\u00f6rb\u00e4ttrar dina kurvor och l\u00e4gger till en touch av mystik till den \u00f6vergripande designen.<\/li>\n\n\n\n<li><strong>Cross Halterneck<\/strong>: Denna unika halsringning ger inte bara st\u00f6d utan h\u00f6jer ocks\u00e5 den \u00f6vergripande estetiken hos bodystockingen.<\/li>\n\n\n\n<li><strong>Exponerad rygg<\/strong>: Den \u00f6ppna ryggdesignen \u00e4r b\u00e5de v\u00e5gad och f\u00f6rf\u00f6risk, perfekt f\u00f6r speciella tillf\u00e4llen.<\/li>\n\n\n\n<li><strong>Vibrerande r\u00f6d f\u00e4rg<\/strong>: Den dj\u00e4rva r\u00f6da nyansen \u00e4r inte bara i\u00f6gonfallande utan symboliserar ocks\u00e5 passion och lust.<\/li>\n<\/ol>\n\n\n\n<p>Kliv in i en v\u00e4rld av elegans och sensualitet med v\u00e5r r\u00f6da h\u00e4ngslens bodystocking. Perfekt f\u00f6r dig som vill l\u00e4gga till en touch av passion till sin underkl\u00e4deskollektion. Grossister, ta tillf\u00e4llet i akt att erbjuda dina kunder en blandning av stil och f\u00f6rf\u00f6relse. Fr\u00e5ga nu f\u00f6r exklusiva masserbjudanden.<\/p>","protected":false},"excerpt":{"rendered":"<p>Avsl\u00f6ja en v\u00e4rld av f\u00f6rf\u00f6relse med v\u00e5r grossist <strong>r\u00f6d h\u00e4ngslen bodystocking<\/strong>. Designad med en genomskinlig textur, utskurna detaljer och en tv\u00e4r halterneck, lovar det h\u00e4r stycket att f\u00e4ngsla och locka. Den exponerade ryggen ger en extra touch av lockelse, vilket g\u00f6r den till ett m\u00e5ste f\u00f6r alla underkl\u00e4deskollektioner.<\/p>","protected":false},"featured_media":46268,"template":"","meta":[],"product_brand":[],"product_cat":[405,407,404],"product_tag":[984],"class_list":{"0":"post-46259","1":"product","2":"type-product","3":"status-publish","4":"has-post-thumbnail","6":"product_cat-wholesale-bodystocking","7":"product_cat-wholesale-full-body-stocking","8":"product_cat-sexy-stocking","9":"product_tag-halloween-costumes","10":"pa_color-red-women-sexy-lingerie","11":"pa_size-free","13":"first","14":"instock","15":"taxable","16":"shipping-taxable","17":"purchasable","18":"product-type-variable"},"tiered_pricing_type":"fixed","tiered_pricing_fixed_rules":[],"tiered_pricing_product_settings":{"layout":"default","base_unit_name":{"singular":null,"plural":null},"default_variation":{}},"tiered_pricing_minimum_quantity":null,"tiered_pricing_roles_data":[],"tiered_pricing_percentage_rules":[],"tiered_pricing_maximum_quantity":null,"tiered_pricing_quantity_step":null,"_links":{"self":[{"href":"https:\/\/gretasexylingerie.com\/sv\/wp-json\/wp\/v2\/product\/46259","targetHints":{"allow":["GET"]}}],"collection":[{"href":"https:\/\/gretasexylingerie.com\/sv\/wp-json\/wp\/v2\/product"}],"about":[{"href":"https:\/\/gretasexylingerie.com\/sv\/wp-json\/wp\/v2\/types\/product"}],"wp:featuredmedia":[{"embeddable":true,"href":"https:\/\/gretasexylingerie.com\/sv\/wp-json\/wp\/v2\/media\/46268"}],"wp:attachment":[{"href":"https:\/\/gretasexylingerie.com\/sv\/wp-json\/wp\/v2\/media?parent=46259"}],"wp:term":[{"taxonomy":"product_brand","embeddable":true,"href":"https:\/\/gretasexylingerie.com\/sv\/wp-json\/wp\/v2\/product_brand?post=46259"},{"taxonomy":"product_cat","embeddable":true,"href":"https:\/\/gretasexylingerie.com\/sv\/wp-json\/wp\/v2\/product_cat?post=46259"},{"taxonomy":"product_tag","embeddable":true,"href":"https:\/\/gretasexylingerie.com\/sv\/wp-json\/wp\/v2\/product_tag?post=46259"}],"curies":[{"name":"wp","href":"https:\/\/api.w.org\/{rel}","templated":true}]}}