{"id":46240,"date":"2023-10-27T00:12:33","date_gmt":"2023-10-26T16:12:33","guid":{"rendered":"https:\/\/gretasexylingerie.com\/?post_type=product&#038;p=46240"},"modified":"2023-10-27T00:13:40","modified_gmt":"2023-10-26T16:13:40","slug":"grossist-ros-rod-svart-blommig-hangsel-bodystocking-set","status":"publish","type":"product","link":"https:\/\/gretasexylingerie.com\/sv\/products\/wholesale-rose-red-black-floral-suspender-bodystocking-set\/","title":{"rendered":"Grossist Rose Red &amp; Black Floral Suspender Bodystocking Set"},"content":{"rendered":"<ol class=\"wp-block-list\">\n<li><strong>Sl\u00e5ende f\u00e4rgkontrast<\/strong>: Den rosa r\u00f6da och svarta kombinationen sticker inte bara ut utan accentuerar ocks\u00e5 kroppens kurvor, vilket s\u00e4kerst\u00e4ller en f\u00e4ngslande look.<\/li>\n\n\n\n<li><strong>Delikat blomm\u00f6nster<\/strong>: Intrikat designad med ett blomm\u00f6nster, denna bodystocking utstr\u00e5lar femininitet och charm.<\/li>\n\n\n\n<li><strong>Halter Neck Elegance<\/strong>: Toppdesignen med halterhals ger en touch av sofistikering, vilket g\u00f6r den till ett m\u00e5ngsidigt plagg f\u00f6r olika tillf\u00e4llen.<\/li>\n\n\n\n<li><strong>Kvalitetshantverk<\/strong>: Tillverkad med precision och uppm\u00e4rksamhet p\u00e5 detaljer, vilket s\u00e4kerst\u00e4ller en bekv\u00e4m passform och varaktig h\u00e5llbarhet.<\/li>\n\n\n\n<li><strong>Perfekt f\u00f6r intima stunder<\/strong>: Oavsett om det \u00e4r en speciell kv\u00e4ll eller bara en stunds njutning, utlovar detta bodystocking-set en of\u00f6rgl\u00f6mlig upplevelse.<\/li>\n<\/ol>\n\n\n\n<p>F\u00f6rh\u00f6j din underkl\u00e4deskollektion med v\u00e5rt kontrasterande blommiga bodystocking-set. Tillverkad f\u00f6r dem som uppskattar de finare sakerna i livet, utlovar detta stycke b\u00e5de komfort och lockelse. Dyk in i en v\u00e4rld av lyx och sensualitet. Kontakta oss f\u00f6r exklusiva grossistm\u00f6jligheter och l\u00e5t din kundkrets njuta av o\u00f6vertr\u00e4ffad elegans.<\/p>","protected":false},"excerpt":{"rendered":"<p>Dyk in i en v\u00e4rld av elegans med v\u00e5r grossist <strong>blommig bodystocking set<\/strong> i kontrasterande rosa r\u00f6da och svarta nyanser. Denna h\u00e4ngslens bodystocking har en halter neck-design som perfekt kompletterar dess invecklade blomm\u00f6nster. En blandning av tjusning och sofistikering v\u00e4ntar.<\/p>","protected":false},"featured_media":46248,"template":"","meta":[],"product_brand":[],"product_cat":[405,924,404],"product_tag":[],"class_list":{"0":"post-46240","1":"product","2":"type-product","3":"status-publish","4":"has-post-thumbnail","6":"product_cat-wholesale-bodystocking","7":"product_cat-wholesale-bodystocking-sets","8":"product_cat-sexy-stocking","9":"pa_color-black","10":"pa_size-free","12":"first","13":"instock","14":"taxable","15":"shipping-taxable","16":"purchasable","17":"product-type-variable"},"tiered_pricing_type":"fixed","tiered_pricing_fixed_rules":[],"tiered_pricing_product_settings":{"layout":"default","base_unit_name":{"singular":null,"plural":null},"default_variation":{}},"tiered_pricing_minimum_quantity":null,"tiered_pricing_roles_data":[],"tiered_pricing_percentage_rules":[],"tiered_pricing_maximum_quantity":null,"tiered_pricing_quantity_step":null,"_links":{"self":[{"href":"https:\/\/gretasexylingerie.com\/sv\/wp-json\/wp\/v2\/product\/46240","targetHints":{"allow":["GET"]}}],"collection":[{"href":"https:\/\/gretasexylingerie.com\/sv\/wp-json\/wp\/v2\/product"}],"about":[{"href":"https:\/\/gretasexylingerie.com\/sv\/wp-json\/wp\/v2\/types\/product"}],"wp:featuredmedia":[{"embeddable":true,"href":"https:\/\/gretasexylingerie.com\/sv\/wp-json\/wp\/v2\/media\/46248"}],"wp:attachment":[{"href":"https:\/\/gretasexylingerie.com\/sv\/wp-json\/wp\/v2\/media?parent=46240"}],"wp:term":[{"taxonomy":"product_brand","embeddable":true,"href":"https:\/\/gretasexylingerie.com\/sv\/wp-json\/wp\/v2\/product_brand?post=46240"},{"taxonomy":"product_cat","embeddable":true,"href":"https:\/\/gretasexylingerie.com\/sv\/wp-json\/wp\/v2\/product_cat?post=46240"},{"taxonomy":"product_tag","embeddable":true,"href":"https:\/\/gretasexylingerie.com\/sv\/wp-json\/wp\/v2\/product_tag?post=46240"}],"curies":[{"name":"wp","href":"https:\/\/api.w.org\/{rel}","templated":true}]}}