{"id":46231,"date":"2023-10-26T23:59:12","date_gmt":"2023-10-26T15:59:12","guid":{"rendered":"https:\/\/gretasexylingerie.com\/?post_type=product&#038;p=46231"},"modified":"2023-10-27T00:00:49","modified_gmt":"2023-10-26T16:00:49","slug":"grossist-bla-spets-dekorerad-grenlos-bodystocking-set","status":"publish","type":"product","link":"https:\/\/gretasexylingerie.com\/sv\/products\/wholesale-blue-lace-decorated-crotchless-bodystocking-set\/","title":{"rendered":"Grossistf\u00f6rs\u00e4ljning av bl\u00e5 spetsdekorerad grenl\u00f6s kroppsstrumpset"},"content":{"rendered":"<ol class=\"wp-block-list\">\n<li><strong>Distinkt runda h\u00e5lm\u00f6nster<\/strong>: Erbjuder en f\u00e4ngslande peek-a-boo-effekt som s\u00e4tter scenen f\u00f6r en of\u00f6rgl\u00f6mlig kv\u00e4ll.<\/li>\n\n\n\n<li><strong>Raffinerade bl\u00e5 spetsaccenter<\/strong>: De bl\u00e5 spetsutsmyckningarna lyfter den \u00f6vergripande designen, vilket g\u00f6r den till en framst\u00e5ende pj\u00e4s i alla underkl\u00e4deskollektioner.<\/li>\n\n\n\n<li><strong>Bekv\u00e4m design utan gren<\/strong>: Tillverkad f\u00f6r b\u00e5de lockelse och l\u00e4tthet, vilket eliminerar behovet av borttagning under intima stunder.<\/li>\n\n\n\n<li><strong>H\u00f6gsta komfort<\/strong>: Tillverkad med f\u00f6rstklassiga material, vilket s\u00e4kerst\u00e4ller en mjuk och lyxig k\u00e4nsla mot huden.<\/li>\n\n\n\n<li><strong>Perfekt f\u00f6r speciella tillf\u00e4llen<\/strong>: Oavsett om det \u00e4r en jubileum eller bara en romantisk kv\u00e4ll, kommer detta bodystocking-set att imponera.<\/li>\n<\/ol>\n\n\n\n<p>F\u00f6rh\u00f6j dina underkl\u00e4deserbjudanden med v\u00e5rt bodystockingsset med grenl\u00f6sa spetsar. Med sin intrikata design och premiumk\u00e4nsla \u00e4r den ett m\u00e5ste f\u00f6r dem som s\u00f6ker b\u00e5de lyx och tjusning. Dyk in i en v\u00e4rld av elegans och sensualitet. Kontakta oss f\u00f6r exklusiva grossisterbjudanden och l\u00e5t din kundkrets uppleva o\u00f6vertr\u00e4ffad lyx.<\/p>","protected":false},"excerpt":{"rendered":"<p>Vi presenterar v\u00e5r grossist <strong>grenl\u00f6s bodystocking<\/strong> set, accentuerat med delikat bl\u00e5 spets. Denna unika design med runda h\u00e5l s\u00e4kerst\u00e4ller en lockande tjusning, medan &quot;ingen behov av att ta av&quot;-funktionen ger en touch av bekv\u00e4mlighet. En perfekt blandning av lyx och sensualitet.<\/p>","protected":false},"featured_media":46238,"template":"","meta":[],"product_brand":[],"product_cat":[405,924,404],"product_tag":[],"class_list":{"0":"post-46231","1":"product","2":"type-product","3":"status-publish","4":"has-post-thumbnail","6":"product_cat-wholesale-bodystocking","7":"product_cat-wholesale-bodystocking-sets","8":"product_cat-sexy-stocking","9":"pa_color-black","10":"pa_size-free","12":"first","13":"instock","14":"taxable","15":"shipping-taxable","16":"purchasable","17":"product-type-variable"},"tiered_pricing_type":"fixed","tiered_pricing_fixed_rules":[],"tiered_pricing_product_settings":{"layout":"default","base_unit_name":{"singular":null,"plural":null},"default_variation":{}},"tiered_pricing_minimum_quantity":null,"tiered_pricing_roles_data":[],"tiered_pricing_percentage_rules":[],"tiered_pricing_maximum_quantity":null,"tiered_pricing_quantity_step":null,"_links":{"self":[{"href":"https:\/\/gretasexylingerie.com\/sv\/wp-json\/wp\/v2\/product\/46231","targetHints":{"allow":["GET"]}}],"collection":[{"href":"https:\/\/gretasexylingerie.com\/sv\/wp-json\/wp\/v2\/product"}],"about":[{"href":"https:\/\/gretasexylingerie.com\/sv\/wp-json\/wp\/v2\/types\/product"}],"wp:featuredmedia":[{"embeddable":true,"href":"https:\/\/gretasexylingerie.com\/sv\/wp-json\/wp\/v2\/media\/46238"}],"wp:attachment":[{"href":"https:\/\/gretasexylingerie.com\/sv\/wp-json\/wp\/v2\/media?parent=46231"}],"wp:term":[{"taxonomy":"product_brand","embeddable":true,"href":"https:\/\/gretasexylingerie.com\/sv\/wp-json\/wp\/v2\/product_brand?post=46231"},{"taxonomy":"product_cat","embeddable":true,"href":"https:\/\/gretasexylingerie.com\/sv\/wp-json\/wp\/v2\/product_cat?post=46231"},{"taxonomy":"product_tag","embeddable":true,"href":"https:\/\/gretasexylingerie.com\/sv\/wp-json\/wp\/v2\/product_tag?post=46231"}],"curies":[{"name":"wp","href":"https:\/\/api.w.org\/{rel}","templated":true}]}}