{"id":46210,"date":"2023-10-26T23:09:40","date_gmt":"2023-10-26T15:09:40","guid":{"rendered":"https:\/\/gretasexylingerie.com\/?post_type=product&#038;p=46210"},"modified":"2023-10-26T23:17:02","modified_gmt":"2023-10-26T15:17:02","slug":"grossist-svart-skir-bodystocking-med-sjukskoterska-logotyp-jacquard-grimma","status":"publish","type":"product","link":"https:\/\/gretasexylingerie.com\/sv\/products\/wholesale-black-sheer-bodystocking-with-nurse-logo-jacquard-halter\/","title":{"rendered":"Black Sheer Bodystocking i grossistledet med sjuksk\u00f6terskelogotyp och jacquardgrimma"},"content":{"rendered":"<ol class=\"wp-block-list\">\n<li><strong>Ren mesh elegans<\/strong>: Tillverkad med skirt n\u00e4t, detta <strong>svart skir kroppsstrumpa<\/strong> ger en lockande glimt av huden under, vilket s\u00e4kerst\u00e4ller en kvav attraktion.<\/li>\n\n\n\n<li><strong>Utsk\u00e4rning br\u00f6stdesign<\/strong>: Den strategiskt placerade utsk\u00e4rningen p\u00e5 br\u00f6stet f\u00f6rst\u00e4rker tjusningen, vilket g\u00f6r den till en central del av alla underkl\u00e4deskollektioner.<\/li>\n\n\n\n<li><strong>Jacquard Halter Neck<\/strong>: Den intrikata halterhalsdesignen i jacquard ger inte bara st\u00f6d utan l\u00e4gger ocks\u00e5 till en touch av sofistikering till den \u00f6vergripande looken.<\/li>\n\n\n\n<li><strong>Utsmyckning av sjuksk\u00f6terskans logotyp<\/strong>: Den unika utsmyckningen av sjuksk\u00f6terskans logotyp ger den en lekfull twist, perfekt f\u00f6r temakv\u00e4llar eller speciella tillf\u00e4llen.<\/li>\n\n\n\n<li><strong>V\u00e5gad grenl\u00f6s funktion<\/strong>: Den grenl\u00f6sa designen s\u00e4kerst\u00e4ller detta <strong>\u00f6ppen byst kroppsstrumpa<\/strong> \u00e4r b\u00e5de sensuell och funktionell och tillgodoser de dj\u00e4rva \u00f6gonblicken.<\/li>\n<\/ol>\n\n\n\n<p>Uppgradera ditt underkl\u00e4derspel med v\u00e5r f\u00e4ngslande svarta skira bodystocking. Designad f\u00f6r den dj\u00e4rva kvinnan som \u00e4lskar att blanda lekfullhet med elegans, \u00e4r det h\u00e4r plagget inst\u00e4llt p\u00e5 att bli en publikbehag. Dyk in i en v\u00e4rld av sofistikering och intriger. Kontakta oss f\u00f6r exklusiva grossistm\u00f6jligheter och l\u00e5t dina kunder \u00e4gna sig \u00e5t det finaste underkl\u00e4deshantverket.<\/p>","protected":false},"excerpt":{"rendered":"<p>Uppt\u00e4ck v\u00e5r grossist <strong>svart skir bodystocking<\/strong>, en blandning av f\u00f6rf\u00f6relse och stil. Med en utskuren br\u00f6stkorg och en halterhalsdesign i jacquard, accentueras den av en distinkt sjuksk\u00f6terskelogotyp. Den grenl\u00f6sa funktionen ger en v\u00e5gad touch till detta uts\u00f6kta plagg.<\/p>","protected":false},"featured_media":46219,"template":"","meta":[],"product_brand":[],"product_cat":[405,407,404],"product_tag":[],"class_list":{"0":"post-46210","1":"product","2":"type-product","3":"status-publish","4":"has-post-thumbnail","6":"product_cat-wholesale-bodystocking","7":"product_cat-wholesale-full-body-stocking","8":"product_cat-sexy-stocking","9":"pa_color-black","10":"pa_size-free","12":"first","13":"instock","14":"taxable","15":"shipping-taxable","16":"purchasable","17":"product-type-variable"},"tiered_pricing_type":"fixed","tiered_pricing_fixed_rules":[],"tiered_pricing_product_settings":{"layout":"default","base_unit_name":{"singular":null,"plural":null},"default_variation":{}},"tiered_pricing_minimum_quantity":null,"tiered_pricing_roles_data":[],"tiered_pricing_percentage_rules":[],"tiered_pricing_maximum_quantity":null,"tiered_pricing_quantity_step":null,"_links":{"self":[{"href":"https:\/\/gretasexylingerie.com\/sv\/wp-json\/wp\/v2\/product\/46210","targetHints":{"allow":["GET"]}}],"collection":[{"href":"https:\/\/gretasexylingerie.com\/sv\/wp-json\/wp\/v2\/product"}],"about":[{"href":"https:\/\/gretasexylingerie.com\/sv\/wp-json\/wp\/v2\/types\/product"}],"wp:featuredmedia":[{"embeddable":true,"href":"https:\/\/gretasexylingerie.com\/sv\/wp-json\/wp\/v2\/media\/46219"}],"wp:attachment":[{"href":"https:\/\/gretasexylingerie.com\/sv\/wp-json\/wp\/v2\/media?parent=46210"}],"wp:term":[{"taxonomy":"product_brand","embeddable":true,"href":"https:\/\/gretasexylingerie.com\/sv\/wp-json\/wp\/v2\/product_brand?post=46210"},{"taxonomy":"product_cat","embeddable":true,"href":"https:\/\/gretasexylingerie.com\/sv\/wp-json\/wp\/v2\/product_cat?post=46210"},{"taxonomy":"product_tag","embeddable":true,"href":"https:\/\/gretasexylingerie.com\/sv\/wp-json\/wp\/v2\/product_tag?post=46210"}],"curies":[{"name":"wp","href":"https:\/\/api.w.org\/{rel}","templated":true}]}}