{"id":46190,"date":"2023-10-26T22:19:46","date_gmt":"2023-10-26T14:19:46","guid":{"rendered":"https:\/\/gretasexylingerie.com\/?post_type=product&#038;p=46190"},"modified":"2023-10-26T22:21:21","modified_gmt":"2023-10-26T14:21:21","slug":"virkad-bodystocking-klanning-med-rod-kant-i-grossistledet","status":"publish","type":"product","link":"https:\/\/gretasexylingerie.com\/sv\/products\/wholesale-fishnet-crochet-bodystocking-dress-with-red-trim\/","title":{"rendered":"Fishnet Virkad Bodystocking kl\u00e4nning i grossistledet med r\u00f6d kant"},"content":{"rendered":"<ol class=\"wp-block-list\">\n<li><strong>Distinkt design<\/strong>: Det ih\u00e5liga rutiga m\u00f6nstret erbjuder en blandning av elegans och intriger, vilket s\u00e4kerst\u00e4ller att du sticker ut.<\/li>\n\n\n\n<li><strong>Passionerade r\u00f6da accenter<\/strong>: Den kontrasterande r\u00f6da kl\u00e4dseln f\u00f6rst\u00e4rker kl\u00e4nningens charm, vilket g\u00f6r den till en mittpunkt i alla kollektioner.<\/li>\n\n\n\n<li><strong>Ryggl\u00f6s sk\u00f6nhet<\/strong>: Visa din rygg med sj\u00e4lvf\u00f6rtroende, tack vare kl\u00e4nningens lockande ryggl\u00f6sa funktion.<\/li>\n\n\n\n<li><strong>Smickrande kjol<\/strong>: Den h\u00f6ft-t\u00e4ckande korta kjolen ger en touch av blygsamhet samtidigt som den f\u00f6rst\u00e4rker den \u00f6vergripande silhuetten av denna <strong>fishnet babydoll kl\u00e4nning<\/strong>.<\/li>\n\n\n\n<li><strong>Komfort m\u00f6ter stil<\/strong>: Tillverkad f\u00f6r komfort, detta <strong>st\u00e4ngseln\u00e4t bodystocking<\/strong> s\u00e4kerst\u00e4ller en \u00e5tsittande passform utan att kompromissa med stilen.<\/li>\n<\/ol>\n\n\n\n<p>Lyft din samling med v\u00e5r unikt designade bodystocking kl\u00e4nning. En perfekt blandning av stil och sensualitet, den lovar att bli en showstopper vid alla evenemang eller intima tillf\u00e4llen. Dyk in i en v\u00e4rld av elegans och tjusning, och l\u00e5t denna pj\u00e4s omdefiniera ditt underkl\u00e4desspel. F\u00f6r dem som s\u00f6ker det b\u00e4sta \u00e4r detta din chans. Fr\u00e5ga idag efter speciella grossisterbjudanden och l\u00e5t dina kunder uppleva o\u00f6vertr\u00e4ffad sofistikering.<\/p>","protected":false},"excerpt":{"rendered":"<p>Uppt\u00e4ck tjusningen med v\u00e5r grossist <strong>virkad kl\u00e4nning med fiskn\u00e4t<\/strong>. Med ett f\u00e4ngslande ih\u00e5ligt rutigt m\u00f6nster, accentuerat av en dj\u00e4rv r\u00f6d kant, f\u00f6renar den sensualiteten hos en ryggl\u00f6s design med sofistikeringen hos en h\u00f6ftkjol.<\/p>","protected":false},"featured_media":46199,"template":"","meta":[],"product_brand":[],"product_cat":[405,406,404],"product_tag":[],"class_list":{"0":"post-46190","1":"product","2":"type-product","3":"status-publish","4":"has-post-thumbnail","6":"product_cat-wholesale-bodystocking","7":"product_cat-wholesale-fishnet-dress","8":"product_cat-sexy-stocking","9":"pa_color-black","10":"pa_size-free","12":"first","13":"instock","14":"taxable","15":"shipping-taxable","16":"purchasable","17":"product-type-variable"},"tiered_pricing_type":"fixed","tiered_pricing_fixed_rules":[],"tiered_pricing_product_settings":{"layout":"default","base_unit_name":{"singular":null,"plural":null},"default_variation":{}},"tiered_pricing_minimum_quantity":null,"tiered_pricing_roles_data":[],"tiered_pricing_percentage_rules":[],"tiered_pricing_maximum_quantity":null,"tiered_pricing_quantity_step":null,"_links":{"self":[{"href":"https:\/\/gretasexylingerie.com\/sv\/wp-json\/wp\/v2\/product\/46190","targetHints":{"allow":["GET"]}}],"collection":[{"href":"https:\/\/gretasexylingerie.com\/sv\/wp-json\/wp\/v2\/product"}],"about":[{"href":"https:\/\/gretasexylingerie.com\/sv\/wp-json\/wp\/v2\/types\/product"}],"wp:featuredmedia":[{"embeddable":true,"href":"https:\/\/gretasexylingerie.com\/sv\/wp-json\/wp\/v2\/media\/46199"}],"wp:attachment":[{"href":"https:\/\/gretasexylingerie.com\/sv\/wp-json\/wp\/v2\/media?parent=46190"}],"wp:term":[{"taxonomy":"product_brand","embeddable":true,"href":"https:\/\/gretasexylingerie.com\/sv\/wp-json\/wp\/v2\/product_brand?post=46190"},{"taxonomy":"product_cat","embeddable":true,"href":"https:\/\/gretasexylingerie.com\/sv\/wp-json\/wp\/v2\/product_cat?post=46190"},{"taxonomy":"product_tag","embeddable":true,"href":"https:\/\/gretasexylingerie.com\/sv\/wp-json\/wp\/v2\/product_tag?post=46190"}],"curies":[{"name":"wp","href":"https:\/\/api.w.org\/{rel}","templated":true}]}}