{"id":46161,"date":"2023-10-26T00:38:43","date_gmt":"2023-10-25T16:38:43","guid":{"rendered":"https:\/\/gretasexylingerie.com\/?post_type=product&#038;p=46161"},"modified":"2023-10-26T00:40:08","modified_gmt":"2023-10-25T16:40:08","slug":"grossist-jul-fisknat-hangslen-bodystocking-med-guld-rosett","status":"publish","type":"product","link":"https:\/\/gretasexylingerie.com\/sv\/products\/wholesale-christmas-fishnet-suspender-bodystocking-with-gold-bow\/","title":{"rendered":"Grossist jul Fishnet Suspender Bodystocking med guld rosett"},"content":{"rendered":"<ol class=\"wp-block-list\">\n<li>Festlig ludddetalj: Den vita ludddekorerade kistan f\u00e5ngar julens essens och erbjuder en touch av v\u00e4rme och festlig charm.<\/li>\n\n\n\n<li>Elegant guldb\u00e5ge: Den skimrande guldb\u00e5gen accentuerar bodystockingens design och l\u00e4gger till en touch av lyx och sofistikering.<\/li>\n\n\n\n<li>Lockande n\u00e4tdesign: Tillverkad med intrikata spetsar visar denna n\u00e4tbodysuit ett delikat och sensuellt m\u00f6nster som smickrar och accentuerar kroppens siluett.<\/li>\n\n\n\n<li>Backless Beauty: Den ryggl\u00f6sa designen p\u00e5 denna bodystocking ger en kvav twist, vilket g\u00f6r den till en enast\u00e5ende pj\u00e4s i alla underkl\u00e4deskollektioner.<\/li>\n\n\n\n<li>M\u00e5ngsidig och bekv\u00e4m: Perfekt f\u00f6r festliga tillf\u00e4llen eller intima stunder, denna spetsn\u00e4tsbody erbjuder b\u00e5de stil och komfort.<\/li>\n<\/ol>\n\n\n\n<p>Kliv in i semesterperioden med v\u00e5r bodystocking f\u00f6r fiskn\u00e4tsh\u00e4ngslen. Designad f\u00f6r kr\u00e4sna \u00e5terf\u00f6rs\u00e4ljare, denna smycke blandar festliga detaljer med kvava designelement. Ta kontakt med grossistf\u00f6rfr\u00e5gningar och f\u00f6rb\u00e4ttra ditt sortiment av julunderkl\u00e4der.<\/p>","protected":false},"excerpt":{"rendered":"<p>Avsl\u00f6ja den festliga st\u00e4mningen med v\u00e5r kroppsstockning med fiskn\u00e4t i grossistledet. Prydd med vitt ludd p\u00e5 br\u00f6stet och en skimrande guldrosett, \u00e4r denna ryggl\u00f6sa bodysuit en symbol f\u00f6r semestertjusning och elegans.<\/p>","protected":false},"featured_media":46170,"template":"","meta":[],"product_brand":[],"product_cat":[405,404,410],"product_tag":[],"class_list":{"0":"post-46161","1":"product","2":"type-product","3":"status-publish","4":"has-post-thumbnail","6":"product_cat-wholesale-bodystocking","7":"product_cat-sexy-stocking","8":"product_cat-wholesale-suspender-bodystocking","9":"pa_color-red-women-sexy-lingerie","10":"pa_size-free","12":"first","13":"instock","14":"taxable","15":"shipping-taxable","16":"purchasable","17":"product-type-variable"},"tiered_pricing_type":"fixed","tiered_pricing_fixed_rules":[],"tiered_pricing_product_settings":{"layout":"default","base_unit_name":{"singular":null,"plural":null},"default_variation":{}},"tiered_pricing_minimum_quantity":null,"tiered_pricing_roles_data":[],"tiered_pricing_percentage_rules":[],"tiered_pricing_maximum_quantity":null,"tiered_pricing_quantity_step":null,"_links":{"self":[{"href":"https:\/\/gretasexylingerie.com\/sv\/wp-json\/wp\/v2\/product\/46161","targetHints":{"allow":["GET"]}}],"collection":[{"href":"https:\/\/gretasexylingerie.com\/sv\/wp-json\/wp\/v2\/product"}],"about":[{"href":"https:\/\/gretasexylingerie.com\/sv\/wp-json\/wp\/v2\/types\/product"}],"wp:featuredmedia":[{"embeddable":true,"href":"https:\/\/gretasexylingerie.com\/sv\/wp-json\/wp\/v2\/media\/46170"}],"wp:attachment":[{"href":"https:\/\/gretasexylingerie.com\/sv\/wp-json\/wp\/v2\/media?parent=46161"}],"wp:term":[{"taxonomy":"product_brand","embeddable":true,"href":"https:\/\/gretasexylingerie.com\/sv\/wp-json\/wp\/v2\/product_brand?post=46161"},{"taxonomy":"product_cat","embeddable":true,"href":"https:\/\/gretasexylingerie.com\/sv\/wp-json\/wp\/v2\/product_cat?post=46161"},{"taxonomy":"product_tag","embeddable":true,"href":"https:\/\/gretasexylingerie.com\/sv\/wp-json\/wp\/v2\/product_tag?post=46161"}],"curies":[{"name":"wp","href":"https:\/\/api.w.org\/{rel}","templated":true}]}}