{"id":46151,"date":"2023-10-26T00:01:52","date_gmt":"2023-10-25T16:01:52","guid":{"rendered":"https:\/\/gretasexylingerie.com\/?post_type=product&#038;p=46151"},"modified":"2023-10-26T00:02:52","modified_gmt":"2023-10-25T16:02:52","slug":"grossist-skir-nylon-bodystocking-lila-halterneck-body","status":"publish","type":"product","link":"https:\/\/gretasexylingerie.com\/sv\/products\/wholesale-sheer-nylon-bodystocking-purple-halterneck-bodysuit\/","title":{"rendered":"Grossist Sheer Nylon Bodystocking: Lila Halterneck Bodysuit"},"content":{"rendered":"<ol class=\"wp-block-list\">\n<li>Ren elegans: V\u00e5r n\u00e4tstrumpa \u00e4r gjord av skir nylon och erbjuder en delikat och sensuell look som accentuerar kroppens naturliga kurvor.<\/li>\n\n\n\n<li>Unik Halterneck-design: Cross Halter-neck-designen ger inte bara st\u00f6d utan l\u00e4gger ocks\u00e5 till en touch av sofistikering och skiljer den fr\u00e5n traditionella bodystockings.<\/li>\n\n\n\n<li>Livlig lila nyans: Den f\u00e4ngslande lila f\u00e4rgen ser till att b\u00e4rare sticker ut, vilket g\u00f6r den till ett toppval f\u00f6r dem som vill l\u00e4gga till lite f\u00e4rg till sin underkl\u00e4deskollektion.<\/li>\n\n\n\n<li>M\u00e5ngsidigt slitage: Oavsett om det \u00e4r f\u00f6r ett speciellt tillf\u00e4lle eller till vardags, erbjuder denna halterneck-bodystocking b\u00e5de komfort och stil.<\/li>\n\n\n\n<li>H\u00f6gkvalitativt material: Denna kroppsstrumpa \u00e4r gjord av f\u00f6rstklassig ren nylon och s\u00e4kerst\u00e4ller h\u00e5llbarhet samtidigt som den ger en mjuk och bekv\u00e4m passform.<\/li>\n<\/ol>\n\n\n\n<p>F\u00f6rh\u00f6j din underkl\u00e4deskollektion med v\u00e5r skira kroppsstrumpa i nylon. Designad f\u00f6r den moderna \u00e5terf\u00f6rs\u00e4ljaren, den h\u00e4r delen kombinerar f\u00e4rg, komfort och stil. Kontakta oss f\u00f6r grossistf\u00f6rfr\u00e5gningar och l\u00e4gg till en touch av elegans till ditt sortiment.<\/p>","protected":false},"excerpt":{"rendered":"<p>Vi presenterar v\u00e5r kroppsstrumpa i genomskinlig nylon i en f\u00e4ngslande lila nyans. Designad med en cross-halter-neck, kombinerar denna body elegans med en touch av f\u00f6rf\u00f6relse. Perfekt f\u00f6r dig som letar efter ett unikt och lockande underkl\u00e4der.<\/p>","protected":false},"featured_media":46160,"template":"","meta":[],"product_brand":[],"product_cat":[405,404,409],"product_tag":[],"class_list":{"0":"post-46151","1":"product","2":"type-product","3":"status-publish","4":"has-post-thumbnail","6":"product_cat-wholesale-bodystocking","7":"product_cat-sexy-stocking","8":"product_cat-wholesale-stocking-bodysuit","9":"pa_color-purple-women-sexy-lingerie","10":"pa_size-free","12":"first","13":"instock","14":"taxable","15":"shipping-taxable","16":"purchasable","17":"product-type-variable"},"tiered_pricing_type":"fixed","tiered_pricing_fixed_rules":[],"tiered_pricing_product_settings":{"layout":"default","base_unit_name":{"singular":null,"plural":null},"default_variation":{}},"tiered_pricing_minimum_quantity":null,"tiered_pricing_roles_data":[],"tiered_pricing_percentage_rules":[],"tiered_pricing_maximum_quantity":null,"tiered_pricing_quantity_step":null,"_links":{"self":[{"href":"https:\/\/gretasexylingerie.com\/sv\/wp-json\/wp\/v2\/product\/46151","targetHints":{"allow":["GET"]}}],"collection":[{"href":"https:\/\/gretasexylingerie.com\/sv\/wp-json\/wp\/v2\/product"}],"about":[{"href":"https:\/\/gretasexylingerie.com\/sv\/wp-json\/wp\/v2\/types\/product"}],"wp:featuredmedia":[{"embeddable":true,"href":"https:\/\/gretasexylingerie.com\/sv\/wp-json\/wp\/v2\/media\/46160"}],"wp:attachment":[{"href":"https:\/\/gretasexylingerie.com\/sv\/wp-json\/wp\/v2\/media?parent=46151"}],"wp:term":[{"taxonomy":"product_brand","embeddable":true,"href":"https:\/\/gretasexylingerie.com\/sv\/wp-json\/wp\/v2\/product_brand?post=46151"},{"taxonomy":"product_cat","embeddable":true,"href":"https:\/\/gretasexylingerie.com\/sv\/wp-json\/wp\/v2\/product_cat?post=46151"},{"taxonomy":"product_tag","embeddable":true,"href":"https:\/\/gretasexylingerie.com\/sv\/wp-json\/wp\/v2\/product_tag?post=46151"}],"curies":[{"name":"wp","href":"https:\/\/api.w.org\/{rel}","templated":true}]}}