{"id":46142,"date":"2023-10-25T23:47:03","date_gmt":"2023-10-25T15:47:03","guid":{"rendered":"https:\/\/gretasexylingerie.com\/?post_type=product&#038;p=46142"},"modified":"2023-10-25T23:48:33","modified_gmt":"2023-10-25T15:48:33","slug":"grossist-sexig-natklanning-rod-mesh-med-vit-plysch-trim","status":"publish","type":"product","link":"https:\/\/gretasexylingerie.com\/sv\/products\/wholesale-sexy-fishnet-dress-red-mesh-with-white-plush-trim\/","title":{"rendered":"Sexig n\u00e4tkl\u00e4nning i grossistledet: r\u00f6tt n\u00e4t med vita plyschkanter"},"content":{"rendered":"<ol class=\"wp-block-list\">\n<li>Festlig n\u00e4tdesign: V\u00e5r sexiga n\u00e4toutfit f\u00e5ngar semesterst\u00e4mningen med sitt livfulla r\u00f6da n\u00e4t, vilket s\u00e4kerst\u00e4ller att b\u00e4rare sticker ut under festliga evenemang.<\/li>\n\n\n\n<li>Axelbandsl\u00f6s siluett: Den axelbandsl\u00f6sa designen ger en touch av elegans och sofistikering, vilket g\u00f6r den till ett toppval f\u00f6r dem som s\u00f6ker en blandning av festlig charm och modernt mode.<\/li>\n\n\n\n<li>Funktion med exponerad midja: Den exponerade midjan erbjuder en kvav twist till den traditionella julkl\u00e4dseln, vilket skiljer denna kl\u00e4nning fr\u00e5n andra Halloween-dr\u00e4kter med fiskn\u00e4t.<\/li>\n\n\n\n<li>White Plush Trim: Denna klassiska jultouch kompletterar det r\u00f6da n\u00e4tet och l\u00e4gger till en festlig stil till den sexiga n\u00e4tkl\u00e4nningsdesignen.<\/li>\n\n\n\n<li>M\u00e5ngsidig och stilren: Perfekt f\u00f6r julfester, temaevenemang eller alla tillf\u00e4llen d\u00e4r en touch av festlig tjusning \u00f6nskas.<\/li>\n<\/ol>\n\n\n\n<p>Dyk in i julen med en twist. V\u00e5r sexiga n\u00e4tkl\u00e4nning, designad f\u00f6r den moderna \u00e5terf\u00f6rs\u00e4ljaren, kombinerar semestercharm med kvava designelement. F\u00f6rh\u00f6j din semestersamling genom att kontakta oss f\u00f6r grossistf\u00f6rfr\u00e5gningar.<\/p>","protected":false},"excerpt":{"rendered":"<p>Kliv in i julen med v\u00e5r sexiga n\u00e4tkl\u00e4nning i grossistledet. Denna bodysuit i r\u00f6d mesh, prydd med vita plyschdetaljer, erbjuder en axelbandsl\u00f6s design och exponerad midja, som blandar julcharm med kvav tjusning. Den \u00e4r idealisk f\u00f6r dem som s\u00f6ker en unik semesteroutfit med fiskn\u00e4t.<\/p>","protected":false},"featured_media":46150,"template":"","meta":[],"product_brand":[],"product_cat":[405,406,404],"product_tag":[984],"class_list":{"0":"post-46142","1":"product","2":"type-product","3":"status-publish","4":"has-post-thumbnail","6":"product_cat-wholesale-bodystocking","7":"product_cat-wholesale-fishnet-dress","8":"product_cat-sexy-stocking","9":"product_tag-halloween-costumes","10":"pa_color-red-women-sexy-lingerie","11":"pa_size-free","13":"first","14":"instock","15":"taxable","16":"shipping-taxable","17":"purchasable","18":"product-type-variable"},"tiered_pricing_type":"fixed","tiered_pricing_fixed_rules":[],"tiered_pricing_product_settings":{"layout":"default","base_unit_name":{"singular":null,"plural":null},"default_variation":{}},"tiered_pricing_minimum_quantity":null,"tiered_pricing_roles_data":[],"tiered_pricing_percentage_rules":[],"tiered_pricing_maximum_quantity":null,"tiered_pricing_quantity_step":null,"_links":{"self":[{"href":"https:\/\/gretasexylingerie.com\/sv\/wp-json\/wp\/v2\/product\/46142","targetHints":{"allow":["GET"]}}],"collection":[{"href":"https:\/\/gretasexylingerie.com\/sv\/wp-json\/wp\/v2\/product"}],"about":[{"href":"https:\/\/gretasexylingerie.com\/sv\/wp-json\/wp\/v2\/types\/product"}],"wp:featuredmedia":[{"embeddable":true,"href":"https:\/\/gretasexylingerie.com\/sv\/wp-json\/wp\/v2\/media\/46150"}],"wp:attachment":[{"href":"https:\/\/gretasexylingerie.com\/sv\/wp-json\/wp\/v2\/media?parent=46142"}],"wp:term":[{"taxonomy":"product_brand","embeddable":true,"href":"https:\/\/gretasexylingerie.com\/sv\/wp-json\/wp\/v2\/product_brand?post=46142"},{"taxonomy":"product_cat","embeddable":true,"href":"https:\/\/gretasexylingerie.com\/sv\/wp-json\/wp\/v2\/product_cat?post=46142"},{"taxonomy":"product_tag","embeddable":true,"href":"https:\/\/gretasexylingerie.com\/sv\/wp-json\/wp\/v2\/product_tag?post=46142"}],"curies":[{"name":"wp","href":"https:\/\/api.w.org\/{rel}","templated":true}]}}