{"id":46087,"date":"2023-10-23T00:15:39","date_gmt":"2023-10-22T16:15:39","guid":{"rendered":"https:\/\/gretasexylingerie.com\/?post_type=product&#038;p=46087"},"modified":"2023-10-23T00:17:37","modified_gmt":"2023-10-22T16:17:37","slug":"grossist-vilda-lader-metall-kedja-sexig-pu-bh-set","status":"publish","type":"product","link":"https:\/\/gretasexylingerie.com\/sv\/products\/wholesale-wild-leather-metal-chain-sexy-pu-bra-set\/","title":{"rendered":"Partihandel Wild L\u00e4der Metal Chain Sexig PU BH Set"},"content":{"rendered":"<ol class=\"wp-block-list\">\n<li>Europeisk och amerikansk stil: V\u00e5ra vilda sexiga underkl\u00e4der i l\u00e4der f\u00e5ngar essensen av europeisk och amerikansk sensualitet. Designen kombinerar klassisk tjusning med en touch av modern edginess, vilket g\u00f6r den till ett toppval f\u00f6r dem som s\u00f6ker en blandning av dj\u00e4rvhet och elegans.<\/li>\n\n\n\n<li>V\u00e5gad selestil: Designen i selestilen erbjuder v\u00e5gad charm och skiljer den fr\u00e5n traditionella underkl\u00e4der. Dess intrikata design s\u00e4kerst\u00e4ller en enast\u00e5ende \u00f6verklagande f\u00f6r de speciella n\u00e4tterna.<\/li>\n\n\n\n<li>Edgy Metal Chain Accenter: Metallkedjeaccenterna l\u00e4gger till en touch av robust sofistikering och f\u00e5ngar den dubbla naturen hos den lekfulla och f\u00f6rf\u00f6riska frestaren.<\/li>\n\n\n\n<li>No-Cup &amp; Super Sexy: No-cup-funktionen, kompletterad med den supersexiga designen, erbjuder komfort och stil, vilket s\u00e4kerst\u00e4ller att b\u00e4rarna k\u00e4nner sig trygga och lockande.<\/li>\n\n\n\n<li>Komplett ensemble: Fr\u00e5n den definierande beh\u00e5n och strumpebandsb\u00e4ltet till de kompletterande trosor och br\u00f6stv\u00e5rtor, varje del i detta set kompletterar det \u00f6vergripande utseendet och erbjuder kunderna en komplett rollspelsupplevelse.<\/li>\n<\/ol>\n\n\n\n<p>Ut\u00f6ka din detaljhandelskollektion med v\u00e5ra vilda sexiga underkl\u00e4der i l\u00e4der, som blandar europeisk och amerikansk elegans med moderna material. Dyk in i v\u00e4rlden av PU-uniforma outfits med denna ensemble. Kontakta oss f\u00f6r grossistf\u00f6rfr\u00e5gningar och lyft ditt sortiment.<\/p>","protected":false},"excerpt":{"rendered":"<p>Omfamna dj\u00e4rvheten med v\u00e5rt inspirerade, sexiga PU-bh-set. Detta set \u00e4r symbolen f\u00f6r vild tjusning, designad i en selestil med metallkedjor och en no-cup-funktion. Dyk in i en ber\u00e4ttelse om v\u00e5gad elegans och o\u00f6vertr\u00e4ffad f\u00f6rf\u00f6relse.<\/p>","protected":false},"featured_media":46095,"template":"","meta":[],"product_brand":[],"product_cat":[368,380,367,376],"product_tag":[],"class_list":{"0":"post-46087","1":"product","2":"type-product","3":"status-publish","4":"has-post-thumbnail","6":"product_cat-bra-panty-set","7":"product_cat-wholesale-harness-bra-and-panty-set","8":"product_cat-sexy-lingerie","9":"product_cat-wholesale-ultra-sexy-bra-panty-set","10":"pa_color-black","11":"pa_size-free","13":"first","14":"instock","15":"taxable","16":"shipping-taxable","17":"purchasable","18":"product-type-variable"},"tiered_pricing_type":"fixed","tiered_pricing_fixed_rules":[],"tiered_pricing_product_settings":{"layout":"default","base_unit_name":{"singular":null,"plural":null},"default_variation":{}},"tiered_pricing_minimum_quantity":null,"tiered_pricing_roles_data":[],"tiered_pricing_percentage_rules":[],"tiered_pricing_maximum_quantity":null,"tiered_pricing_quantity_step":null,"_links":{"self":[{"href":"https:\/\/gretasexylingerie.com\/sv\/wp-json\/wp\/v2\/product\/46087","targetHints":{"allow":["GET"]}}],"collection":[{"href":"https:\/\/gretasexylingerie.com\/sv\/wp-json\/wp\/v2\/product"}],"about":[{"href":"https:\/\/gretasexylingerie.com\/sv\/wp-json\/wp\/v2\/types\/product"}],"wp:featuredmedia":[{"embeddable":true,"href":"https:\/\/gretasexylingerie.com\/sv\/wp-json\/wp\/v2\/media\/46095"}],"wp:attachment":[{"href":"https:\/\/gretasexylingerie.com\/sv\/wp-json\/wp\/v2\/media?parent=46087"}],"wp:term":[{"taxonomy":"product_brand","embeddable":true,"href":"https:\/\/gretasexylingerie.com\/sv\/wp-json\/wp\/v2\/product_brand?post=46087"},{"taxonomy":"product_cat","embeddable":true,"href":"https:\/\/gretasexylingerie.com\/sv\/wp-json\/wp\/v2\/product_cat?post=46087"},{"taxonomy":"product_tag","embeddable":true,"href":"https:\/\/gretasexylingerie.com\/sv\/wp-json\/wp\/v2\/product_tag?post=46087"}],"curies":[{"name":"wp","href":"https:\/\/api.w.org\/{rel}","templated":true}]}}