{"id":46032,"date":"2023-10-21T22:00:56","date_gmt":"2023-10-21T14:00:56","guid":{"rendered":"https:\/\/gretasexylingerie.com\/?post_type=product&#038;p=46032"},"modified":"2023-10-21T22:02:24","modified_gmt":"2023-10-21T14:02:24","slug":"grossist-svart-pu-stygg-fransk-piga-uniform-set","status":"publish","type":"product","link":"https:\/\/gretasexylingerie.com\/sv\/products\/wholesale-black-pu-naughty-french-maid-uniform-set\/","title":{"rendered":"Partihandel svart PU stygg franska Maid Uniform Set"},"content":{"rendered":"<ol class=\"wp-block-list\">\n<li>Klassiskt m\u00f6ter modernt: V\u00e5r sexiga pigauniform blandar s\u00f6ml\u00f6st den traditionella franska pigalooken med moderna material. Den franska Halloween-dr\u00e4ktdesignen erbjuder en unik blandning av klassisk service och modern tjusning, vilket g\u00f6r den till ett toppval f\u00f6r temaevenemang.<\/li>\n\n\n\n<li>Sultry Black PU-kjol: Den erbjuder modern charm, som skiljer den fr\u00e5n traditionella pigakl\u00e4der. Dess eleganta och gl\u00e4nsande design s\u00e4kerst\u00e4ller en enast\u00e5ende tilltalande f\u00f6r de v\u00e5gade n\u00e4tterna.<\/li>\n\n\n\n<li>Elegant vitt transparent mesh: De vita genomskinliga mesh-axlarna l\u00e4gger till en touch av oskuld och elegans, och f\u00e5ngar den lekfulla sidan av den klassiska hem-looken.<\/li>\n\n\n\n<li>Komplett tillbeh\u00f6rsensemble: Fr\u00e5n den definierande pigahatten och b\u00e4ltet till den unika stickan och kompletterande trosan, varje tillbeh\u00f6r i detta set kompletterar helhetslooken och erbjuder kunderna en komplett rollspelsupplevelse.<\/li>\n\n\n\n<li>Grossistf\u00f6rberedd: Skr\u00e4ddarsydd f\u00f6r grossisthandel, den h\u00e4r stygga franska jungfruuniformen kommer att bli ett b\u00e4sts\u00e4ljande f\u00f6rem\u00e5l. Det \u00e4r mer \u00e4n bara en kostym; den f\u00f6rkroppsligar fantasi och lekfull utforskning.<\/li>\n<\/ol>\n\n\n\n<p>Ut\u00f6ka din detaljhandelskollektion med v\u00e5ra stygga franska st\u00e4dkl\u00e4der, som blandar klassisk elegans med moderna material. Dyk in i en v\u00e4rld av piga cosplay-outfits med denna ensemble. Kontakta oss f\u00f6r grossistf\u00f6rfr\u00e5gningar och lyft ditt sortiment.<\/p>","protected":false},"excerpt":{"rendered":"<p>Kliv in i en v\u00e4rld av service och lockelse med v\u00e5r sexiga jungfru-cosplay-uniform, perfekt f\u00f6r Halloween och temaevenemang. Denna svarta PU-kjol tillsammans med vita transparenta mesh-axlar f\u00e5ngar essensen av den klassiska franska hembitr\u00e4det med en modern twist. Dyk ner i en ber\u00e4ttelse om elegans och lekfull frestelse.<\/p>","protected":false},"featured_media":46041,"template":"","meta":[],"product_brand":[],"product_cat":[974],"product_tag":[980],"class_list":{"0":"post-46032","1":"product","2":"type-product","3":"status-publish","4":"has-post-thumbnail","6":"product_cat-wholesale-sexy-costumes","7":"product_tag-maid-costumes","8":"pa_color-black","9":"pa_size-free","11":"first","12":"instock","13":"taxable","14":"shipping-taxable","15":"purchasable","16":"product-type-variable"},"tiered_pricing_type":"fixed","tiered_pricing_fixed_rules":[],"tiered_pricing_product_settings":{"layout":"default","base_unit_name":{"singular":null,"plural":null},"default_variation":{}},"tiered_pricing_minimum_quantity":null,"tiered_pricing_roles_data":[],"tiered_pricing_percentage_rules":[],"tiered_pricing_maximum_quantity":null,"tiered_pricing_quantity_step":null,"_links":{"self":[{"href":"https:\/\/gretasexylingerie.com\/sv\/wp-json\/wp\/v2\/product\/46032","targetHints":{"allow":["GET"]}}],"collection":[{"href":"https:\/\/gretasexylingerie.com\/sv\/wp-json\/wp\/v2\/product"}],"about":[{"href":"https:\/\/gretasexylingerie.com\/sv\/wp-json\/wp\/v2\/types\/product"}],"wp:featuredmedia":[{"embeddable":true,"href":"https:\/\/gretasexylingerie.com\/sv\/wp-json\/wp\/v2\/media\/46041"}],"wp:attachment":[{"href":"https:\/\/gretasexylingerie.com\/sv\/wp-json\/wp\/v2\/media?parent=46032"}],"wp:term":[{"taxonomy":"product_brand","embeddable":true,"href":"https:\/\/gretasexylingerie.com\/sv\/wp-json\/wp\/v2\/product_brand?post=46032"},{"taxonomy":"product_cat","embeddable":true,"href":"https:\/\/gretasexylingerie.com\/sv\/wp-json\/wp\/v2\/product_cat?post=46032"},{"taxonomy":"product_tag","embeddable":true,"href":"https:\/\/gretasexylingerie.com\/sv\/wp-json\/wp\/v2\/product_tag?post=46032"}],"curies":[{"name":"wp","href":"https:\/\/api.w.org\/{rel}","templated":true}]}}