{"id":46014,"date":"2023-10-21T20:15:24","date_gmt":"2023-10-21T12:15:24","guid":{"rendered":"https:\/\/gretasexylingerie.com\/?post_type=product&#038;p=46014"},"modified":"2023-10-21T20:16:34","modified_gmt":"2023-10-21T12:16:34","slug":"grossist-sexig-student-halloween-kostym-med-kjol-set","status":"publish","type":"product","link":"https:\/\/gretasexylingerie.com\/sv\/products\/wholesale-sexy-student-halloween-costume-with-skirt-set\/","title":{"rendered":"Partihandel sexig student Halloween kostym med kjol Set"},"content":{"rendered":"<ol class=\"wp-block-list\">\n<li>Halloween &amp; Cosplay Ready: V\u00e5r studentoutfit symboliserar lekfull tjusning. Den sexiga cosplay-skolflickdesignen kombinerar den traditionella studentlooken med en touch av modern sensualitet, vilket g\u00f6r den till ett toppval f\u00f6r dem som s\u00f6ker en blandning av oskuld och f\u00f6rf\u00f6relse.<\/li>\n\n\n\n<li>Elegant Transparent Mesh-topp: Den genomskinliga l\u00e5ng\u00e4rmade toppen av mesh ger en glimt av modern charm och skiljer den fr\u00e5n traditionella studentkl\u00e4der. Dess unika design s\u00e4kerst\u00e4ller en enast\u00e5ende tilltalande f\u00f6r de v\u00e5gade n\u00e4tterna.<\/li>\n\n\n\n<li>Provocerande lila mesh-kjol: Den lila mesh-kjolen som avsl\u00f6jar rumpan f\u00e5ngar den lekfulla sidan av den klassiska studentlooken, och erbjuder en blandning av oskuld och lockelse som s\u00e4kerligen kommer att v\u00e4cka uppm\u00e4rksamhet.<\/li>\n\n\n\n<li>Komplett accessoarensemble: Fr\u00e5n de definierande glas\u00f6gonen och slipsen till den kompletterande trosan, varje tillbeh\u00f6r i denna upps\u00e4ttning kompletterar helhetslooken och erbjuder kunderna en komplett rollspelsupplevelse.<\/li>\n\n\n\n<li>Grossistf\u00f6rberedd: Skr\u00e4ddarsydd f\u00f6r grossisthandel, den h\u00e4r sexiga studentdr\u00e4kten f\u00f6r Halloween kommer att bli ett b\u00e4sts\u00e4ljande f\u00f6rem\u00e5l. Det \u00e4r mer \u00e4n bara en kostym; den f\u00f6rkroppsligar fantasi och lekfull utforskning.<\/li>\n<\/ol>\n\n\n\n<p>Ut\u00f6ka din detaljhandelskollektion med v\u00e5ra sexiga student-Halloweenkostymer, som blandar klassisk oskuld med modern tjusning. Dyk in i studenternas cosplay-outfits med denna ensemble. Kontakta oss f\u00f6r grossistf\u00f6rfr\u00e5gningar och lyft ditt sortiment.<\/p>","protected":false},"excerpt":{"rendered":"<p>Kliv in i fantasiv\u00e4rlden med v\u00e5r sexiga student Halloween-dr\u00e4kt, perfekt f\u00f6r Halloween och cosplay-evenemang. Denna genomskinliga l\u00e5ng\u00e4rmade topp i mesh tillsammans med en lila kjol som avsl\u00f6jar rumpan f\u00f6rkroppsligar den lekfulla studentens tjusning. Dyk ner i en ber\u00e4ttelse om oskuld och frestelser.<\/p>","protected":false},"featured_media":46018,"template":"","meta":[],"product_brand":[],"product_cat":[974],"product_tag":[984,976],"class_list":{"0":"post-46014","1":"product","2":"type-product","3":"status-publish","4":"has-post-thumbnail","6":"product_cat-wholesale-sexy-costumes","7":"product_tag-halloween-costumes","8":"product_tag-schoolgirl-costumes","9":"pa_color-black","10":"pa_size-free","12":"first","13":"instock","14":"taxable","15":"shipping-taxable","16":"purchasable","17":"product-type-variable"},"tiered_pricing_type":"fixed","tiered_pricing_fixed_rules":[],"tiered_pricing_product_settings":{"layout":"default","base_unit_name":{"singular":null,"plural":null},"default_variation":{}},"tiered_pricing_minimum_quantity":null,"tiered_pricing_roles_data":[],"tiered_pricing_percentage_rules":[],"tiered_pricing_maximum_quantity":null,"tiered_pricing_quantity_step":null,"_links":{"self":[{"href":"https:\/\/gretasexylingerie.com\/sv\/wp-json\/wp\/v2\/product\/46014","targetHints":{"allow":["GET"]}}],"collection":[{"href":"https:\/\/gretasexylingerie.com\/sv\/wp-json\/wp\/v2\/product"}],"about":[{"href":"https:\/\/gretasexylingerie.com\/sv\/wp-json\/wp\/v2\/types\/product"}],"wp:featuredmedia":[{"embeddable":true,"href":"https:\/\/gretasexylingerie.com\/sv\/wp-json\/wp\/v2\/media\/46018"}],"wp:attachment":[{"href":"https:\/\/gretasexylingerie.com\/sv\/wp-json\/wp\/v2\/media?parent=46014"}],"wp:term":[{"taxonomy":"product_brand","embeddable":true,"href":"https:\/\/gretasexylingerie.com\/sv\/wp-json\/wp\/v2\/product_brand?post=46014"},{"taxonomy":"product_cat","embeddable":true,"href":"https:\/\/gretasexylingerie.com\/sv\/wp-json\/wp\/v2\/product_cat?post=46014"},{"taxonomy":"product_tag","embeddable":true,"href":"https:\/\/gretasexylingerie.com\/sv\/wp-json\/wp\/v2\/product_tag?post=46014"}],"curies":[{"name":"wp","href":"https:\/\/api.w.org\/{rel}","templated":true}]}}