{"id":45998,"date":"2023-10-21T00:04:45","date_gmt":"2023-10-20T16:04:45","guid":{"rendered":"https:\/\/gretasexylingerie.com\/?post_type=product&#038;p=45998"},"modified":"2023-10-21T00:05:46","modified_gmt":"2023-10-20T16:05:46","slug":"grossist-vit-spets-kinky-piga-uniform-med-genomskinlig-gasvav-set","status":"publish","type":"product","link":"https:\/\/gretasexylingerie.com\/sv\/products\/wholesale-white-lace-kinky-maid-uniform-with-transparent-gauze-set\/","title":{"rendered":"Partihandel Vit spets Kinky Maid Uniform med genomskinlig gasv\u00e4v Set"},"content":{"rendered":"<ol class=\"wp-block-list\">\n<li>Klar f\u00f6r rollspel: V\u00e5r Cosmaid-outfit visar elegans och lockelse. Den grenl\u00f6sa franska hemtj\u00e4nstdesignen kombinerar tradition med en touch av modern sensualitet, vilket g\u00f6r den till ett toppval f\u00f6r dem som s\u00f6ker en blandning av service och f\u00f6rf\u00f6relse.<\/li>\n\n\n\n<li>Elegant vitblommig spets: Den vita blommiga spetsen erbjuder en touch av oskuld och skiljer den fr\u00e5n traditionella hembitr\u00e4deskl\u00e4der. Dess intrikata design s\u00e4kerst\u00e4ller en enast\u00e5ende \u00f6verklagande f\u00f6r de speciella n\u00e4tterna.<\/li>\n\n\n\n<li>Provocerande \u00f6ppen trosadesign: Den \u00f6ppna trosdesignen f\u00e5ngar den f\u00f6rf\u00f6riska sidan av den klassiska hem-looken, och erbjuder en blandning av elegans och lockelse som s\u00e4kerligen kommer att v\u00e4cka uppm\u00e4rksamhet.<\/li>\n\n\n\n<li>Komplett tillbeh\u00f6rsensemble: Fr\u00e5n det definierande pannbandet och halsringen till den unika \u00f6ppna trosan, varje tillbeh\u00f6r i denna upps\u00e4ttning kompletterar det \u00f6vergripande utseendet och erbjuder kunderna en komplett rollspelsupplevelse.<\/li>\n\n\n\n<li>Grossistf\u00f6rberedd* Denna Kinky Maid Uniform \u00e4r skr\u00e4ddarsydd f\u00f6r grossisthandel och kommer att bli en b\u00e4sts\u00e4ljande vara. Det \u00e4r mer \u00e4n bara en kostym; den f\u00f6rkroppsligar fantasi och lekfull utforskning.<\/li>\n<\/ol>\n\n\n\n<p>Ut\u00f6ka din detaljhandelskollektion med v\u00e5ra grenl\u00f6sa franska st\u00e4dkl\u00e4der, som blandar klassisk elegans med modern tjusning. Dyk in i v\u00e4rlden av piga rollspelskl\u00e4der med denna ensemble. Kontakta oss f\u00f6r grossistf\u00f6rfr\u00e5gningar och lyft ditt sortiment.<\/p>","protected":false},"excerpt":{"rendered":"<p>Omfamna tjusningen av service med v\u00e5r frily franska piga kl\u00e4nning, perfekt f\u00f6r speciella tillf\u00e4llen och rollspel. Denna vita blommiga spetsoutfit med transparent svart gasv\u00e4v och \u00f6ppen trosa f\u00e5ngar essensen av den provocerande hembitr\u00e4det. Dyk ner i en ber\u00e4ttelse om elegans och frestelser.<\/p>","protected":false},"featured_media":46007,"template":"","meta":[],"product_brand":[],"product_cat":[974],"product_tag":[984,980],"class_list":{"0":"post-45998","1":"product","2":"type-product","3":"status-publish","4":"has-post-thumbnail","6":"product_cat-wholesale-sexy-costumes","7":"product_tag-halloween-costumes","8":"product_tag-maid-costumes","9":"pa_color-white","10":"pa_size-free","12":"first","13":"instock","14":"taxable","15":"shipping-taxable","16":"purchasable","17":"product-type-variable"},"tiered_pricing_type":"fixed","tiered_pricing_fixed_rules":[],"tiered_pricing_product_settings":{"layout":"default","base_unit_name":{"singular":null,"plural":null},"default_variation":{}},"tiered_pricing_minimum_quantity":null,"tiered_pricing_roles_data":[],"tiered_pricing_percentage_rules":[],"tiered_pricing_maximum_quantity":null,"tiered_pricing_quantity_step":null,"_links":{"self":[{"href":"https:\/\/gretasexylingerie.com\/sv\/wp-json\/wp\/v2\/product\/45998","targetHints":{"allow":["GET"]}}],"collection":[{"href":"https:\/\/gretasexylingerie.com\/sv\/wp-json\/wp\/v2\/product"}],"about":[{"href":"https:\/\/gretasexylingerie.com\/sv\/wp-json\/wp\/v2\/types\/product"}],"wp:featuredmedia":[{"embeddable":true,"href":"https:\/\/gretasexylingerie.com\/sv\/wp-json\/wp\/v2\/media\/46007"}],"wp:attachment":[{"href":"https:\/\/gretasexylingerie.com\/sv\/wp-json\/wp\/v2\/media?parent=45998"}],"wp:term":[{"taxonomy":"product_brand","embeddable":true,"href":"https:\/\/gretasexylingerie.com\/sv\/wp-json\/wp\/v2\/product_brand?post=45998"},{"taxonomy":"product_cat","embeddable":true,"href":"https:\/\/gretasexylingerie.com\/sv\/wp-json\/wp\/v2\/product_cat?post=45998"},{"taxonomy":"product_tag","embeddable":true,"href":"https:\/\/gretasexylingerie.com\/sv\/wp-json\/wp\/v2\/product_tag?post=45998"}],"curies":[{"name":"wp","href":"https:\/\/api.w.org\/{rel}","templated":true}]}}