{"id":45988,"date":"2023-10-20T23:47:38","date_gmt":"2023-10-20T15:47:38","guid":{"rendered":"https:\/\/gretasexylingerie.com\/?post_type=product&#038;p=45988"},"modified":"2023-10-20T23:49:01","modified_gmt":"2023-10-20T15:49:01","slug":"grossist-sexig-svart-sjukskoterska-halloween-kostym-med-hoft-som-tacker-kjol-set","status":"publish","type":"product","link":"https:\/\/gretasexylingerie.com\/sv\/products\/wholesale-sexy-black-nurse-halloween-costume-with-hip-covering-skirt-set\/","title":{"rendered":"Partihandel sexig svart sjuksk\u00f6terska Halloween kostym med h\u00f6ft som t\u00e4cker kjol Set"},"content":{"rendered":"<ol class=\"wp-block-list\">\n<li>Halloween &amp; Cosplay Ready: V\u00e5r svarta sjuksk\u00f6terskeuniform symboliserar m\u00f6rk lockelse. Den sexiga kl\u00e4nningsdesignen f\u00f6r sjuksk\u00f6terskor kombinerar den traditionella sjuksk\u00f6terskelooken med en touch av modern sensualitet, vilket g\u00f6r den till ett toppval f\u00f6r dem som s\u00f6ker en blandning av omsorg och mystik.<\/li>\n\n\n\n<li>Elegant h\u00f6ftkjol: Den h\u00f6ftkjol erbjuder en blandning av blygsamhet och charm, vilket skiljer den fr\u00e5n traditionella sjuksk\u00f6terskekl\u00e4der. Dess unika design s\u00e4kerst\u00e4ller en enast\u00e5ende tilltalande f\u00f6r de v\u00e5gade n\u00e4tterna.<\/li>\n\n\n\n<li>Kort\u00e4rmad kostymdesign: Den kort\u00e4rmade toppen f\u00e5ngar essensen av den klassiska sjuksk\u00f6terskelooken samtidigt som den erbjuder en modern twist. Denna blandning av tradition och lockelse ger \u00e5terf\u00f6rs\u00e4ljare en unik produkt som sticker ut p\u00e5 marknaden.<\/li>\n\n\n\n<li>Komplett tillbeh\u00f6rsensemble: Fr\u00e5n det definierande pannbandet och b\u00e4ltet till de snygga n\u00e4tstrumpor och handskar, varje tillbeh\u00f6r i denna upps\u00e4ttning kompletterar det \u00f6vergripande utseendet och erbjuder kunderna en komplett rollspelsupplevelse.<\/li>\n\n\n\n<li>Grossistf\u00f6rberedd: Skr\u00e4ddarsydd f\u00f6r grossisthandel, denna sexiga svarta sjuksk\u00f6terskeuniform kommer att bli en b\u00e4sts\u00e4ljande vara. Det \u00e4r mer \u00e4n bara en kostym; den f\u00f6rkroppsligar fantasi och lekfull utforskning.<\/li>\n<\/ol>\n\n\n\n<p>Ut\u00f6ka din detaljhandelskollektion med v\u00e5ra sexiga Halloween-kostymer f\u00f6r sjuksk\u00f6terskor, som blandar klassisk v\u00e5rd med m\u00f6rk tjusning. Dyk in i v\u00e4rlden av cosplay-outfits f\u00f6r sjuksk\u00f6terskor med denna ensemble. Kontakta oss f\u00f6r grossistf\u00f6rfr\u00e5gningar och lyft ditt sortiment.<\/p>","protected":false},"excerpt":{"rendered":"<p>Kliv in i natten med v\u00e5r sexiga svarta sjuksk\u00f6terskedr\u00e4kt skr\u00e4ddarsydd f\u00f6r Halloween och cosplay-evenemang. Den h\u00e4r kort\u00e4rmade kostymen med en h\u00f6ftt\u00e4ckande kjol f\u00f6rkroppsligar den mystiska sjuksk\u00f6terskans tjusning. Dyk ner i en ber\u00e4ttelse om omsorg och m\u00f6rk charm.<\/p>","protected":false},"featured_media":45994,"template":"","meta":[],"product_brand":[],"product_cat":[974],"product_tag":[989],"class_list":{"0":"post-45988","1":"product","2":"type-product","3":"status-publish","4":"has-post-thumbnail","6":"product_cat-wholesale-sexy-costumes","7":"product_tag-nurse-costume","8":"pa_color-black","9":"pa_size-free","11":"first","12":"instock","13":"taxable","14":"shipping-taxable","15":"purchasable","16":"product-type-variable"},"tiered_pricing_type":"fixed","tiered_pricing_fixed_rules":[],"tiered_pricing_product_settings":{"layout":"default","base_unit_name":{"singular":null,"plural":null},"default_variation":{}},"tiered_pricing_minimum_quantity":null,"tiered_pricing_roles_data":[],"tiered_pricing_percentage_rules":[],"tiered_pricing_maximum_quantity":null,"tiered_pricing_quantity_step":null,"_links":{"self":[{"href":"https:\/\/gretasexylingerie.com\/sv\/wp-json\/wp\/v2\/product\/45988","targetHints":{"allow":["GET"]}}],"collection":[{"href":"https:\/\/gretasexylingerie.com\/sv\/wp-json\/wp\/v2\/product"}],"about":[{"href":"https:\/\/gretasexylingerie.com\/sv\/wp-json\/wp\/v2\/types\/product"}],"wp:featuredmedia":[{"embeddable":true,"href":"https:\/\/gretasexylingerie.com\/sv\/wp-json\/wp\/v2\/media\/45994"}],"wp:attachment":[{"href":"https:\/\/gretasexylingerie.com\/sv\/wp-json\/wp\/v2\/media?parent=45988"}],"wp:term":[{"taxonomy":"product_brand","embeddable":true,"href":"https:\/\/gretasexylingerie.com\/sv\/wp-json\/wp\/v2\/product_brand?post=45988"},{"taxonomy":"product_cat","embeddable":true,"href":"https:\/\/gretasexylingerie.com\/sv\/wp-json\/wp\/v2\/product_cat?post=45988"},{"taxonomy":"product_tag","embeddable":true,"href":"https:\/\/gretasexylingerie.com\/sv\/wp-json\/wp\/v2\/product_tag?post=45988"}],"curies":[{"name":"wp","href":"https:\/\/api.w.org\/{rel}","templated":true}]}}