{"id":45958,"date":"2023-10-20T22:38:32","date_gmt":"2023-10-20T14:38:32","guid":{"rendered":"https:\/\/gretasexylingerie.com\/?post_type=product&#038;p=45958"},"modified":"2023-10-20T22:39:42","modified_gmt":"2023-10-20T14:39:42","slug":"grossist-sexig-sjukskoterska-halloween-outfit-med-mesh-topp-set","status":"publish","type":"product","link":"https:\/\/gretasexylingerie.com\/sv\/products\/wholesale-sexy-nurse-halloween-outfit-with-mesh-top-set\/","title":{"rendered":"Grossist sexig sjuksk\u00f6terska Halloween outfit med Mesh Top Set"},"content":{"rendered":"<ol class=\"wp-block-list\">\n<li>Halloween redo: V\u00e5r sexiga sjuksk\u00f6terskedr\u00e4kt representerar Halloween-tjusning. Den vuxna sjuksk\u00f6terskedr\u00e4kten kombinerar tradition med modern sensualitet, vilket g\u00f6r den till ett toppval f\u00f6r dem som s\u00f6ker en blandning av v\u00e5rd och f\u00f6rf\u00f6relse.<\/li>\n\n\n\n<li>Sensuell Mesh genomskinlig topp: Den genomskinliga l\u00e5ng\u00e4rmade toppen ger en glimt av modern charm och skiljer den fr\u00e5n traditionella sjuksk\u00f6terskekl\u00e4der. Dess genomskinliga design s\u00e4kerst\u00e4ller ett enast\u00e5ende tilltal f\u00f6r de v\u00e5gade n\u00e4tterna.<\/li>\n\n\n\n<li>Omfattande tillbeh\u00f6rsensemble: Fr\u00e5n det definierande pannbandet och stetoskopet till de snygga n\u00e4tstrumpor och stringtrosor, varje tillbeh\u00f6r i denna upps\u00e4ttning kompletterar det \u00f6vergripande utseendet och erbjuder kunderna en komplett rollspelsupplevelse.<\/li>\n\n\n\n<li>Naughty Nurse Ber\u00e4ttelse: Denna outfit f\u00e5ngar den lekfulla och stygga sidan av den klassiska sjuksk\u00f6terskelooken. \u00c5terf\u00f6rs\u00e4ljare kan erbjuda en unik produkt som sticker ut p\u00e5 marknaden, speciellt under Halloween.<\/li>\n\n\n\n<li>Grossistf\u00f6rberedd: Skr\u00e4ddarsydd f\u00f6r grossisthandel, den h\u00e4r sexiga mesh-genomskinliga sjuksk\u00f6terskedr\u00e4kten kommer att bli ett b\u00e4sts\u00e4ljande f\u00f6rem\u00e5l. Det \u00e4r mer \u00e4n bara en kostym; den f\u00f6rkroppsligar fantasi och lekfull utforskning.<\/li>\n<\/ol>\n\n\n\n<p>Ut\u00f6ka din butikskollektion med v\u00e5ra stygga sjuksk\u00f6terskekostymer, som blandar klassisk v\u00e5rd med modern tjusning. Dyk in i en v\u00e4rld av sexiga Halloween-outfits f\u00f6r sjuksk\u00f6terskor med denna ensemble. Kontakta oss f\u00f6r grossistf\u00f6rfr\u00e5gningar och lyft ditt sortiment.<\/p>","protected":false},"excerpt":{"rendered":"<p>Kliv in i en fantasiv\u00e4rld med v\u00e5r vuxna sjuksk\u00f6terskedr\u00e4kt, perfekt f\u00f6r Halloween-firande. Denna genomskinliga l\u00e5ng\u00e4rmade topp, tillsammans med viktiga tillbeh\u00f6r, f\u00e5ngar essensen av den stygga sjuksk\u00f6terskan. Dyk ner i en ber\u00e4ttelse om omsorg och lockelse.<\/p>","protected":false},"featured_media":45966,"template":"","meta":[],"product_brand":[],"product_cat":[974],"product_tag":[989],"class_list":{"0":"post-45958","1":"product","2":"type-product","3":"status-publish","4":"has-post-thumbnail","6":"product_cat-wholesale-sexy-costumes","7":"product_tag-nurse-costume","8":"pa_color-white","9":"pa_size-free","11":"first","12":"instock","13":"taxable","14":"shipping-taxable","15":"purchasable","16":"product-type-variable"},"tiered_pricing_type":"fixed","tiered_pricing_fixed_rules":[],"tiered_pricing_product_settings":{"layout":"default","base_unit_name":{"singular":null,"plural":null},"default_variation":{}},"tiered_pricing_minimum_quantity":null,"tiered_pricing_roles_data":[],"tiered_pricing_percentage_rules":[],"tiered_pricing_maximum_quantity":null,"tiered_pricing_quantity_step":null,"_links":{"self":[{"href":"https:\/\/gretasexylingerie.com\/sv\/wp-json\/wp\/v2\/product\/45958","targetHints":{"allow":["GET"]}}],"collection":[{"href":"https:\/\/gretasexylingerie.com\/sv\/wp-json\/wp\/v2\/product"}],"about":[{"href":"https:\/\/gretasexylingerie.com\/sv\/wp-json\/wp\/v2\/types\/product"}],"wp:featuredmedia":[{"embeddable":true,"href":"https:\/\/gretasexylingerie.com\/sv\/wp-json\/wp\/v2\/media\/45966"}],"wp:attachment":[{"href":"https:\/\/gretasexylingerie.com\/sv\/wp-json\/wp\/v2\/media?parent=45958"}],"wp:term":[{"taxonomy":"product_brand","embeddable":true,"href":"https:\/\/gretasexylingerie.com\/sv\/wp-json\/wp\/v2\/product_brand?post=45958"},{"taxonomy":"product_cat","embeddable":true,"href":"https:\/\/gretasexylingerie.com\/sv\/wp-json\/wp\/v2\/product_cat?post=45958"},{"taxonomy":"product_tag","embeddable":true,"href":"https:\/\/gretasexylingerie.com\/sv\/wp-json\/wp\/v2\/product_tag?post=45958"}],"curies":[{"name":"wp","href":"https:\/\/api.w.org\/{rel}","templated":true}]}}