{"id":45949,"date":"2023-10-20T22:21:22","date_gmt":"2023-10-20T14:21:22","guid":{"rendered":"https:\/\/gretasexylingerie.com\/?post_type=product&#038;p=45949"},"modified":"2023-10-20T22:22:36","modified_gmt":"2023-10-20T14:22:36","slug":"grossist-spets-fransk-piga-kostym-med-transparent-topp-set","status":"publish","type":"product","link":"https:\/\/gretasexylingerie.com\/sv\/products\/wholesale-lace-french-maid-costume-with-transparent-top-set\/","title":{"rendered":"Grossist spets fransk piga kostym med transparent topp set"},"content":{"rendered":"<ol class=\"wp-block-list\">\n<li>Classic French Maid Appeal: V\u00e5r outfit f\u00f6rkroppsligar den tidl\u00f6sa lockelsen hos den franska hembitr\u00e4det. Den svarta franska hemkl\u00e4nningen kombinerar tradition med modern sensualitet, vilket g\u00f6r den till ett toppval f\u00f6r dem som s\u00f6ker en blandning av service och lockelse.<\/li>\n\n\n\n<li>Sensuell genomskinlig spetstopp: Den genomskinliga spets\u00f6verdelen ger en glimt av modern charm, och skiljer den fr\u00e5n traditionella hemkl\u00e4der. I kombination med den vita spetsdekorerade kjolen s\u00e4kerst\u00e4ller den en enast\u00e5ende attraktion.<\/li>\n\n\n\n<li>Detaljerade vita spetsdekorationer: De vita spetsdetaljerna p\u00e5 kjolen f\u00e5ngar essensen av den klassiska hem-looken. Denna blandning av oskuld och lockelse erbjuder \u00e5terf\u00f6rs\u00e4ljare en unik produkt som sticker ut.<\/li>\n\n\n\n<li>Omfattande tillbeh\u00f6rsensemble: Fr\u00e5n det definierande pannbandet och halsringen till det snygga f\u00f6rkl\u00e4det och n\u00e4tstrumpor, varje tillbeh\u00f6r i denna upps\u00e4ttning kompletterar det \u00f6vergripande utseendet och erbjuder kunderna en komplett rollspelsupplevelse.<\/li>\n\n\n\n<li>Grossistf\u00f6rberedd: Skr\u00e4ddarsydd f\u00f6r grossisthandel, denna franska spetsdr\u00e4kt kommer att bli ett b\u00e4sts\u00e4ljande f\u00f6rem\u00e5l. Det \u00e4r mer \u00e4n bara en kostym; den f\u00f6rkroppsligar fantasi och lekfull utforskning.<\/li>\n<\/ol>\n\n\n\n<p>Ut\u00f6ka din detaljhandelskollektion med v\u00e5r fr\u00e4cka st\u00e4ddr\u00e4kt som blandar klassisk charm med modern tjusning. Dyk in i en v\u00e4rld av franska hemdr\u00e4kter i spets med denna ensemble. Kontakta oss f\u00f6r grossistf\u00f6rfr\u00e5gningar och lyft ditt sortiment.<\/p>","protected":false},"excerpt":{"rendered":"<p>Avsl\u00f6ja elegans med v\u00e5r fr\u00e4cka st\u00e4dkl\u00e4der, perfekt f\u00f6r uppslukande rollspel. Den h\u00e4r svarta franska jungfrukl\u00e4nningen, prydd med en genomskinlig spetstopp och vit kjol, f\u00e5ngar klassisk tjusning. Dyk ner i en ber\u00e4ttelse om service och f\u00f6rf\u00f6relse.<\/p>","protected":false},"featured_media":45957,"template":"","meta":[],"product_brand":[],"product_cat":[974],"product_tag":[980],"class_list":{"0":"post-45949","1":"product","2":"type-product","3":"status-publish","4":"has-post-thumbnail","6":"product_cat-wholesale-sexy-costumes","7":"product_tag-maid-costumes","8":"pa_color-black","9":"pa_size-free","11":"first","12":"instock","13":"taxable","14":"shipping-taxable","15":"purchasable","16":"product-type-variable"},"tiered_pricing_type":"fixed","tiered_pricing_fixed_rules":[],"tiered_pricing_product_settings":{"layout":"default","base_unit_name":{"singular":null,"plural":null},"default_variation":{}},"tiered_pricing_minimum_quantity":null,"tiered_pricing_roles_data":[],"tiered_pricing_percentage_rules":[],"tiered_pricing_maximum_quantity":null,"tiered_pricing_quantity_step":null,"_links":{"self":[{"href":"https:\/\/gretasexylingerie.com\/sv\/wp-json\/wp\/v2\/product\/45949","targetHints":{"allow":["GET"]}}],"collection":[{"href":"https:\/\/gretasexylingerie.com\/sv\/wp-json\/wp\/v2\/product"}],"about":[{"href":"https:\/\/gretasexylingerie.com\/sv\/wp-json\/wp\/v2\/types\/product"}],"wp:featuredmedia":[{"embeddable":true,"href":"https:\/\/gretasexylingerie.com\/sv\/wp-json\/wp\/v2\/media\/45957"}],"wp:attachment":[{"href":"https:\/\/gretasexylingerie.com\/sv\/wp-json\/wp\/v2\/media?parent=45949"}],"wp:term":[{"taxonomy":"product_brand","embeddable":true,"href":"https:\/\/gretasexylingerie.com\/sv\/wp-json\/wp\/v2\/product_brand?post=45949"},{"taxonomy":"product_cat","embeddable":true,"href":"https:\/\/gretasexylingerie.com\/sv\/wp-json\/wp\/v2\/product_cat?post=45949"},{"taxonomy":"product_tag","embeddable":true,"href":"https:\/\/gretasexylingerie.com\/sv\/wp-json\/wp\/v2\/product_tag?post=45949"}],"curies":[{"name":"wp","href":"https:\/\/api.w.org\/{rel}","templated":true}]}}