{"id":45900,"date":"2023-10-18T22:34:21","date_gmt":"2023-10-18T14:34:21","guid":{"rendered":"https:\/\/gretasexylingerie.com\/?post_type=product&#038;p=45900"},"modified":"2023-12-09T15:54:31","modified_gmt":"2023-12-09T07:54:31","slug":"grossist-halloween-cosplay-piga-kostym","status":"publish","type":"product","link":"https:\/\/gretasexylingerie.com\/sv\/products\/wholesale-halloween-cosplay-maid-suit\/","title":{"rendered":"Genomskinlig Halloween Cosplay Maid Suit Ensemble med tillbeh\u00f6r i grossistledet"},"content":{"rendered":"<ol class=\"wp-block-list\">\n<li>Classic Maid Charm: Sexy Maid-temat f\u00e5ngar essensen av klassisk tjusning med en sensuell twist, vilket g\u00f6r det till ett f\u00e4ngslande val f\u00f6r Halloween-entusiaster. Designen s\u00e4kerst\u00e4ller en varaktig attraktionskraft i din detaljhandelskollektion, och inbjuder till en ber\u00e4ttelse om service och f\u00f6rf\u00f6relse.<\/li>\n\n\n\n<li>Sensuell Mesh-genomskinlig design: Den genomskinliga mesh-designen erbjuder ett unikt och f\u00e4ngslande utseende som l\u00e4gger till en touch av modern sensualitet till det tidl\u00f6sa hembitr\u00e4dets tema. Det \u00e4r ett utm\u00e4rkt val f\u00f6r \u00e5terf\u00f6rs\u00e4ljare som vill erbjuda ett brett utbud av fantasifulla kl\u00e4dsel.<\/li>\n\n\n\n<li>Komplett Cosplay Ensemble: Fr\u00e5n det definierande pannbandet och halsprydnaden till den lekfulla fj\u00e4derstickan och stringbyxorna, alla tillbeh\u00f6r i detta set har noggrant valts ut f\u00f6r att lyfta helhetslooken och erbjuda kunderna en komplett kostymupplevelse.<\/li>\n\n\n\n<li>H\u00f6gkvalitativa material: Tillverkad med k\u00e4nsla f\u00f6r detaljer, h\u00f6gkvalitativt mesh s\u00e4kerst\u00e4ller en bekv\u00e4m passform och en elegant finish, som skiljer denna kostym \u00e5t och erbjuder en lyxig k\u00e4nsla.<\/li>\n\n\n\n<li>Grossistf\u00f6rberedd: Skr\u00e4ddarsydd f\u00f6r grossisthandel, denna sexiga jungfrukostym \u00e4r redo att bli ett b\u00e4sts\u00e4ljande f\u00f6rem\u00e5l i din detaljhandelskollektion. Det \u00e4r mer \u00e4n bara en kostym; den f\u00f6rkroppsligar fantasi och lekfull utforskning.<\/li>\n<\/ol>\n\n\n\n<p>Ut\u00f6ka din detaljhandelskollektion med v\u00e5r sexiga hemdr\u00e4kt i grossistledet, en perfekt blandning av klassisk charm och modern sensualitet. Det \u00e4r ett idealiskt val f\u00f6r \u00e5terf\u00f6rs\u00e4ljare som erbjuder ett m\u00e5ngsidigt och fantasifullt utbud av kl\u00e4dsel. Kontakta oss f\u00f6r grossistf\u00f6rfr\u00e5gningar och ingjuta en touch av service och lockelse i ditt sortiment denna Halloween.<\/p>","protected":false},"excerpt":{"rendered":"<p>F\u00f6rdjupa dig i en v\u00e4rld av tjusning med v\u00e5r grossista Sexy Maid Suit f\u00f6r Halloween. Tillverkad med en genomskinlig n\u00e4tdesign, den h\u00e4r ensemblen \u00e4r ihopkopplad med en rad kompletterande tillbeh\u00f6r. Ett toppval f\u00f6r \u00e5terf\u00f6rs\u00e4ljare som str\u00e4var efter att erbjuda en blandning av klassisk charm och modern sensualitet.<\/p>\n<p>https:\/\/youtube.com\/shorts\/zhmJ0CHsE6k<\/p>","protected":false},"featured_media":45909,"template":"","meta":[],"product_brand":[],"product_cat":[974],"product_tag":[980],"class_list":{"0":"post-45900","1":"product","2":"type-product","3":"status-publish","4":"has-post-thumbnail","6":"product_cat-wholesale-sexy-costumes","7":"product_tag-maid-costumes","8":"pa_color-black","9":"pa_size-free","11":"first","12":"instock","13":"taxable","14":"shipping-taxable","15":"purchasable","16":"product-type-variable"},"tiered_pricing_type":"fixed","tiered_pricing_fixed_rules":[],"tiered_pricing_product_settings":{"layout":"default","base_unit_name":{"singular":null,"plural":null},"default_variation":{}},"tiered_pricing_minimum_quantity":null,"tiered_pricing_roles_data":[],"tiered_pricing_percentage_rules":[],"tiered_pricing_maximum_quantity":null,"tiered_pricing_quantity_step":null,"_links":{"self":[{"href":"https:\/\/gretasexylingerie.com\/sv\/wp-json\/wp\/v2\/product\/45900","targetHints":{"allow":["GET"]}}],"collection":[{"href":"https:\/\/gretasexylingerie.com\/sv\/wp-json\/wp\/v2\/product"}],"about":[{"href":"https:\/\/gretasexylingerie.com\/sv\/wp-json\/wp\/v2\/types\/product"}],"wp:featuredmedia":[{"embeddable":true,"href":"https:\/\/gretasexylingerie.com\/sv\/wp-json\/wp\/v2\/media\/45909"}],"wp:attachment":[{"href":"https:\/\/gretasexylingerie.com\/sv\/wp-json\/wp\/v2\/media?parent=45900"}],"wp:term":[{"taxonomy":"product_brand","embeddable":true,"href":"https:\/\/gretasexylingerie.com\/sv\/wp-json\/wp\/v2\/product_brand?post=45900"},{"taxonomy":"product_cat","embeddable":true,"href":"https:\/\/gretasexylingerie.com\/sv\/wp-json\/wp\/v2\/product_cat?post=45900"},{"taxonomy":"product_tag","embeddable":true,"href":"https:\/\/gretasexylingerie.com\/sv\/wp-json\/wp\/v2\/product_tag?post=45900"}],"curies":[{"name":"wp","href":"https:\/\/api.w.org\/{rel}","templated":true}]}}