{"id":45897,"date":"2023-10-18T22:58:28","date_gmt":"2023-10-18T14:58:28","guid":{"rendered":"https:\/\/gretasexylingerie.com\/?post_type=product&#038;p=45897"},"modified":"2023-10-18T22:59:25","modified_gmt":"2023-10-18T14:59:25","slug":"grossist-polisdrakt-for-halloween","status":"publish","type":"product","link":"https:\/\/gretasexylingerie.com\/sv\/products\/wholesale-police-costume-for-halloween\/","title":{"rendered":"Polisdr\u00e4kt i grossistledet f\u00f6r Halloween med metallaccent p\u00e5 br\u00f6stet"},"content":{"rendered":"<ol class=\"wp-block-list\">\n<li>Auktoritativ tjusning: Poliskvinna-temat f\u00e5ngar essensen av auktoritet och tjusning, vilket g\u00f6r det till ett enast\u00e5ende val f\u00f6r Halloween-entusiaster. Designen s\u00e4kerst\u00e4ller en varaktig attraktionskraft i din detaljhandelskollektion, och inbjuder till en ber\u00e4ttelse om kontroll och lekfull utforskning.<\/li>\n\n\n\n<li>Distinkta metallaccenter p\u00e5 br\u00f6stet: Tillbeh\u00f6ren i metall p\u00e5 br\u00f6stet erbjuder en unik och f\u00e4ngslande touch, och l\u00e4gger till en antydan av lyx och detaljer till det klassiska polistemat. Det \u00e4r ett utm\u00e4rkt val f\u00f6r \u00e5terf\u00f6rs\u00e4ljare som vill erbjuda ett brett utbud av fantasifulla kl\u00e4dsel.<\/li>\n\n\n\n<li>Omfattande tillbeh\u00f6rsupps\u00e4ttning: Fr\u00e5n den definierande polishatten och pistolen till de snygga handskarna och stringtrosorna, varje tillbeh\u00f6r i denna upps\u00e4ttning har noggrant valts ut f\u00f6r att komplettera det \u00f6vergripande utseendet och erbjuda kunderna en komplett kostymupplevelse.<\/li>\n\n\n\n<li>Hantverk av h\u00f6g kvalitet: Uppm\u00e4rksamhet p\u00e5 detaljer \u00e4r uppenbar i varje aspekt av denna kostym, fr\u00e5n att anv\u00e4nda h\u00f6gkvalitativa material till att inkludera ett h\u00f6lster och handbojor, vilket s\u00e4kerst\u00e4ller en bekv\u00e4m passform och en polerad finish.<\/li>\n\n\n\n<li>Grossistf\u00f6rberedd: Skr\u00e4ddarsydd f\u00f6r grossisthandel, denna poliskvinnadr\u00e4kt \u00e4r redo att bli ett b\u00e4sts\u00e4ljande f\u00f6rem\u00e5l i din detaljhandelskollektion. Det \u00e4r mer \u00e4n bara en kostym; den f\u00f6rkroppsligar fantasi och auktoritativ utforskning.<\/li>\n<\/ol>\n\n\n\n<p>Ut\u00f6ka din detaljhandelskollektion med v\u00e5r grossistdr\u00e4kt f\u00f6r poliskvinna, en perfekt blandning av auktoritativ charm och Halloween-festlighet. Det \u00e4r ett idealiskt val f\u00f6r \u00e5terf\u00f6rs\u00e4ljare som erbjuder ett m\u00e5ngsidigt och fantasifullt utbud av kl\u00e4dsel. Kontakta oss f\u00f6r grossistf\u00f6rfr\u00e5gningar och f\u00e5 en touch av juridik och lockelse till ditt sortiment denna jul.<\/p>","protected":false},"excerpt":{"rendered":"<p>Kliv in i rollen som auktoritet med v\u00e5r grossistdr\u00e4kt f\u00f6r poliskvinna f\u00f6r Halloween. Denna ensemble \u00e4r prydd med metalltillbeh\u00f6r fr\u00e5n br\u00f6stet och en omfattande upps\u00e4ttning kompletterande tillbeh\u00f6r. Ett f\u00f6rstklassigt val f\u00f6r \u00e5terf\u00f6rs\u00e4ljare som str\u00e4var efter att erbjuda en blandning av auktoritativ tjusning och festlig sensualitet.<\/p>","protected":false},"featured_media":45916,"template":"","meta":[],"product_brand":[],"product_cat":[974],"product_tag":[978],"class_list":{"0":"post-45897","1":"product","2":"type-product","3":"status-publish","4":"has-post-thumbnail","6":"product_cat-wholesale-sexy-costumes","7":"product_tag-policewoman-costume","8":"pa_color-black","9":"pa_size-free","11":"first","12":"instock","13":"taxable","14":"shipping-taxable","15":"purchasable","16":"product-type-variable"},"tiered_pricing_type":"fixed","tiered_pricing_fixed_rules":[],"tiered_pricing_product_settings":{"layout":"default","base_unit_name":{"singular":null,"plural":null},"default_variation":{}},"tiered_pricing_minimum_quantity":null,"tiered_pricing_roles_data":[],"tiered_pricing_percentage_rules":[],"tiered_pricing_maximum_quantity":null,"tiered_pricing_quantity_step":null,"_links":{"self":[{"href":"https:\/\/gretasexylingerie.com\/sv\/wp-json\/wp\/v2\/product\/45897","targetHints":{"allow":["GET"]}}],"collection":[{"href":"https:\/\/gretasexylingerie.com\/sv\/wp-json\/wp\/v2\/product"}],"about":[{"href":"https:\/\/gretasexylingerie.com\/sv\/wp-json\/wp\/v2\/types\/product"}],"wp:featuredmedia":[{"embeddable":true,"href":"https:\/\/gretasexylingerie.com\/sv\/wp-json\/wp\/v2\/media\/45916"}],"wp:attachment":[{"href":"https:\/\/gretasexylingerie.com\/sv\/wp-json\/wp\/v2\/media?parent=45897"}],"wp:term":[{"taxonomy":"product_brand","embeddable":true,"href":"https:\/\/gretasexylingerie.com\/sv\/wp-json\/wp\/v2\/product_brand?post=45897"},{"taxonomy":"product_cat","embeddable":true,"href":"https:\/\/gretasexylingerie.com\/sv\/wp-json\/wp\/v2\/product_cat?post=45897"},{"taxonomy":"product_tag","embeddable":true,"href":"https:\/\/gretasexylingerie.com\/sv\/wp-json\/wp\/v2\/product_tag?post=45897"}],"curies":[{"name":"wp","href":"https:\/\/api.w.org\/{rel}","templated":true}]}}