{"id":45888,"date":"2023-10-18T22:16:36","date_gmt":"2023-10-18T14:16:36","guid":{"rendered":"https:\/\/gretasexylingerie.com\/?post_type=product&#038;p=45888"},"modified":"2023-10-18T22:17:50","modified_gmt":"2023-10-18T14:17:50","slug":"grossist-sexig-kanin-bodysuit-med-genomskinlig-spets-ensemble","status":"publish","type":"product","link":"https:\/\/gretasexylingerie.com\/sv\/products\/wholesale-sexy-bunny-bodysuit-with-see-through-lace-ensemble\/","title":{"rendered":"Sexig kaninbody i grossistledet med genomskinlig spetsensemble"},"content":{"rendered":"<ol class=\"wp-block-list\">\n<li>Playful Bunny Allure: Bunny Girl-temat f\u00e5ngar en lekfull tjusning, vilket g\u00f6r det till ett enast\u00e5ende val f\u00f6r dem som vill hoppa in i en fantasiv\u00e4rld. Designen s\u00e4kerst\u00e4ller en varaktig attraktionskraft i din detaljhandelskollektion, och bjuder in en ber\u00e4ttelse om n\u00f6je och flirt.<\/li>\n\n\n\n<li>Sensuell genomskinlig spets: Den genomskinliga spetsdesignen erbjuder ett unikt och f\u00e4ngslande utseende som l\u00e4gger till en touch av sensualitet till det lekfulla kanintema. Det \u00e4r ett utm\u00e4rkt val f\u00f6r \u00e5terf\u00f6rs\u00e4ljare som vill erbjuda ett brett utbud av fantasifulla kl\u00e4dsel.<\/li>\n\n\n\n<li>Bekv\u00e4m och l\u00e4tt att ta av Design: Bodyn har en bekv\u00e4m \u00f6ppning, vilket s\u00e4kerst\u00e4ller l\u00e4tt att b\u00e4ra och ta av. Detta designelement skiljer kostymen \u00e5t och erbjuder b\u00e5de komfort och stil.<\/li>\n\n\n\n<li>Komplett ensemble: Tillsammans med ett definierande pannband f\u00f6r kanin\u00f6ron, ring med b\u00e5ge, armband och bodysuit, erbjuder detta set kunderna en komplett look, vilket s\u00e4kerst\u00e4ller att de har allt de beh\u00f6ver f\u00f6r en komplett kaninf\u00f6rvandling.<\/li>\n\n\n\n<li>Grossistf\u00f6rberedd: Skr\u00e4ddarsydd f\u00f6r grossisthandel, denna sexiga kaninflickabody \u00e4r redo att bli en b\u00e4sts\u00e4ljande artikel i din detaljhandelskollektion. Det \u00e4r mer \u00e4n bara en kostym; det \u00e4r en inbjudan till en v\u00e4rld av fantasi och lekfull utforskning.<\/li>\n<\/ol>\n\n\n\n<p>Ut\u00f6ka din detaljhandelskollektion med v\u00e5r grossist-sexiga kaninflickabody, en perfekt blandning av lekfull charm och modern sensualitet. Det \u00e4r ett idealiskt val f\u00f6r \u00e5terf\u00f6rs\u00e4ljare som erbjuder ett m\u00e5ngsidigt och fantasifullt utbud av kl\u00e4dsel. Kontakta oss f\u00f6r grossistf\u00f6rfr\u00e5gningar och l\u00e4gg till en touch av humle och lockelse till ditt sortiment.<\/p>","protected":false},"excerpt":{"rendered":"<p>Kliv in i en sf\u00e4r av tjusning med v\u00e5r grossist Bodysuit f\u00f6r Sexy Bunny Girl. Utsmyckad med svarta k\u00e4rleksknappar och genomskinlig spets, kompletteras den h\u00e4r ensemblen av en ring med b\u00e5ge och andra tillbeh\u00f6r. Ett utm\u00e4rkt val f\u00f6r \u00e5terf\u00f6rs\u00e4ljare som str\u00e4var efter att erbjuda en blandning av lekfull charm och modern sensualitet.<\/p>","protected":false},"featured_media":45896,"template":"","meta":[],"product_brand":[],"product_cat":[370,974,371,367],"product_tag":[1001,984],"class_list":{"0":"post-45888","1":"product","2":"type-product","3":"status-publish","4":"has-post-thumbnail","6":"product_cat-bodysuit","7":"product_cat-wholesale-sexy-costumes","8":"product_cat-wholesale-sexy-lace-bodysuit","9":"product_cat-sexy-lingerie","10":"product_tag-bunny-costumes","11":"product_tag-halloween-costumes","12":"pa_color-black","13":"pa_size-free","15":"first","16":"instock","17":"taxable","18":"shipping-taxable","19":"purchasable","20":"product-type-variable"},"tiered_pricing_type":"fixed","tiered_pricing_fixed_rules":[],"tiered_pricing_product_settings":{"layout":"default","base_unit_name":{"singular":null,"plural":null},"default_variation":{}},"tiered_pricing_minimum_quantity":null,"tiered_pricing_roles_data":[],"tiered_pricing_percentage_rules":[],"tiered_pricing_maximum_quantity":null,"tiered_pricing_quantity_step":null,"_links":{"self":[{"href":"https:\/\/gretasexylingerie.com\/sv\/wp-json\/wp\/v2\/product\/45888","targetHints":{"allow":["GET"]}}],"collection":[{"href":"https:\/\/gretasexylingerie.com\/sv\/wp-json\/wp\/v2\/product"}],"about":[{"href":"https:\/\/gretasexylingerie.com\/sv\/wp-json\/wp\/v2\/types\/product"}],"wp:featuredmedia":[{"embeddable":true,"href":"https:\/\/gretasexylingerie.com\/sv\/wp-json\/wp\/v2\/media\/45896"}],"wp:attachment":[{"href":"https:\/\/gretasexylingerie.com\/sv\/wp-json\/wp\/v2\/media?parent=45888"}],"wp:term":[{"taxonomy":"product_brand","embeddable":true,"href":"https:\/\/gretasexylingerie.com\/sv\/wp-json\/wp\/v2\/product_brand?post=45888"},{"taxonomy":"product_cat","embeddable":true,"href":"https:\/\/gretasexylingerie.com\/sv\/wp-json\/wp\/v2\/product_cat?post=45888"},{"taxonomy":"product_tag","embeddable":true,"href":"https:\/\/gretasexylingerie.com\/sv\/wp-json\/wp\/v2\/product_tag?post=45888"}],"curies":[{"name":"wp","href":"https:\/\/api.w.org\/{rel}","templated":true}]}}