{"id":45869,"date":"2023-10-18T21:32:50","date_gmt":"2023-10-18T13:32:50","guid":{"rendered":"https:\/\/gretasexylingerie.com\/?post_type=product&#038;p=45869"},"modified":"2023-10-18T21:34:00","modified_gmt":"2023-10-18T13:34:00","slug":"grossist-kaninbody-i-lacklader-med-djup-v","status":"publish","type":"product","link":"https:\/\/gretasexylingerie.com\/sv\/products\/wholesale-patent-leather-bunny-bodysuit-with-zippered-deep-v\/","title":{"rendered":"Grossist kaninbody med dragkedjef\u00f6rsedd djup V"},"content":{"rendered":"<ol class=\"wp-block-list\">\n<li>Lekfull Bunny Charm: Temat Bunny Bodysuit f\u00e5ngar en lekfull tjusning. Det \u00e4r ett enast\u00e5ende val f\u00f6r dem som vill hoppa in i en fantasiv\u00e4rld. Lackl\u00e4derdesignen s\u00e4kerst\u00e4ller en varaktig attraktionskraft i din detaljhandelskollektion, och bjuder in en ber\u00e4ttelse om n\u00f6je och flirt.<\/li>\n\n\n\n<li>Sultry Zippered Deep V: Den djupa V-designen med blixtl\u00e5s erbjuder ett unikt och f\u00e4ngslande utseende som l\u00e4gger till en touch av sensualitet till det lekfulla kanintema. Det \u00e4r ett utm\u00e4rkt val f\u00f6r \u00e5terf\u00f6rs\u00e4ljare som vill erbjuda ett brett utbud av fantasifulla kl\u00e4dsel.<\/li>\n\n\n\n<li>Komplett ensemble: Parat med ett definierande pannband och slips ger detta set kunderna ett komplett utseende, vilket s\u00e4kerst\u00e4ller att de har allt de beh\u00f6ver f\u00f6r en komplett kaninf\u00f6rvandling.<\/li>\n\n\n\n<li>H\u00f6gkvalitativt lackl\u00e4der: Lackl\u00e4dret ger en glansig och elegant finish till bodysuit, som skiljer denna kostym \u00e5t och erbjuder en lyxig k\u00e4nsla.<\/li>\n\n\n\n<li>Grossistf\u00f6rberedd: Skr\u00e4ddarsydd f\u00f6r grossisthandel \u00e4r denna kanin-bodysuit i patentl\u00e4der redo att bli en b\u00e4sts\u00e4ljande artikel i din detaljhandelskollektion. Det \u00e4r mer \u00e4n bara en kostym; det \u00e4r en inbjudan till en v\u00e4rld av fantasi och lekfull utforskning.<\/li>\n<\/ol>\n\n\n\n<p>Ut\u00f6ka din detaljhandelskollektion med v\u00e5r grossistbodysuit i patentl\u00e4der, en perfekt blandning av lekfull charm och modern sensualitet. Det \u00e4r ett idealiskt val f\u00f6r \u00e5terf\u00f6rs\u00e4ljare som erbjuder ett m\u00e5ngsidigt och fantasifullt utbud av kl\u00e4dsel. Kontakta oss f\u00f6r grossistf\u00f6rfr\u00e5gningar och l\u00e4gg till en touch av humle och lockelse till ditt sortiment.\u201d<\/p>","protected":false},"excerpt":{"rendered":"<p>Omfamna tjusningen med v\u00e5r kaninbody i lackl\u00e4der i grossistledet. Den h\u00e4r ensemblen har en djup V-design med dragkedja och kompletteras med ett pannband och slips. Ett utm\u00e4rkt urval f\u00f6r \u00e5terf\u00f6rs\u00e4ljare som str\u00e4var efter att erbjuda en blandning av lekfull charm och modern sensualitet.<\/p>","protected":false},"featured_media":45876,"template":"","meta":[],"product_brand":[],"product_cat":[974],"product_tag":[1001],"class_list":{"0":"post-45869","1":"product","2":"type-product","3":"status-publish","4":"has-post-thumbnail","6":"product_cat-wholesale-sexy-costumes","7":"product_tag-bunny-costumes","8":"pa_color-black","9":"pa_size-free","11":"first","12":"instock","13":"taxable","14":"shipping-taxable","15":"purchasable","16":"product-type-variable"},"tiered_pricing_type":"fixed","tiered_pricing_fixed_rules":[],"tiered_pricing_product_settings":{"layout":"default","base_unit_name":{"singular":null,"plural":null},"default_variation":{}},"tiered_pricing_minimum_quantity":null,"tiered_pricing_roles_data":[],"tiered_pricing_percentage_rules":[],"tiered_pricing_maximum_quantity":null,"tiered_pricing_quantity_step":null,"_links":{"self":[{"href":"https:\/\/gretasexylingerie.com\/sv\/wp-json\/wp\/v2\/product\/45869","targetHints":{"allow":["GET"]}}],"collection":[{"href":"https:\/\/gretasexylingerie.com\/sv\/wp-json\/wp\/v2\/product"}],"about":[{"href":"https:\/\/gretasexylingerie.com\/sv\/wp-json\/wp\/v2\/types\/product"}],"wp:featuredmedia":[{"embeddable":true,"href":"https:\/\/gretasexylingerie.com\/sv\/wp-json\/wp\/v2\/media\/45876"}],"wp:attachment":[{"href":"https:\/\/gretasexylingerie.com\/sv\/wp-json\/wp\/v2\/media?parent=45869"}],"wp:term":[{"taxonomy":"product_brand","embeddable":true,"href":"https:\/\/gretasexylingerie.com\/sv\/wp-json\/wp\/v2\/product_brand?post=45869"},{"taxonomy":"product_cat","embeddable":true,"href":"https:\/\/gretasexylingerie.com\/sv\/wp-json\/wp\/v2\/product_cat?post=45869"},{"taxonomy":"product_tag","embeddable":true,"href":"https:\/\/gretasexylingerie.com\/sv\/wp-json\/wp\/v2\/product_tag?post=45869"}],"curies":[{"name":"wp","href":"https:\/\/api.w.org\/{rel}","templated":true}]}}