{"id":45860,"date":"2023-10-18T21:12:45","date_gmt":"2023-10-18T13:12:45","guid":{"rendered":"https:\/\/gretasexylingerie.com\/?post_type=product&#038;p=45860"},"modified":"2023-10-18T21:14:01","modified_gmt":"2023-10-18T13:14:01","slug":"grossist-frestelse-av-polis-kostym-med-djupa-v-mesh-armar","status":"publish","type":"product","link":"https:\/\/gretasexylingerie.com\/sv\/products\/wholesale-temptation-of-police-suit-with-deep-v-mesh-sleeves\/","title":{"rendered":"Grossistf\u00f6rs\u00e4ljning Frestelse av polis kostym med djupa V &amp; Mesh \u00e4rmar"},"content":{"rendered":"<ol class=\"wp-block-list\">\n<li>Auktoritativ tjusning: Poliskvinna-temat f\u00e5ngar en auktoritativ tjusning, vilket g\u00f6r det till ett enast\u00e5ende val f\u00f6r dem som vill f\u00f6rkroppsliga makt och f\u00f6rf\u00f6relse. Designen s\u00e4kerst\u00e4ller en varaktig attraktionskraft i din detaljhandelskollektion, och inbjuder till en ber\u00e4ttelse om kontroll och lekfull utforskning.<\/li>\n\n\n\n<li>Sensuella djupa V &amp; Mesh-\u00e4rmar: Den djupa V-br\u00f6sten i kombination med transparenta l\u00e5nga \u00e4rmar i mesh ger en unik och f\u00e4ngslande look. Det \u00e4r ett utm\u00e4rkt val f\u00f6r \u00e5terf\u00f6rs\u00e4ljare som vill erbjuda ett brett utbud av fantasifulla kl\u00e4dsel.<\/li>\n\n\n\n<li>Omfattande tillbeh\u00f6rsupps\u00e4ttning: Fr\u00e5n den definierande polishatten och handbojorna till de snygga solglas\u00f6gonen och handskarna, alla tillbeh\u00f6r i detta set har noggrant valts ut f\u00f6r att lyfta det \u00f6vergripande utseendet och erbjuda kunderna en komplett kostymupplevelse.<\/li>\n\n\n\n<li>M\u00e5ngsidig ensemble: Att inkludera en leksakspistol och n\u00e4tstrumpor ger djup till ensemblen, skiljer den h\u00e4r kostymen \u00e5t och erbjuder flera stylingsalternativ.<\/li>\n\n\n\n<li>Grossistf\u00f6rberedd: Skr\u00e4ddarsydd f\u00f6r grossisthandel, denna Temptation of Policewoman Uniform \u00e4r redo att bli ett b\u00e4sts\u00e4ljande f\u00f6rem\u00e5l i din detaljhandelskollektion. Det \u00e4r mer \u00e4n bara en kostym; den f\u00f6rkroppsligar fantasi och lekfull utforskning.<\/li>\n<\/ol>\n\n\n\n<p>Ut\u00f6ka din detaljhandelskollektion med v\u00e5r Wholesale Temptation of Policewoman Uniform, en perfekt blandning av auktoritativ charm och modern sensualitet. Det \u00e4r ett idealiskt val f\u00f6r \u00e5terf\u00f6rs\u00e4ljare som erbjuder ett m\u00e5ngsidigt och fantasifullt utbud av kl\u00e4dsel. Kontakta oss f\u00f6r grossistf\u00f6rfr\u00e5gningar och f\u00e5 en touch av juridik och lockelse till ditt sortiment.<\/p>","protected":false},"excerpt":{"rendered":"<p>F\u00e5 uppm\u00e4rksamhet med v\u00e5r grossistf\u00f6rs\u00e4ljning Temptation of Policewoman Uniform. Denna kvinnliga officerskostym har en djup V-br\u00f6st och l\u00e5nga \u00e4rmar i transparent mesh. Tillsammans med olika tillbeh\u00f6r \u00e4r det ett utm\u00e4rkt val f\u00f6r \u00e5terf\u00f6rs\u00e4ljare som vill erbjuda en blandning av auktoritativ tjusning och modern sensualitet.<\/p>","protected":false},"featured_media":45864,"template":"","meta":[],"product_brand":[],"product_cat":[974],"product_tag":[978],"class_list":{"0":"post-45860","1":"product","2":"type-product","3":"status-publish","4":"has-post-thumbnail","6":"product_cat-wholesale-sexy-costumes","7":"product_tag-policewoman-costume","8":"pa_color-sea-green-women-sexy-lingerie","9":"pa_size-free","11":"first","12":"instock","13":"taxable","14":"shipping-taxable","15":"purchasable","16":"product-type-variable"},"tiered_pricing_type":"fixed","tiered_pricing_fixed_rules":[],"tiered_pricing_product_settings":{"layout":"default","base_unit_name":{"singular":null,"plural":null},"default_variation":{}},"tiered_pricing_minimum_quantity":null,"tiered_pricing_roles_data":[],"tiered_pricing_percentage_rules":[],"tiered_pricing_maximum_quantity":null,"tiered_pricing_quantity_step":null,"_links":{"self":[{"href":"https:\/\/gretasexylingerie.com\/sv\/wp-json\/wp\/v2\/product\/45860","targetHints":{"allow":["GET"]}}],"collection":[{"href":"https:\/\/gretasexylingerie.com\/sv\/wp-json\/wp\/v2\/product"}],"about":[{"href":"https:\/\/gretasexylingerie.com\/sv\/wp-json\/wp\/v2\/types\/product"}],"wp:featuredmedia":[{"embeddable":true,"href":"https:\/\/gretasexylingerie.com\/sv\/wp-json\/wp\/v2\/media\/45864"}],"wp:attachment":[{"href":"https:\/\/gretasexylingerie.com\/sv\/wp-json\/wp\/v2\/media?parent=45860"}],"wp:term":[{"taxonomy":"product_brand","embeddable":true,"href":"https:\/\/gretasexylingerie.com\/sv\/wp-json\/wp\/v2\/product_brand?post=45860"},{"taxonomy":"product_cat","embeddable":true,"href":"https:\/\/gretasexylingerie.com\/sv\/wp-json\/wp\/v2\/product_cat?post=45860"},{"taxonomy":"product_tag","embeddable":true,"href":"https:\/\/gretasexylingerie.com\/sv\/wp-json\/wp\/v2\/product_tag?post=45860"}],"curies":[{"name":"wp","href":"https:\/\/api.w.org\/{rel}","templated":true}]}}