{"id":45851,"date":"2023-10-18T01:00:55","date_gmt":"2023-10-17T17:00:55","guid":{"rendered":"https:\/\/gretasexylingerie.com\/?post_type=product&#038;p=45851"},"modified":"2023-10-18T01:02:34","modified_gmt":"2023-10-17T17:02:34","slug":"grossist-frestande-kvinnlig-larare-kostym-for-halloween","status":"publish","type":"product","link":"https:\/\/gretasexylingerie.com\/sv\/products\/wholesale-tempting-female-teacher-costume-for-halloween\/","title":{"rendered":"Grossist frestande kvinnlig l\u00e4rare kostym f\u00f6r Halloween"},"content":{"rendered":"<ol class=\"wp-block-list\">\n<li>Akademisk charm med en twist: Female Teacher-temat f\u00e5ngar en vetenskaplig lockelse med en sensuell twist, vilket g\u00f6r det till ett f\u00e4ngslande val f\u00f6r Halloween-entusiaster. Designen s\u00e4kerst\u00e4ller en varaktig attraktionskraft i din detaljhandelskollektion, och bjuder in en ber\u00e4ttelse om kunskap och lekfull utforskning.<\/li>\n\n\n\n<li>Sensuell genomskinlig topp: Den genomskinliga toppdesignen ger en modern touch till det traditionella l\u00e4rartemat och erbjuder ett unikt och f\u00e4ngslande utseende. Det \u00e4r ett utm\u00e4rkt val f\u00f6r \u00e5terf\u00f6rs\u00e4ljare som vill erbjuda ett brett utbud av fantasifulla kl\u00e4dsel.<\/li>\n\n\n\n<li>Komplett ensemble: Fr\u00e5n de intellektuella glas\u00f6gonen och slipsen till den avg\u00f6rande pekaren, varje tillbeh\u00f6r i denna upps\u00e4ttning har noggrant valts ut f\u00f6r att komplettera den \u00f6vergripande looken. Ensemblen s\u00e4kerst\u00e4ller att kunderna har allt de beh\u00f6ver f\u00f6r en komplett vetenskaplig look.<\/li>\n\n\n\n<li>H\u00f6ftt\u00e4ckande kjol: Den h\u00f6ftt\u00e4ckande kjolen ger en k\u00e4nsla av blygsamhet till ensemblen, skiljer den h\u00e4r kostymen \u00e5t och erbjuder flera stylingsalternativ.<\/li>\n\n\n\n<li>Grossistf\u00f6rberedd: Skr\u00e4ddarsydd f\u00f6r grossisthandel, denna frestande kvinnliga l\u00e4raredr\u00e4kt \u00e4r redo att bli en b\u00e4sts\u00e4ljande artikel i din detaljhandelskollektion. Det \u00e4r mer \u00e4n bara en kostym; det \u00e4r en inbjudan till en v\u00e4rld av fantasi och lekfull utforskning.<\/li>\n<\/ol>\n\n\n\n<p>Ut\u00f6ka din detaljhandelskollektion med v\u00e5r frestande kvinnliga l\u00e4raredr\u00e4kt i grossistledet, en perfekt blandning av akademisk charm och modern sensualitet. Det \u00e4r ett idealiskt val f\u00f6r \u00e5terf\u00f6rs\u00e4ljare som erbjuder ett m\u00e5ngsidigt och fantasifullt utbud av kl\u00e4dsel. Kontakta oss f\u00f6r grossistf\u00f6rfr\u00e5gningar och l\u00e4gg till en touch av kunskap och lockelse till ditt sortiment denna Halloween.<\/p>","protected":false},"excerpt":{"rendered":"<p>Kliv in i tjusningens klassrum med v\u00e5r frestande kvinnliga l\u00e4rares kostym i grossistledet f\u00f6r Halloween. Den h\u00e4r ensemblen har en genomskinlig topp och en h\u00f6ftt\u00e4ckande kjol, kompletteras med glas\u00f6gon, en slips, en pekare och trosa. Ett utm\u00e4rkt urval f\u00f6r \u00e5terf\u00f6rs\u00e4ljare som str\u00e4var efter att erbjuda en blandning av vetenskaplig charm och modern sensualitet.<\/p>","protected":false},"featured_media":45859,"template":"","meta":[],"product_brand":[],"product_cat":[974],"product_tag":[],"class_list":{"0":"post-45851","1":"product","2":"type-product","3":"status-publish","4":"has-post-thumbnail","6":"product_cat-wholesale-sexy-costumes","7":"pa_color-black","8":"pa_size-free","10":"first","11":"instock","12":"taxable","13":"shipping-taxable","14":"purchasable","15":"product-type-variable"},"tiered_pricing_type":"fixed","tiered_pricing_fixed_rules":[],"tiered_pricing_product_settings":{"layout":"default","base_unit_name":{"singular":null,"plural":null},"default_variation":{}},"tiered_pricing_minimum_quantity":null,"tiered_pricing_roles_data":[],"tiered_pricing_percentage_rules":[],"tiered_pricing_maximum_quantity":null,"tiered_pricing_quantity_step":null,"_links":{"self":[{"href":"https:\/\/gretasexylingerie.com\/sv\/wp-json\/wp\/v2\/product\/45851","targetHints":{"allow":["GET"]}}],"collection":[{"href":"https:\/\/gretasexylingerie.com\/sv\/wp-json\/wp\/v2\/product"}],"about":[{"href":"https:\/\/gretasexylingerie.com\/sv\/wp-json\/wp\/v2\/types\/product"}],"wp:featuredmedia":[{"embeddable":true,"href":"https:\/\/gretasexylingerie.com\/sv\/wp-json\/wp\/v2\/media\/45859"}],"wp:attachment":[{"href":"https:\/\/gretasexylingerie.com\/sv\/wp-json\/wp\/v2\/media?parent=45851"}],"wp:term":[{"taxonomy":"product_brand","embeddable":true,"href":"https:\/\/gretasexylingerie.com\/sv\/wp-json\/wp\/v2\/product_brand?post=45851"},{"taxonomy":"product_cat","embeddable":true,"href":"https:\/\/gretasexylingerie.com\/sv\/wp-json\/wp\/v2\/product_cat?post=45851"},{"taxonomy":"product_tag","embeddable":true,"href":"https:\/\/gretasexylingerie.com\/sv\/wp-json\/wp\/v2\/product_tag?post=45851"}],"curies":[{"name":"wp","href":"https:\/\/api.w.org\/{rel}","templated":true}]}}