{"id":45841,"date":"2023-10-18T00:35:59","date_gmt":"2023-10-17T16:35:59","guid":{"rendered":"https:\/\/gretasexylingerie.com\/?post_type=product&#038;p=45841"},"modified":"2023-10-18T00:37:10","modified_gmt":"2023-10-17T16:37:10","slug":"grossist-sexig-polis-halloween-bodysuit-med-tillbehor-set","status":"publish","type":"product","link":"https:\/\/gretasexylingerie.com\/sv\/products\/wholesale-sexy-policewoman-halloween-bodysuit-with-accessory-set\/","title":{"rendered":"Sexig polis i grossistledet Halloween Bodysuit med tillbeh\u00f6rsupps\u00e4ttning"},"content":{"rendered":"<ol class=\"wp-block-list\">\n<li>Auktoritativ charm: Temat sexig poliskvinna f\u00e5ngar en auktoritativ lockelse, vilket g\u00f6r det till ett enast\u00e5ende val f\u00f6r dem som s\u00f6ker uppm\u00e4rksamhet. Designen s\u00e4kerst\u00e4ller en varaktig attraktionskraft i din detaljhandelskollektion, och bjuder in en ber\u00e4ttelse om kraft och lekfull utforskning.<\/li>\n\n\n\n<li>Detaljerad bodysuitdesign: Den l\u00e5ng\u00e4rmade bodyn med en djup V-dragkedja erbjuder en unik och f\u00e4ngslande look. Det \u00e4r ett utm\u00e4rkt val f\u00f6r \u00e5terf\u00f6rs\u00e4ljare som vill erbjuda ett brett utbud av fantasifulla kl\u00e4dsel.<\/li>\n\n\n\n<li>Omfattande tillbeh\u00f6rsupps\u00e4ttning: Fr\u00e5n den definierande polishatten och handbojorna till de snygga solglas\u00f6gonen och n\u00e4tstrumpor, varje tillbeh\u00f6r i detta set har noggrant valts ut f\u00f6r att lyfta det \u00f6vergripande utseendet och erbjuda kunderna en komplett kostymupplevelse.<\/li>\n\n\n\n<li>M\u00e5ngsidig ensemble: B\u00e4ltesh\u00e4ngslen ger en k\u00e4nsla av m\u00e5ngsidighet till ensemblen, skiljer den h\u00e4r kostymen \u00e5t och erbjuder flera stylingsalternativ.<\/li>\n\n\n\n<li>Grossistf\u00f6rberedd: Skr\u00e4ddarsydd f\u00f6r grossisthandel, denna sexiga polisuniform \u00e4r redo att bli en b\u00e4sts\u00e4ljande vara i din detaljhandelskollektion. Det \u00e4r mer \u00e4n bara en kostym; den f\u00f6rkroppsligar fantasi och lekfull utforskning.<\/li>\n<\/ol>\n\n\n\n<p>Ut\u00f6ka din detaljhandelskollektion med v\u00e5r sexiga polisuniform i grossistledet, en perfekt blandning av auktoritativ charm och modern sensualitet. Det \u00e4r ett idealiskt val f\u00f6r \u00e5terf\u00f6rs\u00e4ljare som erbjuder ett m\u00e5ngsidigt och fantasifullt utbud av kl\u00e4dsel. Kontakta oss f\u00f6r grossistf\u00f6rfr\u00e5gningar och f\u00e5 en touch av juridik och lockelse till ditt sortiment denna Halloween.<\/p>","protected":false},"excerpt":{"rendered":"<p>Framtvinga tjusningen med v\u00e5r sexiga polisuniform i grossistledet f\u00f6r Halloween. Denna l\u00e5ng\u00e4rmade body med djup V-dragkedja kommer med olika tillbeh\u00f6r, fr\u00e5n en polishatt till handbojor. Ett utm\u00e4rkt urval f\u00f6r \u00e5terf\u00f6rs\u00e4ljare som str\u00e4var efter att erbjuda en blandning av auktoritativ charm och modern sensualitet.<\/p>","protected":false},"featured_media":45846,"template":"","meta":[],"product_brand":[],"product_cat":[974],"product_tag":[978],"class_list":{"0":"post-45841","1":"product","2":"type-product","3":"status-publish","4":"has-post-thumbnail","6":"product_cat-wholesale-sexy-costumes","7":"product_tag-policewoman-costume","8":"pa_color-black","9":"pa_size-free","11":"first","12":"instock","13":"taxable","14":"shipping-taxable","15":"purchasable","16":"product-type-variable"},"tiered_pricing_type":"fixed","tiered_pricing_fixed_rules":[],"tiered_pricing_product_settings":{"layout":"default","base_unit_name":{"singular":null,"plural":null},"default_variation":{}},"tiered_pricing_minimum_quantity":null,"tiered_pricing_roles_data":[],"tiered_pricing_percentage_rules":[],"tiered_pricing_maximum_quantity":null,"tiered_pricing_quantity_step":null,"_links":{"self":[{"href":"https:\/\/gretasexylingerie.com\/sv\/wp-json\/wp\/v2\/product\/45841","targetHints":{"allow":["GET"]}}],"collection":[{"href":"https:\/\/gretasexylingerie.com\/sv\/wp-json\/wp\/v2\/product"}],"about":[{"href":"https:\/\/gretasexylingerie.com\/sv\/wp-json\/wp\/v2\/types\/product"}],"wp:featuredmedia":[{"embeddable":true,"href":"https:\/\/gretasexylingerie.com\/sv\/wp-json\/wp\/v2\/media\/45846"}],"wp:attachment":[{"href":"https:\/\/gretasexylingerie.com\/sv\/wp-json\/wp\/v2\/media?parent=45841"}],"wp:term":[{"taxonomy":"product_brand","embeddable":true,"href":"https:\/\/gretasexylingerie.com\/sv\/wp-json\/wp\/v2\/product_brand?post=45841"},{"taxonomy":"product_cat","embeddable":true,"href":"https:\/\/gretasexylingerie.com\/sv\/wp-json\/wp\/v2\/product_cat?post=45841"},{"taxonomy":"product_tag","embeddable":true,"href":"https:\/\/gretasexylingerie.com\/sv\/wp-json\/wp\/v2\/product_tag?post=45841"}],"curies":[{"name":"wp","href":"https:\/\/api.w.org\/{rel}","templated":true}]}}