{"id":45797,"date":"2023-10-17T23:07:28","date_gmt":"2023-10-17T15:07:28","guid":{"rendered":"https:\/\/gretasexylingerie.com\/?post_type=product&#038;p=45797"},"modified":"2024-07-31T00:52:39","modified_gmt":"2024-07-30T16:52:39","slug":"grossist-leopardmonstrad-catwoman-bh-set-med-tillbehor","status":"publish","type":"product","link":"https:\/\/gretasexylingerie.com\/sv\/products\/wholesale-leopard-print-catwoman-bra-set-with-accessories\/","title":{"rendered":"Leopardtryck i grossistledet Catwoman BH Set med tillbeh\u00f6r"},"content":{"rendered":"<ol class=\"wp-block-list\">\n<li>Feline Allure: Catwoman-temat f\u00e5ngar en katttjusning, vilket g\u00f6r det till ett f\u00e4ngslande val f\u00f6r dem som s\u00f6ker en blandning av mystik och sensualitet. Designen s\u00e4kerst\u00e4ller en varaktig dragningskraft i din detaljhandelskollektion, och bjuder in en ber\u00e4ttelse om vild fantasi och lekfull utforskning.<\/li>\n\n\n\n<li>Sensuell l\u00e4der-bh: l\u00e4der-bh:n ger en touch av lyx och erbjuder en smickrande siluett, vilket g\u00f6r den till ett \u00f6nskv\u00e4rt val f\u00f6r ett brett spektrum av kunder. Det \u00e4r ett utm\u00e4rkt val f\u00f6r \u00e5terf\u00f6rs\u00e4ljare som vill erbjuda ett brett utbud av fantasifulla kl\u00e4dsel.<\/li>\n\n\n\n<li>Komplett ensemble: Fr\u00e5n det lekfulla kattpannbandet till den definierande svansen, varje del i det h\u00e4r setet har noggrant designats f\u00f6r att komplettera det \u00f6vergripande utseendet. Ensemblen s\u00e4kerst\u00e4ller att kunderna har allt de beh\u00f6ver f\u00f6r ett komplett kattutseende.<\/li>\n\n\n\n<li>F\u00f6rberedd f\u00f6r barprestanda: Detta Leopardm\u00f6nstrade Catwoman-bh-set \u00e4r framtaget speciellt f\u00f6r barframtr\u00e4danden och inbjuder slutkonsumenter att f\u00f6rdjupa sig i sina fantasier. Det \u00e4r ett utm\u00e4rkt val f\u00f6r \u00e5terf\u00f6rs\u00e4ljare som vill erbjuda m\u00e5ngsidig, fantasifull kl\u00e4dsel f\u00f6r nattlivet.<\/li>\n\n\n\n<li>Klart f\u00f6r grossisthandel: Med fokus p\u00e5 grossisthandel \u00e4r detta Leopardm\u00f6nstrade Catwoman-bh-set redo att bli ett hett s\u00e4ljande f\u00f6rem\u00e5l i din detaljhandelskollektion. Det \u00e4r mer \u00e4n bara en kostym; det \u00e4r en inbjudan till en v\u00e4rld av fantasi och lekfull utforskning.<\/li>\n<\/ol>\n\n\n\n<p>Ut\u00f6ka din detaljhandelskollektion med v\u00e5rt Catwoman-bh-set i grossistledet med leopardtryck, en perfekt blandning av kattlig charm och modern elegans. Det \u00e4r ett idealiskt val f\u00f6r \u00e5terf\u00f6rs\u00e4ljare som erbjuder ett m\u00e5ngsidigt och fantasifullt utbud av kl\u00e4dsel. Kontakta oss f\u00f6r grossistf\u00f6rfr\u00e5gningar och l\u00e4gg till en touch av vild elegans till ditt sortiment idag.<\/p>","protected":false},"excerpt":{"rendered":"<p>Sl\u00e4pp l\u00f6s den vilda sidan med v\u00e5rt Leopard Print Catwoman BH Set i grossistledet. Detta bh-set i l\u00e4der \u00e4r designat f\u00f6r barupptr\u00e4danden och kompletteras med ett pannband f\u00f6r katt, trosor och en svans. Ett utm\u00e4rkt urval f\u00f6r \u00e5terf\u00f6rs\u00e4ljare som str\u00e4var efter att erbjuda en blandning av katttjusande och modern elegans.<\/p>","protected":false},"featured_media":45804,"template":"","meta":[],"product_brand":[],"product_cat":[368,974,367,375],"product_tag":[1006,869,1005],"class_list":{"0":"post-45797","1":"product","2":"type-product","3":"status-publish","4":"has-post-thumbnail","6":"product_cat-bra-panty-set","7":"product_cat-wholesale-sexy-costumes","8":"product_cat-sexy-lingerie","9":"product_cat-whoelsale-sheer-bra-and-panty-sets","10":"product_tag-animal-costumes","11":"product_tag-sexy-animal-print-lingerie","12":"product_tag-sexy-cat-costumes","13":"pa_color-black","14":"pa_size-free","16":"first","17":"outofstock","18":"taxable","19":"shipping-taxable","20":"purchasable","21":"product-type-variable"},"tiered_pricing_type":"fixed","tiered_pricing_fixed_rules":[],"tiered_pricing_product_settings":{"layout":"default","base_unit_name":{"singular":null,"plural":null},"default_variation":{}},"tiered_pricing_minimum_quantity":null,"tiered_pricing_roles_data":[],"tiered_pricing_percentage_rules":[],"tiered_pricing_maximum_quantity":null,"tiered_pricing_quantity_step":null,"_links":{"self":[{"href":"https:\/\/gretasexylingerie.com\/sv\/wp-json\/wp\/v2\/product\/45797","targetHints":{"allow":["GET"]}}],"collection":[{"href":"https:\/\/gretasexylingerie.com\/sv\/wp-json\/wp\/v2\/product"}],"about":[{"href":"https:\/\/gretasexylingerie.com\/sv\/wp-json\/wp\/v2\/types\/product"}],"wp:featuredmedia":[{"embeddable":true,"href":"https:\/\/gretasexylingerie.com\/sv\/wp-json\/wp\/v2\/media\/45804"}],"wp:attachment":[{"href":"https:\/\/gretasexylingerie.com\/sv\/wp-json\/wp\/v2\/media?parent=45797"}],"wp:term":[{"taxonomy":"product_brand","embeddable":true,"href":"https:\/\/gretasexylingerie.com\/sv\/wp-json\/wp\/v2\/product_brand?post=45797"},{"taxonomy":"product_cat","embeddable":true,"href":"https:\/\/gretasexylingerie.com\/sv\/wp-json\/wp\/v2\/product_cat?post=45797"},{"taxonomy":"product_tag","embeddable":true,"href":"https:\/\/gretasexylingerie.com\/sv\/wp-json\/wp\/v2\/product_tag?post=45797"}],"curies":[{"name":"wp","href":"https:\/\/api.w.org\/{rel}","templated":true}]}}