{"id":45787,"date":"2023-10-17T22:48:48","date_gmt":"2023-10-17T14:48:48","guid":{"rendered":"https:\/\/gretasexylingerie.com\/?post_type=product&#038;p=45787"},"modified":"2023-10-17T22:49:59","modified_gmt":"2023-10-17T14:49:59","slug":"grossist-sjukskoterska-uniform-bodysuit-med-genomskinlig-mesh","status":"publish","type":"product","link":"https:\/\/gretasexylingerie.com\/sv\/products\/wholesale-nurse-uniform-bodysuit-with-see-through-mesh\/","title":{"rendered":"Sjuksk\u00f6terskeuniform i partihandel med genomskinlig mesh"},"content":{"rendered":"<ol class=\"wp-block-list\">\n<li>Nurturing Nurse Theme: Sjuksk\u00f6tersketemat f\u00e5ngar en n\u00e4rande charm, vilket g\u00f6r det till ett tidl\u00f6st val f\u00f6r dem som s\u00f6ker en blandning av v\u00e5rd och lockelse. Designen s\u00e4kerst\u00e4ller en varaktig attraktionskraft i din detaljhandelskollektion, och inbjuder till en ber\u00e4ttelse om omsorg och lekfull utforskning.<\/li>\n\n\n\n<li>Sensuell genomskinlig mesh: Den genomskinliga mesh-bodyn ger en touch av sensualitet och erbjuder en smickrande siluett, vilket g\u00f6r den till ett \u00f6nskv\u00e4rt val f\u00f6r ett brett spektrum av kunder. Det \u00e4r ett utm\u00e4rkt val f\u00f6r \u00e5terf\u00f6rs\u00e4ljare som vill erbjuda ett brett utbud av fantasifulla kl\u00e4dsel.<\/li>\n\n\n\n<li>Komplett ensemble: Varje del i det h\u00e4r setet har noggrant designats f\u00f6r att komplettera det \u00f6vergripande utseendet, fr\u00e5n den professionella hatten till de \u00f6mt\u00e5liga meshhandskarna. Ensemblen s\u00e4kerst\u00e4ller att kunderna har allt de beh\u00f6ver f\u00f6r en helt v\u00e5rdande look.<\/li>\n\n\n\n<li>Sl\u00e5ende accent av r\u00f6tt b\u00e4lte: Det r\u00f6da b\u00e4ltet ger f\u00e4rg till ensemblen och f\u00f6rst\u00e4rker sk\u00f6tersketemat. Det \u00e4r en enast\u00e5ende funktion som skiljer denna uniform fr\u00e5n varandra, vilket g\u00f6r den till ett unikt till\u00e4gg till din detaljhandelskollektion.<\/li>\n\n\n\n<li>Grossistf\u00f6rberedd: Med fokus p\u00e5 grossisthandel \u00e4r denna sjuksk\u00f6terskeuniformdr\u00e4kt redo att bli ett hett s\u00e4ljande f\u00f6rem\u00e5l i din detaljhandelskollektion. Det \u00e4r mer \u00e4n bara en kostym; det \u00e4r en inbjudan till en v\u00e4rld av fantasi och lekfull utforskning.<\/li>\n<\/ol>\n\n\n\n<p>Ut\u00f6ka din detaljhandelskollektion med v\u00e5r Wholesale Nurse Uniform Suit, en perfekt blandning av v\u00e5rdande charm och modern sensualitet. Det \u00e4r ett idealiskt val f\u00f6r \u00e5terf\u00f6rs\u00e4ljare som erbjuder ett m\u00e5ngsidigt och fantasifullt utbud av kl\u00e4dsel. Kontakta oss f\u00f6r grossistf\u00f6rfr\u00e5gningar och l\u00e4gg till en touch av omt\u00e4nksam elegans till ditt sortiment idag.<\/p>","protected":false},"excerpt":{"rendered":"<p>Omfamna v\u00e5rden med tjusning i v\u00e5r grossistdr\u00e4kt f\u00f6r sjuksk\u00f6terskor. Denna halterneckbody, tillverkad av genomskinligt mesh, \u00e4r accentuerad med ett r\u00f6tt b\u00e4lte och levereras komplett med en m\u00f6ssa och meshhandskar. Ett utm\u00e4rkt urval f\u00f6r \u00e5terf\u00f6rs\u00e4ljare som str\u00e4var efter att erbjuda en blandning av v\u00e5rdande charm och modern sensualitet.<\/p>","protected":false},"featured_media":45791,"template":"","meta":[],"product_brand":[],"product_cat":[974],"product_tag":[978],"class_list":{"0":"post-45787","1":"product","2":"type-product","3":"status-publish","4":"has-post-thumbnail","6":"product_cat-wholesale-sexy-costumes","7":"product_tag-policewoman-costume","8":"pa_color-black","9":"pa_size-free","11":"first","12":"instock","13":"taxable","14":"shipping-taxable","15":"purchasable","16":"product-type-variable"},"tiered_pricing_type":"fixed","tiered_pricing_fixed_rules":[],"tiered_pricing_product_settings":{"layout":"default","base_unit_name":{"singular":null,"plural":null},"default_variation":{}},"tiered_pricing_minimum_quantity":null,"tiered_pricing_roles_data":[],"tiered_pricing_percentage_rules":[],"tiered_pricing_maximum_quantity":null,"tiered_pricing_quantity_step":null,"_links":{"self":[{"href":"https:\/\/gretasexylingerie.com\/sv\/wp-json\/wp\/v2\/product\/45787","targetHints":{"allow":["GET"]}}],"collection":[{"href":"https:\/\/gretasexylingerie.com\/sv\/wp-json\/wp\/v2\/product"}],"about":[{"href":"https:\/\/gretasexylingerie.com\/sv\/wp-json\/wp\/v2\/types\/product"}],"wp:featuredmedia":[{"embeddable":true,"href":"https:\/\/gretasexylingerie.com\/sv\/wp-json\/wp\/v2\/media\/45791"}],"wp:attachment":[{"href":"https:\/\/gretasexylingerie.com\/sv\/wp-json\/wp\/v2\/media?parent=45787"}],"wp:term":[{"taxonomy":"product_brand","embeddable":true,"href":"https:\/\/gretasexylingerie.com\/sv\/wp-json\/wp\/v2\/product_brand?post=45787"},{"taxonomy":"product_cat","embeddable":true,"href":"https:\/\/gretasexylingerie.com\/sv\/wp-json\/wp\/v2\/product_cat?post=45787"},{"taxonomy":"product_tag","embeddable":true,"href":"https:\/\/gretasexylingerie.com\/sv\/wp-json\/wp\/v2\/product_tag?post=45787"}],"curies":[{"name":"wp","href":"https:\/\/api.w.org\/{rel}","templated":true}]}}