{"id":45764,"date":"2023-10-17T21:51:52","date_gmt":"2023-10-17T13:51:52","guid":{"rendered":"https:\/\/gretasexylingerie.com\/?post_type=product&#038;p=45764"},"modified":"2023-10-17T21:53:10","modified_gmt":"2023-10-17T13:53:10","slug":"grossist-rosa-sexig-kanin-nattklubb-spets-bodysuit","status":"publish","type":"product","link":"https:\/\/gretasexylingerie.com\/sv\/products\/wholesale-pink-sexy-bunny-nightclub-lace-bodysuit\/","title":{"rendered":"Grossisthandel Rosa sexig kanin nattklubb spets bodysuit"},"content":{"rendered":"<ol class=\"wp-block-list\">\n<li>Lekfullt kanintema: Temat f\u00f6r kaninflicka f\u00e5ngar en lekfull tjusning, vilket g\u00f6r det till ett f\u00f6rtjusande val f\u00f6r dem som vill anamma en rolig och flirtig look. Designen s\u00e4kerst\u00e4ller en varaktig dragningskraft i din detaljhandelskollektion, och bjuder in till en lekfull fantasi och utforskningsber\u00e4ttelse.<\/li>\n\n\n\n<li>Sensuell genomskinlig spetsbody: Den genomskinliga spetskroppen ger en touch av sensualitet och erbjuder en smickrande siluett, vilket g\u00f6r den till ett \u00f6nskv\u00e4rt val f\u00f6r ett brett spektrum av kunder. Det \u00e4r ett utm\u00e4rkt val f\u00f6r \u00e5terf\u00f6rs\u00e4ljare som vill erbjuda ett brett utbud av fantasifulla kl\u00e4dsel.<\/li>\n\n\n\n<li>Komplett ensemble: Varje del i det h\u00e4r setet har noggrant designats f\u00f6r att komplettera det \u00f6vergripande utseendet, fr\u00e5n kanin\u00f6ron-pannbandet till den plyschiga kaninsvansen. Rosettkragen tillf\u00f6r en touch av elegans, vilket skiljer denna kostym \u00e5t.<\/li>\n\n\n\n<li>Nattklubbsklar: Den h\u00e4r sexiga kaninflickadressen \u00e4r gjord speciellt f\u00f6r nattklubbsframtr\u00e4danden och inbjuder slutkonsumenter att f\u00f6rdjupa sig i deras fantasier. Det \u00e4r ett utm\u00e4rkt val f\u00f6r \u00e5terf\u00f6rs\u00e4ljare som vill erbjuda m\u00e5ngsidig, fantasifull kl\u00e4dsel f\u00f6r nattlivet.<\/li>\n\n\n\n<li>Grossistf\u00f6rberedd: Med fokus p\u00e5 grossisthandel \u00e4r denna Pink Sexy Bunny Girl-outfit redo att bli ett hett s\u00e4ljande f\u00f6rem\u00e5l i din detaljhandelskollektion. Det \u00e4r mer \u00e4n bara en kostym; det \u00e4r en inbjudan till en v\u00e4rld av fantasi och lekfull utforskning.<\/li>\n<\/ol>\n\n\n\n<p>Ut\u00f6ka din detaljhandelskollektion med v\u00e5r grossista Rosa Sexy Bunny Girl Outfit, en perfekt blandning av lekfull charm och modern elegans. Det \u00e4r ett idealiskt val f\u00f6r \u00e5terf\u00f6rs\u00e4ljare som erbjuder ett m\u00e5ngsidigt och fantasifullt utbud av kl\u00e4dsel. Kontakta oss f\u00f6r grossistf\u00f6rfr\u00e5gningar och l\u00e4gg till en touch av lekfull elegans till ditt sortiment idag.<\/p>","protected":false},"excerpt":{"rendered":"<p>Hoppa in i tjusningen med v\u00e5r rosa sexiga kanintjej-outfit i grossistledet. Perfekt f\u00f6r nattklubbsframtr\u00e4danden, den h\u00e4r genomskinliga spetskroppen kompletteras med ett pannband i \u00f6ronen, en rosettkrage och en vit plysch kaninsvans. Ett utm\u00e4rkt urval f\u00f6r \u00e5terf\u00f6rs\u00e4ljare som str\u00e4var efter att erbjuda en blandning av lekfull charm och modern elegans.<\/p>","protected":false},"featured_media":45776,"template":"","meta":[],"product_brand":[],"product_cat":[370,974,371,367],"product_tag":[1001],"class_list":{"0":"post-45764","1":"product","2":"type-product","3":"status-publish","4":"has-post-thumbnail","6":"product_cat-bodysuit","7":"product_cat-wholesale-sexy-costumes","8":"product_cat-wholesale-sexy-lace-bodysuit","9":"product_cat-sexy-lingerie","10":"product_tag-bunny-costumes","11":"pa_color-pink-women-sexy-lingerie","12":"pa_size-free","14":"first","15":"instock","16":"taxable","17":"shipping-taxable","18":"purchasable","19":"product-type-variable"},"tiered_pricing_type":"fixed","tiered_pricing_fixed_rules":[],"tiered_pricing_product_settings":{"layout":"default","base_unit_name":{"singular":null,"plural":null},"default_variation":{}},"tiered_pricing_minimum_quantity":null,"tiered_pricing_roles_data":[],"tiered_pricing_percentage_rules":[],"tiered_pricing_maximum_quantity":null,"tiered_pricing_quantity_step":null,"_links":{"self":[{"href":"https:\/\/gretasexylingerie.com\/sv\/wp-json\/wp\/v2\/product\/45764","targetHints":{"allow":["GET"]}}],"collection":[{"href":"https:\/\/gretasexylingerie.com\/sv\/wp-json\/wp\/v2\/product"}],"about":[{"href":"https:\/\/gretasexylingerie.com\/sv\/wp-json\/wp\/v2\/types\/product"}],"wp:featuredmedia":[{"embeddable":true,"href":"https:\/\/gretasexylingerie.com\/sv\/wp-json\/wp\/v2\/media\/45776"}],"wp:attachment":[{"href":"https:\/\/gretasexylingerie.com\/sv\/wp-json\/wp\/v2\/media?parent=45764"}],"wp:term":[{"taxonomy":"product_brand","embeddable":true,"href":"https:\/\/gretasexylingerie.com\/sv\/wp-json\/wp\/v2\/product_brand?post=45764"},{"taxonomy":"product_cat","embeddable":true,"href":"https:\/\/gretasexylingerie.com\/sv\/wp-json\/wp\/v2\/product_cat?post=45764"},{"taxonomy":"product_tag","embeddable":true,"href":"https:\/\/gretasexylingerie.com\/sv\/wp-json\/wp\/v2\/product_tag?post=45764"}],"curies":[{"name":"wp","href":"https:\/\/api.w.org\/{rel}","templated":true}]}}