{"id":45734,"date":"2023-10-17T00:09:39","date_gmt":"2023-10-16T16:09:39","guid":{"rendered":"https:\/\/gretasexylingerie.com\/?post_type=product&#038;p=45734"},"modified":"2023-10-17T00:17:08","modified_gmt":"2023-10-16T16:17:08","slug":"grossist-sexig-svart-mesh-body-med-rod-bindningsstil","status":"publish","type":"product","link":"https:\/\/gretasexylingerie.com\/sv\/products\/wholesale-sexy-black-mesh-bodysuit-with-red-binding-style\/","title":{"rendered":"Grossist sexig svart n\u00e4tbody med r\u00f6d bindningsstil"},"content":{"rendered":"<ol class=\"wp-block-list\">\n<li>Mystisk charm: Den bindande stilen f\u00e5ngar en mystisk tjusning, vilket g\u00f6r den till ett f\u00e4ngslande val f\u00f6r dem som s\u00f6ker en edgy look. Designen s\u00e4kerst\u00e4ller en varaktig attraktionskraft i din detaljhandelskollektion, och bjuder in en ber\u00e4ttelse om mystik och lekfull utforskning.<\/li>\n\n\n\n<li>Sensuell svart meshdesign: Det svarta meshet ger inte bara en modern kant utan erbjuder ocks\u00e5 en smickrande siluett, vilket g\u00f6r det till ett \u00f6nskv\u00e4rt val f\u00f6r m\u00e5nga kunder. Det \u00e4r ett utm\u00e4rkt val f\u00f6r \u00e5terf\u00f6rs\u00e4ljare som vill erbjuda ett brett utbud av fantasifulla kl\u00e4dsel.<\/li>\n\n\n\n<li>Edgy Red Binding Rope: Det r\u00f6da bindningsrepet ger en dj\u00e4rv touch till ensemblen och f\u00f6rst\u00e4rker det centrala temat. Det \u00e4r en enast\u00e5ende funktion som skiljer den h\u00e4r bodyn \u00e5t, vilket g\u00f6r den till ett unikt till\u00e4gg till din detaljhandelskollektion.<\/li>\n\n\n\n<li>Lockande huvudbonadstillbeh\u00f6r: Den medf\u00f6ljande sexiga huvudbonaden kompletterar bodyn och l\u00e4gger till ett extra lager av lockelse. Denna unika funktion skiljer den h\u00e4r kostymen \u00e5t, vilket g\u00f6r den till ett fantastiskt tillskott till din detaljhandelskollektion.<\/li>\n\n\n\n<li>Grossistf\u00f6rberedd: Med fokus p\u00e5 grossisthandel \u00e4r den h\u00e4r sexiga svarta mesh-bodysuiten redo att bli ett hett s\u00e4ljande f\u00f6rem\u00e5l i din detaljhandelskollektion. Det \u00e4r mer \u00e4n bara en kostym; det \u00e4r en inbjudan till en v\u00e4rld av fantasi och lekfull utforskning.<\/li>\n<\/ol>\n\n\n\n<p>Ut\u00f6ka din detaljhandelskollektion med v\u00e5r grossistsexiga Black Mesh Bodysuit, en perfekt blandning av mystisk charm och modern elegans. Det \u00e4r ett idealiskt val f\u00f6r \u00e5terf\u00f6rs\u00e4ljare som erbjuder ett m\u00e5ngsidigt och fantasifullt utbud av kl\u00e4dsel. Kontakta oss f\u00f6r grossistf\u00f6rfr\u00e5gningar och l\u00e4gg till en touch av edgy elegans till ditt sortiment idag.<\/p>","protected":false},"excerpt":{"rendered":"<p>Dyk in i tjusningen med v\u00e5r grossist Sexy Black Mesh Bodysuit. Designad i en bindande stil med ett r\u00f6tt bindningsrep och ackompanjerad av en sexig huvudbonad, f\u00f6rkroppsligar denna bodysuit en blandning av mystisk charm och modern sensualitet. Ett utm\u00e4rkt urval f\u00f6r \u00e5terf\u00f6rs\u00e4ljare som str\u00e4var efter att erbjuda en kombination av edgy tjusning och modern elegans.<\/p>","protected":false},"featured_media":45742,"template":"","meta":[],"product_brand":[],"product_cat":[370,367,373],"product_tag":[],"class_list":{"0":"post-45734","1":"product","2":"type-product","3":"status-publish","4":"has-post-thumbnail","6":"product_cat-bodysuit","7":"product_cat-sexy-lingerie","8":"product_cat-wholesale-sexy-mesh-bodysuit","9":"pa_color-black","10":"pa_size-free","12":"first","13":"instock","14":"taxable","15":"shipping-taxable","16":"purchasable","17":"product-type-variable"},"tiered_pricing_type":"fixed","tiered_pricing_fixed_rules":[],"tiered_pricing_product_settings":{"layout":"default","base_unit_name":{"singular":null,"plural":null},"default_variation":{}},"tiered_pricing_minimum_quantity":null,"tiered_pricing_roles_data":[],"tiered_pricing_percentage_rules":[],"tiered_pricing_maximum_quantity":null,"tiered_pricing_quantity_step":null,"_links":{"self":[{"href":"https:\/\/gretasexylingerie.com\/sv\/wp-json\/wp\/v2\/product\/45734","targetHints":{"allow":["GET"]}}],"collection":[{"href":"https:\/\/gretasexylingerie.com\/sv\/wp-json\/wp\/v2\/product"}],"about":[{"href":"https:\/\/gretasexylingerie.com\/sv\/wp-json\/wp\/v2\/types\/product"}],"wp:featuredmedia":[{"embeddable":true,"href":"https:\/\/gretasexylingerie.com\/sv\/wp-json\/wp\/v2\/media\/45742"}],"wp:attachment":[{"href":"https:\/\/gretasexylingerie.com\/sv\/wp-json\/wp\/v2\/media?parent=45734"}],"wp:term":[{"taxonomy":"product_brand","embeddable":true,"href":"https:\/\/gretasexylingerie.com\/sv\/wp-json\/wp\/v2\/product_brand?post=45734"},{"taxonomy":"product_cat","embeddable":true,"href":"https:\/\/gretasexylingerie.com\/sv\/wp-json\/wp\/v2\/product_cat?post=45734"},{"taxonomy":"product_tag","embeddable":true,"href":"https:\/\/gretasexylingerie.com\/sv\/wp-json\/wp\/v2\/product_tag?post=45734"}],"curies":[{"name":"wp","href":"https:\/\/api.w.org\/{rel}","templated":true}]}}