{"id":45716,"date":"2023-10-16T23:22:27","date_gmt":"2023-10-16T15:22:27","guid":{"rendered":"https:\/\/gretasexylingerie.com\/?post_type=product&#038;p=45716"},"modified":"2023-10-16T23:23:57","modified_gmt":"2023-10-16T15:23:57","slug":"grossist-rod-sjukskoterska-cosplay-jumpsuit-med-fisknat","status":"publish","type":"product","link":"https:\/\/gretasexylingerie.com\/sv\/products\/wholesale-red-nurse-cosplay-jumpsuit-with-fishnet\/","title":{"rendered":"Grossist Red Nurse Cosplay Jumpsuit med fiskn\u00e4t"},"content":{"rendered":"<ol class=\"wp-block-list\">\n<li>Medicinsk charm: Cosplay-teman f\u00f6r sjuksk\u00f6terskor f\u00e5ngar den nyckfulla men medicinska dragningskraften som skapar sp\u00e4nnande \u00e4ventyr, vilket g\u00f6r detta tema till ett tilltalande alternativ f\u00f6r \u00e4ventyrliga sj\u00e4lar. Deras lekfulla estetik s\u00e4kerst\u00e4ller best\u00e5ende tilltal i detaljhandelskollektioner samtidigt som de uppmuntrar ber\u00e4ttelser om medicinsk fantasi och aktiv utforskning.<\/li>\n\n\n\n<li>Sexig genomskinlig design med fiskn\u00e4t: Detta moderna plagg ger inte bara en urban kant utan smickrar ocks\u00e5 varje figur p\u00e5 ett vackert s\u00e4tt \u2013 vilket g\u00f6r den till ett favoritval bland kunder i olika \u00e5ldrar och k\u00f6nsidentiteter. \u00c5terf\u00f6rs\u00e4ljare som vill ge kunderna ett eklektiskt sortiment av kl\u00e4dsel b\u00f6r \u00f6verv\u00e4ga att erbjuda genomskinliga br\u00f6stdesigner som en del av deras kl\u00e4dalternativ.<\/li>\n\n\n\n<li>Redo f\u00f6r nattklubbsframtr\u00e4danden: Denna f\u00f6rf\u00f6riska jumpsuit \u00e4r uttryckligen skapad f\u00f6r nattklubbsframtr\u00e4danden och l\u00e5ter slutkonsumenter sl\u00e4ppa l\u00f6s sina fantasier. Ett utm\u00e4rkt val f\u00f6r \u00e5terf\u00f6rs\u00e4ljare som tillhandah\u00e5ller olika kl\u00e4dsel som l\u00e4mpar sig f\u00f6r nattliv.<\/li>\n\n\n\n<li>Elegant Halter Neck Design: Den eleganta Halter Neck designen ger denna jumpsuit dess signatur sexiga dragningskraft samtidigt som modern elegans bibeh\u00e5lls. Det g\u00f6r att den h\u00e4r jumpsuiten sticker ut i detaljhandelskollektioner \u00f6ver hela v\u00e4rlden, vilket g\u00f6r att denna pj\u00e4s sticker ut.<\/li>\n\n\n\n<li>Charmiga vita volanger i n\u00e4t: De vita volangerna i n\u00e4t ger en i\u00f6gonfallande detalj som ytterligare kompletterar det medicinska temat, som skiljer den h\u00e4r jumpsuiten \u00e5t och g\u00f6r ett utm\u00e4rkt tillskott till din detaljhandelskollektion.<\/li>\n\n\n\n<li>Grossistf\u00f6rberedd: Med grossistf\u00f6rs\u00e4ljning i \u00e5tanke kommer denna Red Nurse Cosplay Jumpsuit att bli ett hett s\u00e4ljande f\u00f6rem\u00e5l i din detaljhandelskollektion. Mer \u00e4n bara en kostym, den \u00f6ppnar d\u00f6rren till fantasi och lekfull utforskning!<\/li>\n<\/ol>\n\n\n\n<p>L\u00e4gg till v\u00e5r Wholesale Red Nurse Cosplay Jumpsuit till din detaljhandelskollektion f\u00f6r att l\u00e4gga till medicinsk charm och modern elegans till den idag. Det \u00e4r ett utm\u00e4rkt alternativ f\u00f6r \u00e5terf\u00f6rs\u00e4ljare som vill erbjuda ett varierat och lekfullt utbud av kl\u00e4der \u2013 kontakta oss f\u00f6r grossistf\u00f6rfr\u00e5gningar idag f\u00f6r att l\u00e4gga till denna f\u00f6rtjusande plagg.<\/p>","protected":false},"excerpt":{"rendered":"<p>Ta med en atmosf\u00e4r av tjusning i nattklubbsframtr\u00e4danden med v\u00e5r grossisthandel Red Nurse Cosplay Jumpsuit. Den h\u00e4r dr\u00e4kten \u00e4r designad med genomskinliga m\u00f6nster p\u00e5 br\u00f6stet och halsen och prydd med volanger i vitt n\u00e4t f\u00f6r en lockande kombination av medicinsk charm och modern sensualitet.<\/p>","protected":false},"featured_media":45720,"template":"","meta":[],"product_brand":[],"product_cat":[974],"product_tag":[989],"class_list":{"0":"post-45716","1":"product","2":"type-product","3":"status-publish","4":"has-post-thumbnail","6":"product_cat-wholesale-sexy-costumes","7":"product_tag-nurse-costume","8":"pa_color-red-women-sexy-lingerie","9":"pa_size-free","11":"first","12":"instock","13":"taxable","14":"shipping-taxable","15":"purchasable","16":"product-type-variable"},"tiered_pricing_type":"fixed","tiered_pricing_fixed_rules":[],"tiered_pricing_product_settings":{"layout":"default","base_unit_name":{"singular":null,"plural":null},"default_variation":{}},"tiered_pricing_minimum_quantity":null,"tiered_pricing_roles_data":[],"tiered_pricing_percentage_rules":[],"tiered_pricing_maximum_quantity":null,"tiered_pricing_quantity_step":null,"_links":{"self":[{"href":"https:\/\/gretasexylingerie.com\/sv\/wp-json\/wp\/v2\/product\/45716","targetHints":{"allow":["GET"]}}],"collection":[{"href":"https:\/\/gretasexylingerie.com\/sv\/wp-json\/wp\/v2\/product"}],"about":[{"href":"https:\/\/gretasexylingerie.com\/sv\/wp-json\/wp\/v2\/types\/product"}],"wp:featuredmedia":[{"embeddable":true,"href":"https:\/\/gretasexylingerie.com\/sv\/wp-json\/wp\/v2\/media\/45720"}],"wp:attachment":[{"href":"https:\/\/gretasexylingerie.com\/sv\/wp-json\/wp\/v2\/media?parent=45716"}],"wp:term":[{"taxonomy":"product_brand","embeddable":true,"href":"https:\/\/gretasexylingerie.com\/sv\/wp-json\/wp\/v2\/product_brand?post=45716"},{"taxonomy":"product_cat","embeddable":true,"href":"https:\/\/gretasexylingerie.com\/sv\/wp-json\/wp\/v2\/product_cat?post=45716"},{"taxonomy":"product_tag","embeddable":true,"href":"https:\/\/gretasexylingerie.com\/sv\/wp-json\/wp\/v2\/product_tag?post=45716"}],"curies":[{"name":"wp","href":"https:\/\/api.w.org\/{rel}","templated":true}]}}