{"id":45702,"date":"2023-10-16T22:42:48","date_gmt":"2023-10-16T14:42:48","guid":{"rendered":"https:\/\/gretasexylingerie.com\/?post_type=product&#038;p=45702"},"modified":"2023-10-16T22:44:00","modified_gmt":"2023-10-16T14:44:00","slug":"grossist-sexiga-metall-rock-stil-bar-kostymer-set","status":"publish","type":"product","link":"https:\/\/gretasexylingerie.com\/sv\/products\/wholesale-sexy-metal-rock-style-bar-costumes-set\/","title":{"rendered":"Partihandel Sexig Metal Rock Style Bar kostymer Set"},"content":{"rendered":"<ol class=\"wp-block-list\">\n<li>Rebellious Heavy Metal-tema: Heavy metal-rockstil erbjuder en sl\u00e5ende visuell estetik med dj\u00e4rv, trotsig estetik, vilket g\u00f6r det till ett sp\u00e4nnande alternativ f\u00f6r \u00e4ventyrliga sj\u00e4lar. Dessa i\u00f6gonfallande designs ger ett slagkraftigt uttryck av rebellisk charm och lekfull utforskning i din detaljhandelskollektion.<\/li>\n\n\n\n<li>Sensuella l\u00e4der- och metallkedjor: L\u00e4der- och metallkedjor ger modernitet och smicker, vilket g\u00f6r dem popul\u00e4ra val bland kunder i olika \u00e5ldrar och k\u00f6n. \u00c5terf\u00f6rs\u00e4ljare som vill diversifiera sitt produktutbud kan dra nytta av att erbjuda dessa artiklar som en del av ett eklektiskt sortiment.<\/li>\n\n\n\n<li>F\u00f6rest\u00e4llning redo f\u00f6r nattklubbs- och barframtr\u00e4danden: Den h\u00e4r sexiga kostymen \u00e4r gjord f\u00f6r nattklubbs- och barframtr\u00e4danden och uppmuntrar konsumenter att njuta och utforska sina fantasier fritt. Ett utm\u00e4rkt val f\u00f6r \u00e5terf\u00f6rs\u00e4ljare som vill erbjuda fantasifulla kl\u00e4der f\u00f6r nattlivet!<\/li>\n\n\n\n<li>Edgy BH och trosset: Det h\u00e4r BH- och trossetet ger en edgy kant till varje ensemble, l\u00e4gger till sitt heavy metal-tema och g\u00f6r att denna kostym sticker ut fr\u00e5n andra i din detaljhandelskollektion. Det g\u00f6r en fantastisk detaljhandelstillg\u00e5ng.<\/li>\n\n\n\n<li>Grossist-kapabel: Skapat specifikt med grossist i \u00e5tanke, kan dessa sexiga nattklubbsunderkl\u00e4der bli en omedelbar stors\u00e4ljare i din detaljhandelskollektion. Mer \u00e4n bara en outfit, det h\u00e4r plagget \u00f6ppnar d\u00f6rrarna till en fantasifull v\u00e4rld av fantasi och lekfull utforskning.<\/li>\n<\/ol>\n\n\n\n<p>Ut\u00f6ka din detaljhandelskollektion med Wholesale Sexy Nightclub Lingerie fr\u00e5n oss \u2013 en uts\u00f6kt kombination av rebellisk charm och modern elegans! Idealisk f\u00f6r \u00e5terf\u00f6rs\u00e4ljare som vill ge kunderna ett eklektiskt och fantasifullt utbud av kl\u00e4dsel. F\u00f6r grossistf\u00f6rfr\u00e5gningar, kontakta oss och ta med lite extra elegant elegans i din samling idag.<\/p>","protected":false},"excerpt":{"rendered":"<p>Sl\u00e4pp loss din rebelliska lockelse med v\u00e5ra sexiga nattklubbsunderkl\u00e4der i grossistledet. Perfekt f\u00f6r barkostymer, den h\u00e4r heavy metal-rockstilen har l\u00e4der- och metallkedje-bh och trosor med rebellisk charm och modern sensualitet som f\u00f6rkroppsligas av l\u00e4derband och metallkedjor \u2013 skapar den perfekta blandningen mellan rebelliskhet och modern sensualitet!<\/p>","protected":false},"featured_media":45708,"template":"","meta":[],"product_brand":[],"product_cat":[368,367,376],"product_tag":[],"class_list":{"0":"post-45702","1":"product","2":"type-product","3":"status-publish","4":"has-post-thumbnail","6":"product_cat-bra-panty-set","7":"product_cat-sexy-lingerie","8":"product_cat-wholesale-ultra-sexy-bra-panty-set","9":"pa_color-black","10":"pa_size-free","12":"first","13":"instock","14":"taxable","15":"shipping-taxable","16":"purchasable","17":"product-type-variable"},"tiered_pricing_type":"fixed","tiered_pricing_fixed_rules":[],"tiered_pricing_product_settings":{"layout":"default","base_unit_name":{"singular":null,"plural":null},"default_variation":{}},"tiered_pricing_minimum_quantity":null,"tiered_pricing_roles_data":[],"tiered_pricing_percentage_rules":[],"tiered_pricing_maximum_quantity":null,"tiered_pricing_quantity_step":null,"_links":{"self":[{"href":"https:\/\/gretasexylingerie.com\/sv\/wp-json\/wp\/v2\/product\/45702","targetHints":{"allow":["GET"]}}],"collection":[{"href":"https:\/\/gretasexylingerie.com\/sv\/wp-json\/wp\/v2\/product"}],"about":[{"href":"https:\/\/gretasexylingerie.com\/sv\/wp-json\/wp\/v2\/types\/product"}],"wp:featuredmedia":[{"embeddable":true,"href":"https:\/\/gretasexylingerie.com\/sv\/wp-json\/wp\/v2\/media\/45708"}],"wp:attachment":[{"href":"https:\/\/gretasexylingerie.com\/sv\/wp-json\/wp\/v2\/media?parent=45702"}],"wp:term":[{"taxonomy":"product_brand","embeddable":true,"href":"https:\/\/gretasexylingerie.com\/sv\/wp-json\/wp\/v2\/product_brand?post=45702"},{"taxonomy":"product_cat","embeddable":true,"href":"https:\/\/gretasexylingerie.com\/sv\/wp-json\/wp\/v2\/product_cat?post=45702"},{"taxonomy":"product_tag","embeddable":true,"href":"https:\/\/gretasexylingerie.com\/sv\/wp-json\/wp\/v2\/product_tag?post=45702"}],"curies":[{"name":"wp","href":"https:\/\/api.w.org\/{rel}","templated":true}]}}