{"id":45691,"date":"2023-10-16T22:27:01","date_gmt":"2023-10-16T14:27:01","guid":{"rendered":"https:\/\/gretasexylingerie.com\/?post_type=product&#038;p=45691"},"modified":"2023-10-16T22:28:29","modified_gmt":"2023-10-16T14:28:29","slug":"grossist-sexig-frestelse-rygglos-vit-bodysuit","status":"publish","type":"product","link":"https:\/\/gretasexylingerie.com\/sv\/products\/wholesale-sexy-temptation-backless-white-bodysuit\/","title":{"rendered":"Grossist sexig frestelse Ryggl\u00f6s vit bodysuit"},"content":{"rendered":"<ol class=\"wp-block-list\">\n<li>Klassisk vit elegans: Vita f\u00e4rgscheman f\u00e5ngar klassisk elegans, vilket g\u00f6r dem tidl\u00f6sa val f\u00f6r kunder som uppskattar kvalitetsdesign. Deras rena estetik s\u00e4kerst\u00e4ller varaktigt tilltalande f\u00f6r detaljhandelskollektioner samtidigt som de skapar en historia om renhet och modern sofistikering.<\/li>\n\n\n\n<li>Sexig genomskinlig dragningskraft: Denna genomskinliga design l\u00e4gger till modernitet och \u00e4r mycket smickrande p\u00e5 de flesta kroppstyper \u2013 vilket g\u00f6r den tilltalande f\u00f6r kunder i olika \u00e5lders- och storleksintervall. Eftersom \u00e5terf\u00f6rs\u00e4ljare vill erbjuda olika erbjudanden f\u00f6r kundernas kl\u00e4dbehov, kan denna genomskinliga look ge massor av variation!<\/li>\n\n\n\n<li>Elastiskt bandmaterial: V\u00e5rt elastiska bandmaterial s\u00e4kerst\u00e4ller en bekv\u00e4m men sexig passform, vilket visar v\u00e5rt engagemang f\u00f6r att erbjuda grossistprodukter utan att kompromissa med kvalitet eller komfort.<\/li>\n\n\n\n<li>Ryggl\u00f6s grimmadesign: Den h\u00e4r bodyns ryggl\u00f6sa grimmadesign utstr\u00e5lar modern elegans samtidigt som den f\u00f6rblir sinnlig, vilket g\u00f6r den till en utm\u00e4rkande funktion i din detaljhandelskollektion.<\/li>\n\n\n\n<li>Grossistf\u00f6rberedd: Den vita bodysuiten \u00e4r skapad specifikt med grossisthandel i \u00e5tanke och \u00e4r viktig i alla detaljhandelskollektioner. Ut\u00f6ver bara en kostym ger den h\u00e4r bodyn tillg\u00e5ng till en fantasifull v\u00e4rld av magisk och rolig utforskning!<\/li>\n<\/ol>\n\n\n\n<p>G\u00f6r ett slagkraftigt uttalande i din detaljhandelskollektion med v\u00e5r Wholesale White Bodysuit, en uts\u00f6kt kombination av klassisk charm och modern sofistikering. Perfekt f\u00f6r \u00e5terf\u00f6rs\u00e4ljare som vill erbjuda olika kl\u00e4dval. H\u00f6r av dig idag med alla grossistf\u00f6rfr\u00e5gningar f\u00f6r ytterligare lekfull elegans i ditt sortiment.<\/p>","protected":false},"excerpt":{"rendered":"<p>v\u00e5r vita bodysuit i grossistledet \u00e4r perfekta f\u00f6r \u00e5terf\u00f6rs\u00e4ljare som vill kombinera klassisk charm och modern sensualitet i en produktlinje. Dess f\u00f6rf\u00f6riska genomskinliga material passar bra med elastiskt bandmaterial och ryggl\u00f6s grimmadesign f\u00f6r modern tjusning, vilket skapar en minnesv\u00e4rd shoppingupplevelse.<\/p>","protected":false},"featured_media":45700,"template":"","meta":[],"product_brand":[],"product_cat":[370,379,367],"product_tag":[],"class_list":{"0":"post-45691","1":"product","2":"type-product","3":"status-publish","4":"has-post-thumbnail","6":"product_cat-bodysuit","7":"product_cat-wholesale-harness-bodysuit","8":"product_cat-sexy-lingerie","9":"pa_color-white","10":"pa_size-free","12":"first","13":"instock","14":"taxable","15":"shipping-taxable","16":"purchasable","17":"product-type-variable"},"tiered_pricing_type":"fixed","tiered_pricing_fixed_rules":[],"tiered_pricing_product_settings":{"layout":"default","base_unit_name":{"singular":null,"plural":null},"default_variation":{}},"tiered_pricing_minimum_quantity":null,"tiered_pricing_roles_data":[],"tiered_pricing_percentage_rules":[],"tiered_pricing_maximum_quantity":null,"tiered_pricing_quantity_step":null,"_links":{"self":[{"href":"https:\/\/gretasexylingerie.com\/sv\/wp-json\/wp\/v2\/product\/45691","targetHints":{"allow":["GET"]}}],"collection":[{"href":"https:\/\/gretasexylingerie.com\/sv\/wp-json\/wp\/v2\/product"}],"about":[{"href":"https:\/\/gretasexylingerie.com\/sv\/wp-json\/wp\/v2\/types\/product"}],"wp:featuredmedia":[{"embeddable":true,"href":"https:\/\/gretasexylingerie.com\/sv\/wp-json\/wp\/v2\/media\/45700"}],"wp:attachment":[{"href":"https:\/\/gretasexylingerie.com\/sv\/wp-json\/wp\/v2\/media?parent=45691"}],"wp:term":[{"taxonomy":"product_brand","embeddable":true,"href":"https:\/\/gretasexylingerie.com\/sv\/wp-json\/wp\/v2\/product_brand?post=45691"},{"taxonomy":"product_cat","embeddable":true,"href":"https:\/\/gretasexylingerie.com\/sv\/wp-json\/wp\/v2\/product_cat?post=45691"},{"taxonomy":"product_tag","embeddable":true,"href":"https:\/\/gretasexylingerie.com\/sv\/wp-json\/wp\/v2\/product_tag?post=45691"}],"curies":[{"name":"wp","href":"https:\/\/api.w.org\/{rel}","templated":true}]}}