{"id":45682,"date":"2023-10-16T22:15:54","date_gmt":"2023-10-16T14:15:54","guid":{"rendered":"https:\/\/gretasexylingerie.com\/?post_type=product&#038;p=45682"},"modified":"2023-10-16T22:17:32","modified_gmt":"2023-10-16T14:17:32","slug":"grossist-genomskinlig-sexig-katt-tjej-bodysuit","status":"publish","type":"product","link":"https:\/\/gretasexylingerie.com\/sv\/products\/wholesale-see-through-sexy-cat-girl-bodysuit\/","title":{"rendered":"Genomskinlig sexig kattflickabody i grossistledet"},"content":{"rendered":"<ol class=\"wp-block-list\">\n<li>Feline Charm: Katttjejteman utstr\u00e5lar lekfull kattcharm, vilket g\u00f6r dem till ett sp\u00e4nnande alternativ f\u00f6r \u00e4ventyrliga sj\u00e4lar. Deras tilltalande estetik s\u00e4kerst\u00e4ller en i\u00f6gonfallande detaljhandelskollektion samtidigt som de \u00e5beropar ber\u00e4ttelser om kattfantasi och aktiv utforskning.<\/li>\n\n\n\n<li>I\u00f6gonfallande genomskinlig design: Den genomskinliga designen l\u00e4gger till modernitet och ger en i\u00f6gonfallande siluett. Som s\u00e5dan tilltalar det kunder \u00f6ver olika demografier \u2013 vilket g\u00f6r det h\u00e4r alternativet perfekt f\u00f6r \u00e5terf\u00f6rs\u00e4ljare som s\u00f6ker olika kl\u00e4dalternativ.<\/li>\n\n\n\n<li>Furry grimma och svans: Den lurviga grimman och svansen l\u00e4gger till ett i\u00f6gonfallande element som kompletterar katttemat och skapar en exceptionell pj\u00e4s f\u00f6r detaljhandelsvisning. Med en s\u00e5 i\u00f6gonfallande detalj sticker den h\u00e4r bodyn ut i din detaljhandelskollektion. Det st\u00e5r som en extra f\u00f6rdel gentemot konkurrenterna.<\/li>\n\n\n\n<li>Justerbar bukrem: V\u00e5r justerbara bukrem s\u00e4kerst\u00e4ller en bekv\u00e4m men f\u00f6rf\u00f6risk passform \u2013 ett bevis p\u00e5 v\u00e5r h\u00e4ngivenhet att tillhandah\u00e5lla grossistprodukter utan att kompromissa med kvalitet eller komfort.<\/li>\n\n\n\n<li>F\u00e4rdig i grossistledet: Den genomskinliga sexiga katttjejen \u00e4r gjord f\u00f6r grossistdistribution och kommer att bli ett efterfr\u00e5gat till\u00e4gg till ditt detaljhandelssortiment. Inte bara en kostym; den h\u00e4r outfiten bjuder in din publik till en fantasirik sf\u00e4r f\u00f6r fantasifull lek!<\/li>\n<\/ol>\n\n\n\n<p>Distribuera v\u00e5r genomskinliga sexiga kattflickabody i grossistledet f\u00f6r att ut\u00f6ka din detaljhandelskollektion idag med lekfull elegans! Den kombinerar kattlig charm och modern sofistikering, perfekt f\u00f6r \u00e5terf\u00f6rs\u00e4ljare som s\u00f6ker en sp\u00e4nnande variation av kl\u00e4dsel. Ta kontakt med grossistf\u00f6rfr\u00e5gningar och l\u00e4gg till lekfull elegans till ditt urval!<\/p>","protected":false},"excerpt":{"rendered":"<p>Sl\u00e4pp loss din kattliknande charm med v\u00e5r genomskinliga sexiga kattflickabody i grossistledet. Med en lurvig grimma och svans f\u00f6r en extra kattgodis, g\u00f6r denna svarta bodysuit ett lekfullt rollspel idealiskt f\u00f6r \u00e5terf\u00f6rs\u00e4ljare som str\u00e4var efter att f\u00f6ra kattlik karisma tillsammans med modern sensualitet.<\/p>","protected":false},"featured_media":45688,"template":"","meta":[],"product_brand":[],"product_cat":[974],"product_tag":[984,980],"class_list":{"0":"post-45682","1":"product","2":"type-product","3":"status-publish","4":"has-post-thumbnail","6":"product_cat-wholesale-sexy-costumes","7":"product_tag-halloween-costumes","8":"product_tag-maid-costumes","9":"pa_color-leopard","10":"pa_size-free","12":"first","13":"instock","14":"taxable","15":"shipping-taxable","16":"purchasable","17":"product-type-variable"},"tiered_pricing_type":"fixed","tiered_pricing_fixed_rules":[],"tiered_pricing_product_settings":{"layout":"default","base_unit_name":{"singular":null,"plural":null},"default_variation":{}},"tiered_pricing_minimum_quantity":null,"tiered_pricing_roles_data":[],"tiered_pricing_percentage_rules":[],"tiered_pricing_maximum_quantity":null,"tiered_pricing_quantity_step":null,"_links":{"self":[{"href":"https:\/\/gretasexylingerie.com\/sv\/wp-json\/wp\/v2\/product\/45682","targetHints":{"allow":["GET"]}}],"collection":[{"href":"https:\/\/gretasexylingerie.com\/sv\/wp-json\/wp\/v2\/product"}],"about":[{"href":"https:\/\/gretasexylingerie.com\/sv\/wp-json\/wp\/v2\/types\/product"}],"wp:featuredmedia":[{"embeddable":true,"href":"https:\/\/gretasexylingerie.com\/sv\/wp-json\/wp\/v2\/media\/45688"}],"wp:attachment":[{"href":"https:\/\/gretasexylingerie.com\/sv\/wp-json\/wp\/v2\/media?parent=45682"}],"wp:term":[{"taxonomy":"product_brand","embeddable":true,"href":"https:\/\/gretasexylingerie.com\/sv\/wp-json\/wp\/v2\/product_brand?post=45682"},{"taxonomy":"product_cat","embeddable":true,"href":"https:\/\/gretasexylingerie.com\/sv\/wp-json\/wp\/v2\/product_cat?post=45682"},{"taxonomy":"product_tag","embeddable":true,"href":"https:\/\/gretasexylingerie.com\/sv\/wp-json\/wp\/v2\/product_tag?post=45682"}],"curies":[{"name":"wp","href":"https:\/\/api.w.org\/{rel}","templated":true}]}}