{"id":45673,"date":"2023-10-16T22:02:56","date_gmt":"2023-10-16T14:02:56","guid":{"rendered":"https:\/\/gretasexylingerie.com\/?post_type=product&#038;p=45673"},"modified":"2023-10-16T22:04:20","modified_gmt":"2023-10-16T14:04:20","slug":"grossist-genomskinlig-sexig-poliskvinna-kostym-bodysuit","status":"publish","type":"product","link":"https:\/\/gretasexylingerie.com\/sv\/products\/wholesale-see-through-sexy-policewoman-costume-bodysuit\/","title":{"rendered":"Genomskinlig sexig polisdr\u00e4kt i grossistledet"},"content":{"rendered":"<ol class=\"wp-block-list\">\n<li>Auktoritativ poliskvinna-tema: Det f\u00e5ngar en auktoritativ lockelse, vilket g\u00f6r det till ett sp\u00e4nnande val f\u00f6r \u00e4ventyrliga sj\u00e4lar. Den lekfulla estetiken s\u00e4kerst\u00e4ller en varaktig dragningskraft i din detaljhandelskollektion, och inbjuder till en ber\u00e4ttelse om traditionell charm och lekfull utforskning.<\/li>\n\n\n\n<li>Sensuell Mesh-genomskinlig design: Mesh-genomskinlig design ger inte bara en modern kant utan erbjuder ocks\u00e5 en smickrande siluett, vilket g\u00f6r det till ett \u00f6nskv\u00e4rt val f\u00f6r m\u00e5nga kunder. Det \u00e4r ett utm\u00e4rkt val f\u00f6r \u00e5terf\u00f6rs\u00e4ljare som vill erbjuda ett brett utbud av fantasifulla kl\u00e4der.<\/li>\n\n\n\n<li>Instrukt\u00f6rskropp med rollspel: Instrukt\u00f6rskroppsdesignen framkallar en k\u00e4nsla av modern elegans samtidigt som den beh\u00e5ller en sexig attraktionskraft. Det \u00e4r ett bevis p\u00e5 v\u00e5rt engagemang f\u00f6r att tillhandah\u00e5lla grossistprodukter som inte kompromissar med kvalitet eller komfort.<\/li>\n\n\n\n<li>Engagerande rollspelsupplevelse: Den h\u00e4r sexiga kostymen \u00e4r utformad f\u00f6r engagerande rollspelsupplevelser och inbjuder slutkonsumenter att f\u00f6rdjupa sig i sina fantasier. Det \u00e4r ett utm\u00e4rkt val f\u00f6r \u00e5terf\u00f6rs\u00e4ljare som vill erbjuda ett brett utbud av fantasifulla kl\u00e4dsel.<\/li>\n\n\n\n<li>Grossistf\u00f6rberedd: Med fokus p\u00e5 grossisthandel \u00e4r denna genomskinliga sexiga polisdr\u00e4kt redo att bli ett hett s\u00e4ljande f\u00f6rem\u00e5l i din detaljhandelskollektion. Det \u00e4r mer \u00e4n bara en kostym; det \u00e4r en inbjudan till en v\u00e4rld av fantasi och lekfull utforskning.<\/li>\n<\/ol>\n\n\n\n<p>Ut\u00f6ka din detaljhandelskollektion med v\u00e5r genomskinliga sexiga polisdr\u00e4kt i grossistledet, en perfekt blandning av auktoritativ charm och modern elegans. Det \u00e4r ett idealiskt val f\u00f6r \u00e5terf\u00f6rs\u00e4ljare som vill erbjuda ett m\u00e5ngsidigt och fantasifullt utbud av kl\u00e4dsel. Kontakta oss f\u00f6r grossistf\u00f6rfr\u00e5gningar och l\u00e4gg till en touch av lekfull elegans till ditt sortiment idag.<\/p>","protected":false},"excerpt":{"rendered":"<p>Genomf\u00f6r tjusning med v\u00e5r genomskinliga sexiga polisdr\u00e4kt i grossistledet. Den genomskinliga mesh-kroppen, perfekt f\u00f6r rollspel som instrukt\u00f6r, skapar en ber\u00e4ttelse av auktoritativ tjusning. Ett toppval f\u00f6r \u00e5terf\u00f6rs\u00e4ljare som str\u00e4var efter att erbjuda en blandning av auktoritativ charm och modern sensualitet.<\/p>","protected":false},"featured_media":45681,"template":"","meta":[],"product_brand":[],"product_cat":[974],"product_tag":[978],"class_list":{"0":"post-45673","1":"product","2":"type-product","3":"status-publish","4":"has-post-thumbnail","6":"product_cat-wholesale-sexy-costumes","7":"product_tag-policewoman-costume","8":"pa_color-black","9":"pa_size-free","11":"first","12":"instock","13":"taxable","14":"shipping-taxable","15":"purchasable","16":"product-type-variable"},"tiered_pricing_type":"fixed","tiered_pricing_fixed_rules":[],"tiered_pricing_product_settings":{"layout":"default","base_unit_name":{"singular":null,"plural":null},"default_variation":{}},"tiered_pricing_minimum_quantity":null,"tiered_pricing_roles_data":[],"tiered_pricing_percentage_rules":[],"tiered_pricing_maximum_quantity":null,"tiered_pricing_quantity_step":null,"_links":{"self":[{"href":"https:\/\/gretasexylingerie.com\/sv\/wp-json\/wp\/v2\/product\/45673","targetHints":{"allow":["GET"]}}],"collection":[{"href":"https:\/\/gretasexylingerie.com\/sv\/wp-json\/wp\/v2\/product"}],"about":[{"href":"https:\/\/gretasexylingerie.com\/sv\/wp-json\/wp\/v2\/types\/product"}],"wp:featuredmedia":[{"embeddable":true,"href":"https:\/\/gretasexylingerie.com\/sv\/wp-json\/wp\/v2\/media\/45681"}],"wp:attachment":[{"href":"https:\/\/gretasexylingerie.com\/sv\/wp-json\/wp\/v2\/media?parent=45673"}],"wp:term":[{"taxonomy":"product_brand","embeddable":true,"href":"https:\/\/gretasexylingerie.com\/sv\/wp-json\/wp\/v2\/product_brand?post=45673"},{"taxonomy":"product_cat","embeddable":true,"href":"https:\/\/gretasexylingerie.com\/sv\/wp-json\/wp\/v2\/product_cat?post=45673"},{"taxonomy":"product_tag","embeddable":true,"href":"https:\/\/gretasexylingerie.com\/sv\/wp-json\/wp\/v2\/product_tag?post=45673"}],"curies":[{"name":"wp","href":"https:\/\/api.w.org\/{rel}","templated":true}]}}