{"id":45665,"date":"2023-10-16T21:52:31","date_gmt":"2023-10-16T13:52:31","guid":{"rendered":"https:\/\/gretasexylingerie.com\/?post_type=product&#038;p=45665"},"modified":"2023-10-16T21:53:46","modified_gmt":"2023-10-16T13:53:46","slug":"partihandel-student-kostym-set-med-rutig-mesh-volang","status":"publish","type":"product","link":"https:\/\/gretasexylingerie.com\/sv\/products\/wholesale-student-costume-set-with-plaid-mesh-ruffle\/","title":{"rendered":"Partihandel student kostym set med pl\u00e4d mesh volanger"},"content":{"rendered":"<ol class=\"wp-block-list\">\n<li>Ungdomlig charm: Studentdr\u00e4ktens tema f\u00e5ngar en ungdomlig charm, vilket g\u00f6r det till ett sp\u00e4nnande val f\u00f6r \u00e4ventyrliga sj\u00e4lar. Den lekfulla estetiken s\u00e4kerst\u00e4ller en varaktig dragningskraft i din detaljhandelskollektion, och bjuder in en ber\u00e4ttelse om ungdomlig fantasi och lekfull utforskning.<\/li>\n\n\n\n<li>Redo f\u00f6r sexigt rollspel: Den sexiga kostymdesignen ger inte bara en modern kant utan erbjuder ocks\u00e5 en smickrande siluett, vilket g\u00f6r det till ett \u00f6nskv\u00e4rt val f\u00f6r ett brett spektrum av kunder. Det \u00e4r ett utm\u00e4rkt val f\u00f6r \u00e5terf\u00f6rs\u00e4ljare som vill erbjuda ett brett utbud av fantasifulla kl\u00e4dsel.<\/li>\n\n\n\n<li>Short Skirt Temptation: Den korta kjoldesignen framkallar en k\u00e4nsla av modern elegans samtidigt som den beh\u00e5ller en sexig dragningskraft. Det \u00e4r ett bevis p\u00e5 v\u00e5rt engagemang f\u00f6r att tillhandah\u00e5lla grossistprodukter som inte kompromissar med kvalitet eller komfort.<\/li>\n\n\n\n<li>Rutiga mesh volanger: Rutig mesh volanger ger en lekfull touch till ensemblen och f\u00f6rst\u00e4rker det ungdomliga temat. Det \u00e4r en unik funktion som skiljer den h\u00e4r kostymen \u00e5t, vilket g\u00f6r den till ett unikt till\u00e4gg till din detaljhandelskollektion.<\/li>\n\n\n\n<li>Inget behov av att ta av: Designen m\u00f6jligg\u00f6r en frestande lockelse utan att beh\u00f6va ta bort, vilket l\u00e4gger till ett unikt f\u00f6rs\u00e4ljningsargument f\u00f6r att locka kunder. Det \u00e4r en funktion som skiljer den h\u00e4r kostymen \u00e5t, vilket g\u00f6r den till ett unikt till\u00e4gg till din detaljhandelskollektion.<\/li>\n\n\n\n<li>Grossistf\u00f6rberedd: Med fokus p\u00e5 grossisthandel \u00e4r detta studentkostymset redo att bli ett hett s\u00e4ljande f\u00f6rem\u00e5l i din detaljhandelskollektion. Det \u00e4r mer \u00e4n bara en kostym; det \u00e4r en inbjudan till en v\u00e4rld av fantasi och lekfull utforskning.<\/li>\n<\/ol>\n\n\n\n<p>Ut\u00f6ka din detaljhandelskollektion med v\u00e5rt partihandelsset f\u00f6r studentkostymer, en perfekt blandning av ungdomlig charm och modern elegans. Det \u00e4r ett idealiskt val f\u00f6r \u00e5terf\u00f6rs\u00e4ljare som vill erbjuda ett m\u00e5ngsidigt och fantasifullt utbud av kl\u00e4dsel. Kontakta oss f\u00f6r grossistf\u00f6rfr\u00e5gningar och l\u00e4gg till en touch av lekfull elegans till ditt sortiment idag.<\/p>","protected":false},"excerpt":{"rendered":"<p>Kliv in i en ber\u00e4ttelse om ungdomlig tjusning med v\u00e5r studentkostym i grossistledet. Den sexiga kostymen, perfekt f\u00f6r rollspel, har en kort kjol som exponerar skinkorna tillsammans med rutigt n\u00e4tvolanger, som f\u00f6rkroppsligar en blandning av renhet och energisk frestelse. Ett utm\u00e4rkt urval f\u00f6r \u00e5terf\u00f6rs\u00e4ljare som str\u00e4var efter att erbjuda en blandning av ungdomlig charm och modern sensualitet.<\/p>","protected":false},"featured_media":45671,"template":"","meta":[],"product_brand":[],"product_cat":[974],"product_tag":[976],"class_list":{"0":"post-45665","1":"product","2":"type-product","3":"status-publish","4":"has-post-thumbnail","6":"product_cat-wholesale-sexy-costumes","7":"product_tag-schoolgirl-costumes","8":"pa_color-white","9":"pa_size-free","11":"first","12":"instock","13":"taxable","14":"shipping-taxable","15":"purchasable","16":"product-type-variable"},"tiered_pricing_type":"fixed","tiered_pricing_fixed_rules":[],"tiered_pricing_product_settings":{"layout":"default","base_unit_name":{"singular":null,"plural":null},"default_variation":{}},"tiered_pricing_minimum_quantity":null,"tiered_pricing_roles_data":[],"tiered_pricing_percentage_rules":[],"tiered_pricing_maximum_quantity":null,"tiered_pricing_quantity_step":null,"_links":{"self":[{"href":"https:\/\/gretasexylingerie.com\/sv\/wp-json\/wp\/v2\/product\/45665","targetHints":{"allow":["GET"]}}],"collection":[{"href":"https:\/\/gretasexylingerie.com\/sv\/wp-json\/wp\/v2\/product"}],"about":[{"href":"https:\/\/gretasexylingerie.com\/sv\/wp-json\/wp\/v2\/types\/product"}],"wp:featuredmedia":[{"embeddable":true,"href":"https:\/\/gretasexylingerie.com\/sv\/wp-json\/wp\/v2\/media\/45671"}],"wp:attachment":[{"href":"https:\/\/gretasexylingerie.com\/sv\/wp-json\/wp\/v2\/media?parent=45665"}],"wp:term":[{"taxonomy":"product_brand","embeddable":true,"href":"https:\/\/gretasexylingerie.com\/sv\/wp-json\/wp\/v2\/product_brand?post=45665"},{"taxonomy":"product_cat","embeddable":true,"href":"https:\/\/gretasexylingerie.com\/sv\/wp-json\/wp\/v2\/product_cat?post=45665"},{"taxonomy":"product_tag","embeddable":true,"href":"https:\/\/gretasexylingerie.com\/sv\/wp-json\/wp\/v2\/product_tag?post=45665"}],"curies":[{"name":"wp","href":"https:\/\/api.w.org\/{rel}","templated":true}]}}