{"id":45656,"date":"2023-10-16T21:42:06","date_gmt":"2023-10-16T13:42:06","guid":{"rendered":"https:\/\/gretasexylingerie.com\/?post_type=product&#038;p=45656"},"modified":"2023-10-16T21:43:33","modified_gmt":"2023-10-16T13:43:33","slug":"grossist-sexig-sjukskoterska-kostym-for-nattklubb-forestallningar","status":"publish","type":"product","link":"https:\/\/gretasexylingerie.com\/sv\/products\/wholesale-sexy-nurse-costume-for-nightclub-performances\/","title":{"rendered":"Sexig sjuksk\u00f6terskedr\u00e4kt i grossistledet f\u00f6r nattklubbsf\u00f6rest\u00e4llningar"},"content":{"rendered":"<ol class=\"wp-block-list\">\n<li>Medicinsk charm: Sjuksk\u00f6terskekostymens teman utstr\u00e5lar medicinsk elegans och kommer att v\u00e4cka alla \u00e4ventyrares intresse. Deras attraktiva estetik s\u00e4kerst\u00e4ller varaktigt tilltalande inom detaljhandelskollektioner, inspirerande historier om medicinsk fantasy samtidigt som de s\u00e4tter ig\u00e5ng lekfull utforskning!<\/li>\n\n\n\n<li>Sultry Lackl\u00e4dermaterial: Lackl\u00e4der ger inte bara en eklektisk, modern kant, utan det \u00e4r ocks\u00e5 mycket smickrande f\u00f6r kunder oavsett kroppstyp \u2013 ett utm\u00e4rkt alternativ f\u00f6r \u00e5terf\u00f6rs\u00e4ljare som erbjuder unika kl\u00e4dalternativ till kunder.<\/li>\n\n\n\n<li>Klar f\u00f6r framf\u00f6rande: Den h\u00e4r f\u00f6rf\u00f6riska kostymen \u00e4r gjord speciellt f\u00f6r nattklubbs- och barframtr\u00e4danden och inbjuder konsumenter att unna sig sina fantasier. \u00c5terf\u00f6rs\u00e4ljare som vill erbjuda olika kl\u00e4dsel f\u00f6r nattlivet kommer att tycka att detta \u00e4r ett idealiskt produktval.<\/li>\n\n\n\n<li>Elegant White Lace Trim: Denna kostyms eleganta vita spetskant ger sofistikering, f\u00f6rst\u00e4rker dess medicinska tema och g\u00f6r att den st\u00e5r bland butikskollektioner. Det g\u00f6r det h\u00e4r stycket verkligen unikt!<\/li>\n\n\n\n<li>Grossistf\u00f6rberedd: Med grossistf\u00f6rs\u00e4ljning i \u00e5tanke \u00e4r denna sexiga sjuksk\u00f6terskedr\u00e4kt redo att bli en av stj\u00e4rnartiklarna i din detaljhandelskollektion. Mer \u00e4n bara en kostym, det h\u00e4r f\u00f6rem\u00e5let \u00f6ppnar upp en v\u00e4rld av fantasi och lekfull utforskning!<\/li>\n<\/ol>\n\n\n\n<p>Ut\u00f6ka din detaljhandelskollektion med v\u00e5r sexiga sjuksk\u00f6terskedr\u00e4kt, den perfekta kombinationen av medicinsk charm och modern elegans. Perfekt f\u00f6r \u00e5terf\u00f6rs\u00e4ljare som vill erbjuda ett eklektiskt och m\u00e5ngsidigt sortiment av kl\u00e4dsel. Kontakta oss nu f\u00f6r grossistf\u00f6rfr\u00e5gningar och l\u00e4gg till lekfull elegans till din blandning idag.<\/p>","protected":false},"excerpt":{"rendered":"<p>Introducera lite tjusning med v\u00e5r sexiga sjuksk\u00f6terskekostym i grossistledet! Tillverkad av lackmaterial prydd med vita spetskanter, g\u00f6r den h\u00e4r sjuksk\u00f6terskedr\u00e4kten i grossistledet en of\u00f6rgl\u00f6mlig nattklubbs- och barprestanda om medicinsk charm och modern sensualitet. Ett utm\u00e4rkt alternativ f\u00f6r \u00e5terf\u00f6rs\u00e4ljare som vill erbjuda b\u00e5de lekfull professionalism och modern elegans!<\/p>","protected":false},"featured_media":45662,"template":"","meta":[],"product_brand":[],"product_cat":[974],"product_tag":[989],"class_list":{"0":"post-45656","1":"product","2":"type-product","3":"status-publish","4":"has-post-thumbnail","6":"product_cat-wholesale-sexy-costumes","7":"product_tag-nurse-costume","8":"pa_color-red-women-sexy-lingerie","9":"pa_size-free","11":"first","12":"instock","13":"taxable","14":"shipping-taxable","15":"purchasable","16":"product-type-variable"},"tiered_pricing_type":"fixed","tiered_pricing_fixed_rules":[],"tiered_pricing_product_settings":{"layout":"default","base_unit_name":{"singular":null,"plural":null},"default_variation":{}},"tiered_pricing_minimum_quantity":null,"tiered_pricing_roles_data":[],"tiered_pricing_percentage_rules":[],"tiered_pricing_maximum_quantity":null,"tiered_pricing_quantity_step":null,"_links":{"self":[{"href":"https:\/\/gretasexylingerie.com\/sv\/wp-json\/wp\/v2\/product\/45656","targetHints":{"allow":["GET"]}}],"collection":[{"href":"https:\/\/gretasexylingerie.com\/sv\/wp-json\/wp\/v2\/product"}],"about":[{"href":"https:\/\/gretasexylingerie.com\/sv\/wp-json\/wp\/v2\/types\/product"}],"wp:featuredmedia":[{"embeddable":true,"href":"https:\/\/gretasexylingerie.com\/sv\/wp-json\/wp\/v2\/media\/45662"}],"wp:attachment":[{"href":"https:\/\/gretasexylingerie.com\/sv\/wp-json\/wp\/v2\/media?parent=45656"}],"wp:term":[{"taxonomy":"product_brand","embeddable":true,"href":"https:\/\/gretasexylingerie.com\/sv\/wp-json\/wp\/v2\/product_brand?post=45656"},{"taxonomy":"product_cat","embeddable":true,"href":"https:\/\/gretasexylingerie.com\/sv\/wp-json\/wp\/v2\/product_cat?post=45656"},{"taxonomy":"product_tag","embeddable":true,"href":"https:\/\/gretasexylingerie.com\/sv\/wp-json\/wp\/v2\/product_tag?post=45656"}],"curies":[{"name":"wp","href":"https:\/\/api.w.org\/{rel}","templated":true}]}}