{"id":45646,"date":"2023-10-16T00:36:44","date_gmt":"2023-10-15T16:36:44","guid":{"rendered":"https:\/\/gretasexylingerie.com\/?post_type=product&#038;p=45646"},"modified":"2023-10-16T00:38:19","modified_gmt":"2023-10-15T16:38:19","slug":"grossist-polis-sexig-kostym-nattklubb-set","status":"publish","type":"product","link":"https:\/\/gretasexylingerie.com\/sv\/products\/wholesale-policewoman-sexy-costume-nightclub-set\/","title":{"rendered":"Partihandel polis sexig kostym nattklubb set"},"content":{"rendered":"<ol class=\"wp-block-list\">\n<li>Auktoritativ poliskvinna-tema: Den auktorit\u00e4ra tjusningen med poliskvinnateman g\u00f6r dem till idealiska val f\u00f6r \u00e4ventyrliga andar, med lekfull estetik som ger varaktigt tilltalande i din butikskollektion och inbjuder till en atmosf\u00e4r av auktoritativ charm kombinerat med lekfull utforskning.<\/li>\n\n\n\n<li>Sensuellt svart konstl\u00e4der: Svart konstl\u00e4der ger modernitet till alla kl\u00e4der samtidigt som det erbjuder en smickrande siluett, vilket g\u00f6r det till ett popul\u00e4rt val bland kunder i olika \u00e5ldrar och typer. \u00c5terf\u00f6rs\u00e4ljare som tillhandah\u00e5ller innovativa kl\u00e4der b\u00f6r \u00f6verv\u00e4ga att tillhandah\u00e5lla detta tidl\u00f6sa alternativ till sin kundbas.<\/li>\n\n\n\n<li>F\u00f6rberedd f\u00f6r nattklubbsf\u00f6rest\u00e4llningar: Denna f\u00f6rf\u00f6riska kostym \u00e4r utformad speciellt f\u00f6r nattklubbsframtr\u00e4danden och l\u00e5ter slutkonsumenter sl\u00e4ppa l\u00f6s sina fantasier. Ett utm\u00e4rkt alternativ f\u00f6r \u00e5terf\u00f6rs\u00e4ljare som vill tillhandah\u00e5lla fantasifulla kl\u00e4der f\u00f6r nattlivet.<\/li>\n\n\n\n<li>Wild BH och trosset: En vild bh och trosset l\u00e4gger till en i\u00f6gonfallande funktion till en annars enkel ensemble, f\u00f6rst\u00e4rker dess auktoritativa tema och g\u00f6r det till ett utm\u00e4rkt detaljhandelsobjekt i din samling. Det g\u00f6r denna kostym verkligen unik!<\/li>\n\n\n\n<li>Dekorativ b\u00e5rd med femuddig stj\u00e4rna i silver: Den dekorativa b\u00e5rden av silverstj\u00e4rna ger en k\u00e4nsla av klass och distinktion till kostymer, vilket g\u00f6r att denna pj\u00e4s sticker ut i din detaljhandelskollektion.<\/li>\n\n\n\n<li>Retail Ready: Med partihandel som fokus kommer denna sexiga polisdr\u00e4kt s\u00e4kerligen att bli en hit i din detaljhandelskollektion. Mer \u00e4n bara en outfit; den h\u00e4r kostymen \u00f6ppnar d\u00f6rrarna till en uppslukande v\u00e4rld av fantasi och lekfull utforskning!<\/li>\n<\/ol>\n\n\n\n<p>Ut\u00f6ka din detaljhandelskollektion med v\u00e5r sexiga grossistdr\u00e4kt f\u00f6r poliskvinna, den perfekta blandningen av auktoritativ tjusning och modern sofistikering. Det \u00e4r ett utm\u00e4rkt alternativ f\u00f6r \u00e5terf\u00f6rs\u00e4ljare som str\u00e4var efter att erbjuda ett expansivt och varierat utbud av kl\u00e4der. H\u00f6r av dig idag med grossistf\u00f6rfr\u00e5gningar s\u00e5 att vi kan l\u00e4gga till lekfull elegans till ditt lager.<\/p>","protected":false},"excerpt":{"rendered":"<p>Framtvinga tjusning med v\u00e5r sexiga polisdr\u00e4kt i grossistledet! Perfekt f\u00f6r nattklubbsframtr\u00e4danden, den svarta l\u00e4derimitationen har en dj\u00e4rv charm som utstr\u00e5lar vild charm med sin dekorativa kant av silverstj\u00e4rna \u2013 perfekt f\u00f6r \u00e5terf\u00f6rs\u00e4ljare som vill ge kunderna b\u00e5de auktoritativ tjusning och modern sensualitet.<\/p>","protected":false},"featured_media":45651,"template":"","meta":[],"product_brand":[],"product_cat":[974],"product_tag":[978],"class_list":{"0":"post-45646","1":"product","2":"type-product","3":"status-publish","4":"has-post-thumbnail","6":"product_cat-wholesale-sexy-costumes","7":"product_tag-policewoman-costume","8":"pa_color-black","9":"pa_size-free","11":"first","12":"instock","13":"taxable","14":"shipping-taxable","15":"purchasable","16":"product-type-variable"},"tiered_pricing_type":"fixed","tiered_pricing_fixed_rules":[],"tiered_pricing_product_settings":{"layout":"default","base_unit_name":{"singular":null,"plural":null},"default_variation":{}},"tiered_pricing_minimum_quantity":null,"tiered_pricing_roles_data":[],"tiered_pricing_percentage_rules":[],"tiered_pricing_maximum_quantity":null,"tiered_pricing_quantity_step":null,"_links":{"self":[{"href":"https:\/\/gretasexylingerie.com\/sv\/wp-json\/wp\/v2\/product\/45646","targetHints":{"allow":["GET"]}}],"collection":[{"href":"https:\/\/gretasexylingerie.com\/sv\/wp-json\/wp\/v2\/product"}],"about":[{"href":"https:\/\/gretasexylingerie.com\/sv\/wp-json\/wp\/v2\/types\/product"}],"wp:featuredmedia":[{"embeddable":true,"href":"https:\/\/gretasexylingerie.com\/sv\/wp-json\/wp\/v2\/media\/45651"}],"wp:attachment":[{"href":"https:\/\/gretasexylingerie.com\/sv\/wp-json\/wp\/v2\/media?parent=45646"}],"wp:term":[{"taxonomy":"product_brand","embeddable":true,"href":"https:\/\/gretasexylingerie.com\/sv\/wp-json\/wp\/v2\/product_brand?post=45646"},{"taxonomy":"product_cat","embeddable":true,"href":"https:\/\/gretasexylingerie.com\/sv\/wp-json\/wp\/v2\/product_cat?post=45646"},{"taxonomy":"product_tag","embeddable":true,"href":"https:\/\/gretasexylingerie.com\/sv\/wp-json\/wp\/v2\/product_tag?post=45646"}],"curies":[{"name":"wp","href":"https:\/\/api.w.org\/{rel}","templated":true}]}}