{"id":45586,"date":"2023-10-15T23:04:10","date_gmt":"2023-10-15T15:04:10","guid":{"rendered":"https:\/\/gretasexylingerie.com\/?post_type=product&#038;p=45586"},"modified":"2023-10-15T23:06:49","modified_gmt":"2023-10-15T15:06:49","slug":"grossist-rygglos-halterneck-cheerleading-rollspel-set","status":"publish","type":"product","link":"https:\/\/gretasexylingerie.com\/sv\/products\/wholesale-backless-halterneck-cheerleading-role-play-set\/","title":{"rendered":"Grossist ryggl\u00f6s Halterneck cheerleading rollspel set"},"content":{"rendered":"<ol class=\"wp-block-list\">\n<li>Ungdomlig JK Costume Design: JK Costume-designen utstr\u00e5lar ungdomlig charm, vilket g\u00f6r den till ett sp\u00e4nnande alternativ f\u00f6r \u00e4ventyrliga andar. Dess lekfulla estetik s\u00e4kerst\u00e4ller varaktigt tilltalande i detaljhandelskollektioner samtidigt som de skapar en ber\u00e4ttelse om skolflickscharm och lekfull utforskning.<\/li>\n\n\n\n<li>Sexigt rutigt PU-l\u00e4der: Detta sensuella rutigt PU-l\u00e4der ger inte bara modernitet och sofistikering till alla utseenden utan skapar ocks\u00e5 en aura av sensualitet \u2013 vilket g\u00f6r denna kostym till en exceptionell detalj f\u00f6r detaljhandeln.<\/li>\n\n\n\n<li>Ryggl\u00f6s Halterneck Elegans: Den ryggl\u00f6sa halterneckdesignen erbjuder en tilltalande siluett, vilket g\u00f6r den till ett popul\u00e4rt val bland kunder i olika \u00e5ldrar och demografi. \u00c5terf\u00f6rs\u00e4ljare som vill erbjuda en m\u00e4ngd fantasifulla kl\u00e4der g\u00f6r klokt i att ha ett urval av dessa uts\u00f6kta plagg.<\/li>\n\n\n\n<li>Klart f\u00f6r cheerleading-rollspel: Detta set \u00e4r speciellt framtaget f\u00f6r att m\u00f6jligg\u00f6ra cheerleading-rollspel och inbjuder slutkonsumenter att uttrycka sig fritt genom rollspel. Ett idealiskt alternativ f\u00f6r \u00e5terf\u00f6rs\u00e4ljare som vill erbjuda olika kl\u00e4dl\u00f6sningar.<\/li>\n\n\n\n<li>Grossistf\u00f6rberedd: Med grossistf\u00f6rs\u00e4ljning i \u00e5tanke kommer detta JK-kostymset s\u00e4kert att bli en stors\u00e4ljare i din detaljhandelskollektion. Mer \u00e4n bara en vanlig kostym; detta JK-set ger tillg\u00e5ng till en sp\u00e4nnande v\u00e4rld av fantasi och lekfull fantasi!<\/li>\n<\/ol>\n\n\n\n<p>Ut\u00f6ka din detaljhandelskollektion med v\u00e5r JK-dr\u00e4kt i pl\u00e4d i PU-l\u00e4der, den idealiska kombinationen av ungdomlig charm och modern elegans. Det \u00e4r ett idealiskt alternativ f\u00f6r \u00e5terf\u00f6rs\u00e4ljare som vill ge kunderna en sp\u00e4nnande variation av kl\u00e4dsel, s\u00e5 kontakta oss nu med grossistf\u00f6rfr\u00e5gningar och l\u00e4gg till lekfull elegans till ditt sortiment.<\/p>\n\n\n\n<figure class=\"wp-block-table is-style-stripes\"><table class=\"has-fixed-layout\"><tbody><tr><td>Webbplatsdiagram (CM)<\/td><td><\/td><td><\/td><td><\/td><\/tr><tr><td>Storlek<\/td><td>L\u00e4ngd<\/td><td>Nedre byst<\/td><td>Midja<\/td><\/tr><tr><td>S<\/td><td>52<\/td><td>86-90<\/td><td>57-61<\/td><\/tr><tr><td>M<\/td><td>54<\/td><td>90-94<\/td><td>61-65<\/td><\/tr><tr><td>L<\/td><td>56<\/td><td>94-98<\/td><td>65-69<\/td><\/tr><tr><td>XL<\/td><td>58<\/td><td>98-102<\/td><td>69-73<\/td><\/tr><tr><td>Webbplatsdiagram (INCH)<\/td><td><\/td><td><\/td><td><\/td><\/tr><tr><td>Storlek<\/td><td>L\u00e4ngd<\/td><td>Nedre byst<\/td><td>Midja<\/td><\/tr><tr><td>S<\/td><td>20.47<\/td><td>33.86-35.43<\/td><td>22.44-24.02<\/td><\/tr><tr><td>M<\/td><td>21.26<\/td><td>35.43-37.01<\/td><td>24.02-25.59<\/td><\/tr><tr><td>L<\/td><td>22.05<\/td><td>37.01-38.58<\/td><td>25.59-27.17<\/td><\/tr><tr><td>XL<\/td><td>22.83<\/td><td>38.58-40.16<\/td><td>27.17-28.74<\/td><\/tr><\/tbody><\/table><\/figure>","protected":false},"excerpt":{"rendered":"<p>Sl\u00e4pp l\u00f6s andan av lekfulla \u00e4ventyr med v\u00e5r JK-kostym i PU-l\u00e4der i grossistledet! Perfekt f\u00f6r cheerleading rollspel, dess ryggl\u00f6sa halterneck-design t\u00e4nder fantasin \u2013 vilket g\u00f6r detta set till ett utm\u00e4rkt alternativ f\u00f6r \u00e5terf\u00f6rs\u00e4ljare som hoppas kunna erbjuda b\u00e5de ungdomlig charm och modern sensualitet i ett paket.<\/p>","protected":false},"featured_media":45598,"template":"","meta":[],"product_brand":[],"product_cat":[974],"product_tag":[976],"class_list":{"0":"post-45586","1":"product","2":"type-product","3":"status-publish","4":"has-post-thumbnail","6":"product_cat-wholesale-sexy-costumes","7":"product_tag-schoolgirl-costumes","8":"pa_color-blue-women-sexy-lingerie","9":"pa_size-wholesale-large-size-women-sexy-lingerie","10":"pa_size-wholesale-medium-size-women-sexy-lingerie","11":"pa_size-wholesale-small-size-sexy-lingerie","12":"pa_size-wholesale-extra-large-sexy-lingerie","14":"first","15":"instock","16":"taxable","17":"shipping-taxable","18":"purchasable","19":"product-type-variable"},"tiered_pricing_type":"fixed","tiered_pricing_fixed_rules":[],"tiered_pricing_product_settings":{"layout":"default","base_unit_name":{"singular":null,"plural":null},"default_variation":{}},"tiered_pricing_minimum_quantity":null,"tiered_pricing_roles_data":[],"tiered_pricing_percentage_rules":[],"tiered_pricing_maximum_quantity":null,"tiered_pricing_quantity_step":null,"_links":{"self":[{"href":"https:\/\/gretasexylingerie.com\/sv\/wp-json\/wp\/v2\/product\/45586","targetHints":{"allow":["GET"]}}],"collection":[{"href":"https:\/\/gretasexylingerie.com\/sv\/wp-json\/wp\/v2\/product"}],"about":[{"href":"https:\/\/gretasexylingerie.com\/sv\/wp-json\/wp\/v2\/types\/product"}],"wp:featuredmedia":[{"embeddable":true,"href":"https:\/\/gretasexylingerie.com\/sv\/wp-json\/wp\/v2\/media\/45598"}],"wp:attachment":[{"href":"https:\/\/gretasexylingerie.com\/sv\/wp-json\/wp\/v2\/media?parent=45586"}],"wp:term":[{"taxonomy":"product_brand","embeddable":true,"href":"https:\/\/gretasexylingerie.com\/sv\/wp-json\/wp\/v2\/product_brand?post=45586"},{"taxonomy":"product_cat","embeddable":true,"href":"https:\/\/gretasexylingerie.com\/sv\/wp-json\/wp\/v2\/product_cat?post=45586"},{"taxonomy":"product_tag","embeddable":true,"href":"https:\/\/gretasexylingerie.com\/sv\/wp-json\/wp\/v2\/product_tag?post=45586"}],"curies":[{"name":"wp","href":"https:\/\/api.w.org\/{rel}","templated":true}]}}