{"id":45546,"date":"2023-10-13T23:59:04","date_gmt":"2023-10-13T15:59:04","guid":{"rendered":"https:\/\/gretasexylingerie.com\/?post_type=product&#038;p=45546"},"modified":"2024-01-17T21:43:19","modified_gmt":"2024-01-17T13:43:19","slug":"grossist-sexig-julkostym-djup-v-bodysuit","status":"publish","type":"product","link":"https:\/\/gretasexylingerie.com\/sv\/products\/wholesale-sexy-christmas-costume-deep-v-bodysuit\/","title":{"rendered":"Grossist sexig julkostym Deep V Bodysuit"},"content":{"rendered":"<ol class=\"wp-block-list\">\n<li>Festlig lockelse: Juldr\u00e4ktens festliga sk\u00f6nhet g\u00f6r den till ett sp\u00e4nnande val f\u00f6r julf\u00f6rest\u00e4llningar och f\u00f6rest\u00e4llningar av alla slag. Med lekfull estetik som s\u00e4kerst\u00e4ller en l\u00e5ngvarig attraktionskraft i butikskollektioner hj\u00e4lper de till att ber\u00e4tta historier om firande och charm samtidigt som de bjuder in en upplevelsebaserad ber\u00e4ttelse att fira den h\u00e4r tiden p\u00e5 \u00e5ret.<\/li>\n\n\n\n<li>Sensuell Deep V Bodysuit: Denna sensuella Deep V-bodysuit tillf\u00f6r inte bara f\u00f6rf\u00f6risk dragningskraft, utan den \u00e4r ocks\u00e5 smickrande p\u00e5 n\u00e4stan varje figur \u2013 vilket g\u00f6r den till ett popul\u00e4rt alternativ bland kunder i olika \u00e5ldrar och bakgrunder. Det sticker ut som ett exklusivt erbjudande i din detaljhandelskollektion och s\u00e4kerst\u00e4ller en idealisk kundupplevelse!<\/li>\n\n\n\n<li>\u00d6verl\u00e4gset hantverk: V\u00e5rt hantverk av h\u00f6g kvalitet garanterar en effektiv men \u00e4nd\u00e5 bekv\u00e4m passform utan att kompromissa med sexig attraktion, vilket s\u00e4ger mycket om v\u00e5rt engagemang f\u00f6r att erbjuda grossistprodukter som inte kompromissar med komfort eller kvalitet.<\/li>\n\n\n\n<li>Kl\u00e4dsel f\u00f6r julframtr\u00e4danden: Perfekt f\u00f6r b\u00e5de temafester och f\u00f6rest\u00e4llningar, den h\u00e4r juldr\u00e4kten kan anpassas till en m\u00e4ngd olika festliga tillf\u00e4llen \u2013 vilket g\u00f6r den till den idealiska l\u00f6sningen f\u00f6r \u00e5terf\u00f6rs\u00e4ljare som vill erbjuda ett varierat urval av semesterkl\u00e4der.<\/li>\n\n\n\n<li>Grossistf\u00f6rberedd: Den h\u00e4r juldr\u00e4kten \u00e4r gjord f\u00f6r grossistf\u00f6rs\u00e4ljning och kan snabbt bli en av de b\u00e4sts\u00e4ljande f\u00f6rem\u00e5len i din detaljhandelskollektion. Ut\u00f6ver att bara vara ett f\u00f6rem\u00e5l att kl\u00e4 upp sig i, \u00f6ppnar det en v\u00e4rld av fantasi och festlig utforskning som v\u00e4ntar p\u00e5 uppt\u00e4ckt!<\/li>\n<\/ol>\n\n\n\n<p>L\u00e4gg till v\u00e5r sexiga juldr\u00e4kt i grossistledet till din detaljhandelskollektion f\u00f6r att l\u00e4gga till festlig tjusning och sensuell elegans. Den \u00e4r idealisk f\u00f6r \u00e5terf\u00f6rs\u00e4ljare som vill erbjuda ett varierat och fantasifullt urval av semesterkl\u00e4der. Kontakta oss nu f\u00f6r grossistf\u00f6rfr\u00e5gningar och l\u00e4gg till lekfull elegans till ditt lager idag.<\/p>\n\n\n\n<figure class=\"wp-block-table is-style-stripes\"><table class=\"has-fixed-layout\"><tbody><tr><td>Webbplatsdiagram (CM)<\/td><td><\/td><td><\/td><td><\/td><\/tr><tr><td>Storlek<\/td><td>L\u00e4ngd<\/td><td>Nedre byst<\/td><td>Midja<\/td><\/tr><tr><td>S<\/td><td>67.5<\/td><td>86-90<\/td><td>62-66<\/td><\/tr><tr><td>M<\/td><td>69.5<\/td><td>90-94<\/td><td>66-70<\/td><\/tr><tr><td>L<\/td><td>71.5<\/td><td>94-98<\/td><td>70-74<\/td><\/tr><tr><td>XL<\/td><td>73.5<\/td><td>98-102<\/td><td>74-78<\/td><\/tr><tr><td>Webbplatsdiagram (INCH)<\/td><td><\/td><td><\/td><td><\/td><\/tr><tr><td>Storlek<\/td><td>L\u00e4ngd<\/td><td>Nedre byst<\/td><td>Midja<\/td><\/tr><tr><td>S<\/td><td>26.57<\/td><td>33.86-35.43<\/td><td>24.41-25.98<\/td><\/tr><tr><td>M<\/td><td>27.36<\/td><td>35.43-37.01<\/td><td>25.98-27.56<\/td><\/tr><tr><td>L<\/td><td>28.15<\/td><td>37.01-38.58<\/td><td>27.56-29.13<\/td><\/tr><tr><td>XL<\/td><td>28.94<\/td><td>38.58-40.16<\/td><td>29.13-30.71<\/td><\/tr><\/tbody><\/table><\/figure>","protected":false},"excerpt":{"rendered":"<p>Sl\u00e4pp l\u00f6s julens magi med v\u00e5r sexiga juldr\u00e4kt i grossistledet. Tillverkad f\u00f6r att f\u00f6rb\u00e4ttra semesterf\u00f6rest\u00e4llningar och evenemang, g\u00f6r dess djupa V-body varje betydelsefull fest magisk! Ett utm\u00e4rkt val f\u00f6r \u00e5terf\u00f6rs\u00e4ljare som vill erbjuda festlig tjusning i kombination med sensuell elegans.<\/p>","protected":false},"featured_media":45554,"template":"","meta":[],"product_brand":[],"product_cat":[370,974,367,373],"product_tag":[964,984],"class_list":{"0":"post-45546","1":"product","2":"type-product","3":"status-publish","4":"has-post-thumbnail","6":"product_cat-bodysuit","7":"product_cat-wholesale-sexy-costumes","8":"product_cat-sexy-lingerie","9":"product_cat-wholesale-sexy-mesh-bodysuit","10":"product_tag-christmas-lingerie","11":"product_tag-halloween-costumes","12":"pa_color-red-women-sexy-lingerie","13":"pa_size-wholesale-large-size-women-sexy-lingerie","14":"pa_size-wholesale-medium-size-women-sexy-lingerie","15":"pa_size-wholesale-small-size-sexy-lingerie","16":"pa_size-wholesale-extra-large-sexy-lingerie","18":"first","19":"instock","20":"taxable","21":"shipping-taxable","22":"purchasable","23":"product-type-variable"},"tiered_pricing_type":"fixed","tiered_pricing_fixed_rules":[],"tiered_pricing_product_settings":{"layout":"default","base_unit_name":{"singular":null,"plural":null},"default_variation":null},"tiered_pricing_minimum_quantity":null,"tiered_pricing_roles_data":[],"tiered_pricing_percentage_rules":[],"tiered_pricing_maximum_quantity":null,"tiered_pricing_quantity_step":null,"_links":{"self":[{"href":"https:\/\/gretasexylingerie.com\/sv\/wp-json\/wp\/v2\/product\/45546","targetHints":{"allow":["GET"]}}],"collection":[{"href":"https:\/\/gretasexylingerie.com\/sv\/wp-json\/wp\/v2\/product"}],"about":[{"href":"https:\/\/gretasexylingerie.com\/sv\/wp-json\/wp\/v2\/types\/product"}],"wp:featuredmedia":[{"embeddable":true,"href":"https:\/\/gretasexylingerie.com\/sv\/wp-json\/wp\/v2\/media\/45554"}],"wp:attachment":[{"href":"https:\/\/gretasexylingerie.com\/sv\/wp-json\/wp\/v2\/media?parent=45546"}],"wp:term":[{"taxonomy":"product_brand","embeddable":true,"href":"https:\/\/gretasexylingerie.com\/sv\/wp-json\/wp\/v2\/product_brand?post=45546"},{"taxonomy":"product_cat","embeddable":true,"href":"https:\/\/gretasexylingerie.com\/sv\/wp-json\/wp\/v2\/product_cat?post=45546"},{"taxonomy":"product_tag","embeddable":true,"href":"https:\/\/gretasexylingerie.com\/sv\/wp-json\/wp\/v2\/product_tag?post=45546"}],"curies":[{"name":"wp","href":"https:\/\/api.w.org\/{rel}","templated":true}]}}