{"id":45518,"date":"2023-10-13T23:31:58","date_gmt":"2023-10-13T15:31:58","guid":{"rendered":"https:\/\/gretasexylingerie.com\/?post_type=product&#038;p=45518"},"modified":"2023-10-13T23:35:57","modified_gmt":"2023-10-13T15:35:57","slug":"grossist-sexig-rutig-jk-kostym-set-med-veckad-kjol","status":"publish","type":"product","link":"https:\/\/gretasexylingerie.com\/sv\/products\/wholesale-sexy-plaid-jk-costume-set-with-pleated-skirt\/","title":{"rendered":"Grossist sexig pl\u00e4d JK kostymset med plisserad kjol"},"content":{"rendered":"<ol class=\"wp-block-list\">\n<li>Youthful Appeal: Den ikoniska JK Costume-designen f\u00e5ngar en ungdomlig attraktionskraft, vilket g\u00f6r den till det perfekta valet f\u00f6r \u00e4ventyrliga andar. Med sin tidl\u00f6sa rutm\u00f6nsterdesign och eviga attraktionskraft kommer dess inkludering att f\u00f6rbli en del av din detaljhandelskollektion i flera \u00e5r.<\/li>\n\n\n\n<li>Lockande plisserad kjoldesign: Den plisserade kjolen tillf\u00f6r lekfull charm samtidigt som den skapar en k\u00e4nsla av lekfull frestelse, som skiljer denna outfit \u00e5t och g\u00f6r den till en viktig komponent i din detaljhandelskollektion.<\/li>\n\n\n\n<li>L\u00e4tt att ta bort: Den h\u00e4r upps\u00e4ttningen \u00e4r skapad f\u00f6r enkel borttagning och inbjuder till lekfullt ber\u00e4ttande f\u00f6r de v\u00e5gade utekv\u00e4llarna och \u00e4r ett utm\u00e4rkt urval f\u00f6r \u00e5terf\u00f6rs\u00e4ljare som vill erbjuda olika samlingar av fantasifulla kl\u00e4der.<\/li>\n\n\n\n<li>Komplett set i tv\u00e5 delar: Detta omfattande set i tv\u00e5 delar inneh\u00e5ller matchande bh och strumpor f\u00f6r att ge ett komplett utseende f\u00f6r alla lekfulla tillf\u00e4llen. \u00c5terf\u00f6rs\u00e4ljare som vill erbjuda kompletta ensembler kan dra nytta av denna kompletta l\u00f6sning.<\/li>\n\n\n\n<li>Grossistf\u00f6rberedd: Med grossistf\u00f6rs\u00e4ljning som fokus f\u00f6r detta JK Costume-set, kan det bli ett attraktivt inslag i din detaljhandelskollektion. Mer \u00e4n bara en outfit; denna kostym ger tillg\u00e5ng till en fantasifull v\u00e4rld fylld av fantasi och lekfull lekfullhet!<\/li>\n<\/ol>\n\n\n\n<p>L\u00e4gg till ungdomlig tjusning och lekfull tillg\u00e4nglighet till din detaljhandelskollektion med v\u00e5rt grossistset sexiga rutigt JK Costume Set, perfekt f\u00f6r \u00e5terf\u00f6rs\u00e4ljare som s\u00f6ker ett m\u00e5ngsidigt och fantasifullt utbud av kl\u00e4dsel. Kontakta oss f\u00f6r grossistf\u00f6rfr\u00e5gningar idag och l\u00e4gg till lite lekfull elegans till ditt sortiment.<\/p>\n\n\n\n<figure class=\"wp-block-table is-style-stripes\"><table class=\"has-fixed-layout\"><tbody><tr><td>Webbplatsdiagram (CM)<\/td><td><\/td><td><\/td><td><\/td><\/tr><tr><td>Storlek<\/td><td>L\u00e4ngd<\/td><td>Nedre byst<\/td><td>Midja<\/td><\/tr><tr><td>S<\/td><td>63<\/td><td>86-90<\/td><td>61-65<\/td><\/tr><tr><td>M<\/td><td>64<\/td><td>90-94<\/td><td>65-69<\/td><\/tr><tr><td>L<\/td><td>65<\/td><td>94-98<\/td><td>69-73<\/td><\/tr><tr><td>XL<\/td><td>66<\/td><td>98-102<\/td><td>73-77<\/td><\/tr><tr><td>Webbplatsdiagram (INCH)<\/td><td><\/td><td><\/td><td><\/td><\/tr><tr><td>Storlek<\/td><td>L\u00e4ngd<\/td><td>Nedre byst<\/td><td>Midja<\/td><\/tr><tr><td>S<\/td><td>24.8<\/td><td>33.86-35.43<\/td><td>24.02-25.59<\/td><\/tr><tr><td>M<\/td><td>25.2<\/td><td>35.43-37.01<\/td><td>25.59-27.17<\/td><\/tr><tr><td>L<\/td><td>25.59<\/td><td>37.01-38.58<\/td><td>27.17-28.74<\/td><\/tr><tr><td>XL<\/td><td>25.98<\/td><td>38.58-40.16<\/td><td>28.74-30.31<\/td><\/tr><\/tbody><\/table><\/figure>","protected":false},"excerpt":{"rendered":"<p>Sl\u00e4pp l\u00f6s ungdomlig tjusning med v\u00e5rt sexiga JK-kostymset i grossistledet! Den f\u00f6rf\u00f6riska plisserade kjolen passar perfekt ihop med sin matchande bh och strumpor f\u00f6r att g\u00f6ra den enkel att ta av, vilket g\u00f6r denna upps\u00e4ttning till det perfekta urvalet f\u00f6r \u00e4ventyrliga kv\u00e4llar. Ett bra val f\u00f6r \u00e5terf\u00f6rs\u00e4ljare som vill erbjuda b\u00e5de fantasi och tillg\u00e4nglighet!<\/p>","protected":false},"featured_media":45530,"template":"","meta":[],"product_brand":[],"product_cat":[974],"product_tag":[976],"class_list":{"0":"post-45518","1":"product","2":"type-product","3":"status-publish","4":"has-post-thumbnail","6":"product_cat-wholesale-sexy-costumes","7":"product_tag-schoolgirl-costumes","8":"pa_color-green","9":"pa_color-red-women-sexy-lingerie","10":"pa_size-wholesale-large-size-women-sexy-lingerie","11":"pa_size-wholesale-medium-size-women-sexy-lingerie","12":"pa_size-wholesale-small-size-sexy-lingerie","13":"pa_size-wholesale-extra-large-sexy-lingerie","15":"first","16":"instock","17":"taxable","18":"shipping-taxable","19":"purchasable","20":"product-type-variable"},"tiered_pricing_type":"fixed","tiered_pricing_fixed_rules":[],"tiered_pricing_product_settings":{"layout":"default","base_unit_name":{"singular":null,"plural":null},"default_variation":{}},"tiered_pricing_minimum_quantity":null,"tiered_pricing_roles_data":[],"tiered_pricing_percentage_rules":[],"tiered_pricing_maximum_quantity":null,"tiered_pricing_quantity_step":null,"_links":{"self":[{"href":"https:\/\/gretasexylingerie.com\/sv\/wp-json\/wp\/v2\/product\/45518","targetHints":{"allow":["GET"]}}],"collection":[{"href":"https:\/\/gretasexylingerie.com\/sv\/wp-json\/wp\/v2\/product"}],"about":[{"href":"https:\/\/gretasexylingerie.com\/sv\/wp-json\/wp\/v2\/types\/product"}],"wp:featuredmedia":[{"embeddable":true,"href":"https:\/\/gretasexylingerie.com\/sv\/wp-json\/wp\/v2\/media\/45530"}],"wp:attachment":[{"href":"https:\/\/gretasexylingerie.com\/sv\/wp-json\/wp\/v2\/media?parent=45518"}],"wp:term":[{"taxonomy":"product_brand","embeddable":true,"href":"https:\/\/gretasexylingerie.com\/sv\/wp-json\/wp\/v2\/product_brand?post=45518"},{"taxonomy":"product_cat","embeddable":true,"href":"https:\/\/gretasexylingerie.com\/sv\/wp-json\/wp\/v2\/product_cat?post=45518"},{"taxonomy":"product_tag","embeddable":true,"href":"https:\/\/gretasexylingerie.com\/sv\/wp-json\/wp\/v2\/product_tag?post=45518"}],"curies":[{"name":"wp","href":"https:\/\/api.w.org\/{rel}","templated":true}]}}