{"id":45506,"date":"2023-10-13T23:11:59","date_gmt":"2023-10-13T15:11:59","guid":{"rendered":"https:\/\/gretasexylingerie.com\/?post_type=product&#038;p=45506"},"modified":"2023-10-13T23:15:44","modified_gmt":"2023-10-13T15:15:44","slug":"grossist-genomskinligt-mesh-piga-outfit-hangsel-klanning","status":"publish","type":"product","link":"https:\/\/gretasexylingerie.com\/sv\/products\/wholesale-transparent-mesh-maid-outfit-suspender-dress\/","title":{"rendered":"Partihandel Transparent Mesh Maid Outfit Suspender Dress"},"content":{"rendered":"<ol class=\"wp-block-list\">\n<li>Design f\u00f6r Innocence yet Allure: V\u00e5r st\u00e4dkl\u00e4der var noggrant designad f\u00f6r att utstr\u00e5la oskuld samtidigt som den lockande f\u00f6rf\u00f6r kunder som vill utforska lekfulla fantasier. Med sin kombination av transparent mesh och vit spets som ger lockande glimtar, kommer kunderna s\u00e4kerligen att f\u00e5 en of\u00f6rgl\u00f6mlig upplevelse med den!<\/li>\n\n\n\n<li>Elegant vita spetsdetaljer: De vita spetsdetaljerna p\u00e5 den h\u00e4r h\u00e4ngselkl\u00e4nningen l\u00e4gger till en touch av elegans och sofistikering, vilket skiljer den h\u00e4r outfiten \u00e5t som en del av din detaljhandelskollektion.<\/li>\n\n\n\n<li>Transparent mesh av h\u00f6g kvalitet: Tillverkad med h\u00f6gkvalitativt transparent mesh, garanterar denna outfit maximal komfort utan att kompromissa med sexig attraktion. V\u00e5rt engagemang f\u00f6r att erbjuda grossistprodukter som inte kompromissar med kvalitet eller komfort lyser igenom!<\/li>\n\n\n\n<li>M\u00e5ngsidig rollspelsoutfit: Perfekt f\u00f6r temaevenemang eller privata rollspels\u00e4ventyr, den h\u00e4r hemdr\u00e4kten kan anpassas till olika lekfulla scenarier och erbjuder \u00e5terf\u00f6rs\u00e4ljare ett utm\u00e4rkt utbud av fantasifulla kl\u00e4dalternativ.<\/li>\n\n\n\n<li>Redo f\u00f6r grossisthandel: Som ett grossisterbjudande \u00e4r den h\u00e4r hemdr\u00e4kten redo att bli en het s\u00e4ljare i din detaljhandelskollektion. Mer \u00e4n bara en vanlig kostym; denna ensemble ger m\u00f6jlighet till n\u00f6je och \u00e4ventyr!<\/li>\n<\/ol>\n\n\n\n<p>Ut\u00f6ka din detaljhandelskollektion med v\u00e5r Transparent Mesh Maid Outfit i grossistledet och l\u00e4gg till en inbjudande del till den med lekfull elegans! L\u00e4mplig f\u00f6r grossistf\u00f6rfr\u00e5gningar. Kontakta oss och l\u00e4gg till detta h\u00e4rliga till\u00e4gg idag.<\/p>\n\n\n\n<figure class=\"wp-block-table is-style-stripes\"><table class=\"has-fixed-layout\"><tbody><tr><td>Webbplatsdiagram (CM)<\/td><td><\/td><td><\/td><td><\/td><\/tr><tr><td>Storlek<\/td><td>L\u00e4ngd<\/td><td>Nedre byst<\/td><td>Midja<\/td><\/tr><tr><td>S<\/td><td>63<\/td><td>86-90<\/td><td>61-65<\/td><\/tr><tr><td>M<\/td><td>64<\/td><td>90-94<\/td><td>65-69<\/td><\/tr><tr><td>L<\/td><td>65<\/td><td>94-98<\/td><td>69-73<\/td><\/tr><tr><td>XL<\/td><td>66<\/td><td>98-102<\/td><td>73-77<\/td><\/tr><tr><td>Webbplatsdiagram (INCH)<\/td><td><\/td><td><\/td><td><\/td><\/tr><tr><td>Storlek<\/td><td>L\u00e4ngd<\/td><td>Nedre byst<\/td><td>Midja<\/td><\/tr><tr><td>S<\/td><td>24.8<\/td><td>33.86-35.43<\/td><td>24.02-25.59<\/td><\/tr><tr><td>M<\/td><td>25.2<\/td><td>35.43-37.01<\/td><td>25.59-27.17<\/td><\/tr><tr><td>L<\/td><td>25.59<\/td><td>37.01-38.58<\/td><td>27.17-28.74<\/td><\/tr><tr><td>XL<\/td><td>25.98<\/td><td>38.58-40.16<\/td><td>28.74-30.31<\/td><\/tr><\/tbody><\/table><\/figure>","protected":false},"excerpt":{"rendered":"<p>V\u00e4lkommen till v\u00e5r grossistdr\u00e4kt i transparent mesh \u2013 en kombination av oskuld och lockelse! Med sin vita h\u00e4ngselkl\u00e4nning i spets ger den en k\u00e4nsla av elegans, vilket g\u00f6r den till det perfekta plagget f\u00f6r lekfulla kv\u00e4llar! Perfekt f\u00f6r \u00e5terf\u00f6rs\u00e4ljare som vill erbjuda n\u00e5got annorlunda!<\/p>","protected":false},"featured_media":45513,"template":"","meta":[],"product_brand":[],"product_cat":[974],"product_tag":[980],"class_list":{"0":"post-45506","1":"product","2":"type-product","3":"status-publish","4":"has-post-thumbnail","6":"product_cat-wholesale-sexy-costumes","7":"product_tag-maid-costumes","8":"pa_color-black","9":"pa_size-wholesale-large-size-women-sexy-lingerie","10":"pa_size-wholesale-medium-size-women-sexy-lingerie","11":"pa_size-wholesale-small-size-sexy-lingerie","12":"pa_size-wholesale-extra-large-sexy-lingerie","14":"first","15":"instock","16":"taxable","17":"shipping-taxable","18":"purchasable","19":"product-type-variable"},"tiered_pricing_type":"fixed","tiered_pricing_fixed_rules":[],"tiered_pricing_product_settings":{"layout":"default","base_unit_name":{"singular":null,"plural":null},"default_variation":{}},"tiered_pricing_minimum_quantity":null,"tiered_pricing_roles_data":[],"tiered_pricing_percentage_rules":[],"tiered_pricing_maximum_quantity":null,"tiered_pricing_quantity_step":null,"_links":{"self":[{"href":"https:\/\/gretasexylingerie.com\/sv\/wp-json\/wp\/v2\/product\/45506","targetHints":{"allow":["GET"]}}],"collection":[{"href":"https:\/\/gretasexylingerie.com\/sv\/wp-json\/wp\/v2\/product"}],"about":[{"href":"https:\/\/gretasexylingerie.com\/sv\/wp-json\/wp\/v2\/types\/product"}],"wp:featuredmedia":[{"embeddable":true,"href":"https:\/\/gretasexylingerie.com\/sv\/wp-json\/wp\/v2\/media\/45513"}],"wp:attachment":[{"href":"https:\/\/gretasexylingerie.com\/sv\/wp-json\/wp\/v2\/media?parent=45506"}],"wp:term":[{"taxonomy":"product_brand","embeddable":true,"href":"https:\/\/gretasexylingerie.com\/sv\/wp-json\/wp\/v2\/product_brand?post=45506"},{"taxonomy":"product_cat","embeddable":true,"href":"https:\/\/gretasexylingerie.com\/sv\/wp-json\/wp\/v2\/product_cat?post=45506"},{"taxonomy":"product_tag","embeddable":true,"href":"https:\/\/gretasexylingerie.com\/sv\/wp-json\/wp\/v2\/product_tag?post=45506"}],"curies":[{"name":"wp","href":"https:\/\/api.w.org\/{rel}","templated":true}]}}