{"id":45489,"date":"2023-10-13T01:11:57","date_gmt":"2023-10-12T17:11:57","guid":{"rendered":"https:\/\/gretasexylingerie.com\/?post_type=product&#038;p=45489"},"modified":"2023-10-13T01:13:23","modified_gmt":"2023-10-12T17:13:23","slug":"grossist-sexig-polis-kostym-cosplay-dam-kostym","status":"publish","type":"product","link":"https:\/\/gretasexylingerie.com\/sv\/products\/wholesale-sexy-policewoman-costume-cosplay-womens-suit\/","title":{"rendered":"Grossist sexig poliskostym Cosplay damkostym"},"content":{"rendered":"<ol class=\"wp-block-list\">\n<li>Befallande dragningskraft: V\u00e5r f\u00f6rf\u00f6riska polisdr\u00e4kt utstr\u00e5lar befallande dragningskraft, vilket g\u00f6r det till ett frestande alternativ f\u00f6r \u00e4ventyrliga sj\u00e4lar. Den f\u00f6rkroppsligar en auktoritativ aura och sensuell tjusning, vilket g\u00f6r att denna pj\u00e4s sticker ut i din detaljhandelskollektion.<\/li>\n\n\n\n<li>En engagerande Cosplay-upplevelse: Det h\u00e4r setet har designats f\u00f6r en engagerande polis-cosplayupplevelse, som g\u00f6r det m\u00f6jligt f\u00f6r slutkonsumenter att unna sig sina fantasier. Det \u00e4r ett utm\u00e4rkt komplement f\u00f6r \u00e5terf\u00f6rs\u00e4ljare som vill erbjuda ett sortiment av rollspelskl\u00e4der.<\/li>\n\n\n\n<li>Tillverkning av h\u00f6g kvalitet: V\u00e5rt engagemang f\u00f6r tillverkning av h\u00f6g kvalitet garanterar bekv\u00e4mt slitage f\u00f6r ut\u00f6kad lekfullhet, vilket visar v\u00e5rt engagemang f\u00f6r att endast erbjuda varor av h\u00f6gsta kvalitet till dina kunder.<\/li>\n\n\n\n<li>M\u00e5ngsidig styling: Detta set erbjuder m\u00e5ngsidiga stylingalternativ, vilket g\u00f6r det l\u00e4mpligt f\u00f6r olika temaevenemang eller privata \u00e4ventyr. \u00c5terf\u00f6rs\u00e4ljare som vill tillhandah\u00e5lla fantasifulla kl\u00e4der kan dra nytta av att erbjuda denna m\u00e5ngsidiga upps\u00e4ttning.<\/li>\n\n\n\n<li>Redo f\u00f6r grossisthandel: Med fokus p\u00e5 grossisthandeln i \u00e5tanke kan denna sexiga polisdr\u00e4kt bli en omedelbar slutf\u00f6rs\u00e4ljning i detaljhandeln. Mer \u00e4n bara en kostym; detta modeplagg inbjuder anv\u00e4ndare att g\u00e5 in i en v\u00e4rld av fantasi och lekfull auktoritet.<\/li>\n<\/ol>\n\n\n\n<p>L\u00e4gg till v\u00e5r sexiga polisdr\u00e4kt i grossistledet till ditt detaljhandelsutbud och ut\u00f6ka det med \u00f6vertalande tilltalande och lekfull fantasi! Den \u00e4r idealisk f\u00f6r \u00e5terf\u00f6rs\u00e4ljare som vill ge kunderna olika och fantasifulla kl\u00e4dalternativ. Kontakta oss nu med grossistf\u00f6rfr\u00e5gningar s\u00e5 att du kan l\u00e4gga till v\u00e5gad elegans till ditt sortiment idag.<\/p>\n\n\n\n<figure class=\"wp-block-table is-style-stripes\"><table class=\"has-fixed-layout\"><tbody><tr><td>Webbplatsdiagram (CM)<\/td><td><\/td><td><\/td><td><\/td><\/tr><tr><td>Storlek<\/td><td>L\u00e4ngd<\/td><td>Nedre byst<\/td><td>Midja<\/td><\/tr><tr><td>M<\/td><td>56<\/td><td>90<\/td><td>68&nbsp;<\/td><\/tr><tr><td>L<\/td><td>56<\/td><td>95<\/td><td>73<\/td><\/tr><tr><td>Webbplatsdiagram (INCH)<\/td><td><\/td><td><\/td><td><\/td><\/tr><tr><td>Storlek<\/td><td>L\u00e4ngd<\/td><td>Nedre byst<\/td><td>Midja<\/td><\/tr><tr><td>M<\/td><td>22.05<\/td><td>35.43<\/td><td>26.77<\/td><\/tr><tr><td>L<\/td><td>22.05<\/td><td>37.4<\/td><td>28.74<\/td><\/tr><\/tbody><\/table><\/figure>","protected":false},"excerpt":{"rendered":"<p>Sl\u00e4pp loss en v\u00e4rld av fantasi med v\u00e5r sexiga poliskostym i grossistledet! Perfekt f\u00f6r cosplaykv\u00e4llar och evenemang med poliscosplayare, den h\u00e4r damkostymen utstr\u00e5lar auktoritet samtidigt som den f\u00f6rblir lockande; perfekt f\u00f6r \u00e5terf\u00f6rs\u00e4ljare som vill ut\u00f6ka sin samling med f\u00e4ngslande kl\u00e4dsel!<\/p>","protected":false},"featured_media":45503,"template":"","meta":[],"product_brand":[],"product_cat":[974],"product_tag":[978],"class_list":{"0":"post-45489","1":"product","2":"type-product","3":"status-publish","4":"has-post-thumbnail","6":"product_cat-wholesale-sexy-costumes","7":"product_tag-policewoman-costume","8":"pa_color-black","9":"pa_size-wholesale-large-size-women-sexy-lingerie","10":"pa_size-wholesale-medium-size-women-sexy-lingerie","12":"first","13":"instock","14":"taxable","15":"shipping-taxable","16":"purchasable","17":"product-type-variable"},"tiered_pricing_type":"fixed","tiered_pricing_fixed_rules":[],"tiered_pricing_product_settings":{"layout":"default","base_unit_name":{"singular":null,"plural":null},"default_variation":{}},"tiered_pricing_minimum_quantity":null,"tiered_pricing_roles_data":[],"tiered_pricing_percentage_rules":[],"tiered_pricing_maximum_quantity":null,"tiered_pricing_quantity_step":null,"_links":{"self":[{"href":"https:\/\/gretasexylingerie.com\/sv\/wp-json\/wp\/v2\/product\/45489","targetHints":{"allow":["GET"]}}],"collection":[{"href":"https:\/\/gretasexylingerie.com\/sv\/wp-json\/wp\/v2\/product"}],"about":[{"href":"https:\/\/gretasexylingerie.com\/sv\/wp-json\/wp\/v2\/types\/product"}],"wp:featuredmedia":[{"embeddable":true,"href":"https:\/\/gretasexylingerie.com\/sv\/wp-json\/wp\/v2\/media\/45503"}],"wp:attachment":[{"href":"https:\/\/gretasexylingerie.com\/sv\/wp-json\/wp\/v2\/media?parent=45489"}],"wp:term":[{"taxonomy":"product_brand","embeddable":true,"href":"https:\/\/gretasexylingerie.com\/sv\/wp-json\/wp\/v2\/product_brand?post=45489"},{"taxonomy":"product_cat","embeddable":true,"href":"https:\/\/gretasexylingerie.com\/sv\/wp-json\/wp\/v2\/product_cat?post=45489"},{"taxonomy":"product_tag","embeddable":true,"href":"https:\/\/gretasexylingerie.com\/sv\/wp-json\/wp\/v2\/product_tag?post=45489"}],"curies":[{"name":"wp","href":"https:\/\/api.w.org\/{rel}","templated":true}]}}