{"id":45468,"date":"2023-10-13T00:37:15","date_gmt":"2023-10-12T16:37:15","guid":{"rendered":"https:\/\/gretasexylingerie.com\/?post_type=product&#038;p=45468"},"modified":"2023-10-13T00:39:57","modified_gmt":"2023-10-12T16:39:57","slug":"grossist-sexig-skolflicka-kostym-med-frestande-rutig-plisserad-kjol","status":"publish","type":"product","link":"https:\/\/gretasexylingerie.com\/sv\/products\/wholesale-sexy-schoolgirl-costume-with-tempting-plaid-pleated-skirt\/","title":{"rendered":"Grossist sexig skolflicka kostym med frestande pl\u00e4dad plisserad kjol"},"content":{"rendered":"<ol class=\"wp-block-list\">\n<li>Youthful Allure: V\u00e5rt JK uniformsset utstr\u00e5lar ungdomlig lockelse samtidigt som det f\u00f6rblir modernt, vilket g\u00f6r det till ett tilltalande alternativ f\u00f6r \u00e5terf\u00f6rs\u00e4ljare som v\u00e4nder sig till \u00e4ventyrliga kunder. Med sin tidl\u00f6sa rutm\u00f6nsterdesign och varaktiga tilltalande, kommer detta set definitivt att st\u00e5 sig \u00f6ver tid!<\/li>\n\n\n\n<li>Locka design: Den rutiga plisserade kjolen utstr\u00e5lar lekfull frestelse medan rollspelsdr\u00e4kten f\u00f6r kvinnor \u00f6ppnar upp en fantasiv\u00e4rld. Tillsammans ger de den perfekta ensemblen f\u00f6r att utforska lekfulla ber\u00e4ttelser.<\/li>\n\n\n\n<li>Hantverk av h\u00f6g kvalitet: V\u00e5r veckade kjol och intrikata damkostym \u00e4r tillverkad enligt h\u00f6ga standarder och har h\u00f6gkvalitativt hantverk som s\u00e4kerst\u00e4ller en bekv\u00e4m men f\u00f6rf\u00f6risk passform. Denna ensemble s\u00e4kerst\u00e4ller maximal sexig attraktion utan att kompromissa med komforten!<\/li>\n\n\n\n<li>M\u00e5ngsidigt tilltalande: Detta set erbjuder temafester och privata sammankomster m\u00e5ngsidighet. \u00c5terf\u00f6rs\u00e4ljare som vill erbjuda unika kundalternativ kommer att tycka att denna upps\u00e4ttning \u00e4r ov\u00e4rderlig.<\/li>\n\n\n\n<li>Redo f\u00f6r \u00e5terf\u00f6rs\u00e4ljning: Som ett grossisterbjudande \u00e4r detta set f\u00e4rdigt och redo f\u00f6r framg\u00e5ng i detaljhandeln. Mer \u00e4n bara en vanlig kostym, detta set inbjuder till ett of\u00f6rgl\u00f6mligt och transformerande \u00e4ventyr!<\/li>\n<\/ol>\n\n\n\n<p>Ge dina kunder en berusande kombination av ungdomlig tjusning och fantasifull fantasi med v\u00e5rt sexiga JK-uniformset i grossistledet. Perfekt f\u00f6r detaljhandelskollektioner som vill erbjuda olika kl\u00e4dalternativ, fr\u00e5ga om grossistpriser nu f\u00f6r att l\u00e4gga till lite lekfull elegans till ditt lager idag.<\/p>\n\n\n\n<figure class=\"wp-block-table is-style-stripes\"><table class=\"has-fixed-layout\"><tbody><tr><td>Webbplatsdiagram (CM)<\/td><td><\/td><td><\/td><td><\/td><td><\/td><\/tr><tr><td>Storlek<\/td><td>L\u00e4ngd<\/td><td>Nedre byst<\/td><td>Midja<\/td><td>BH-storlek<\/td><\/tr><tr><td>S<\/td><td>34<\/td><td>76-80<\/td><td>86-90<\/td><td>75B<\/td><\/tr><tr><td>M<\/td><td>35<\/td><td>80-84<\/td><td>90-94<\/td><td>80B<\/td><\/tr><tr><td>L<\/td><td>36<\/td><td>84-88<\/td><td>94-98<\/td><td>85B<\/td><\/tr><tr><td>XL<\/td><td>37<\/td><td>88-92<\/td><td>98-102<\/td><td>90B<\/td><\/tr><tr><td>Webbplatsdiagram (INCH)<\/td><td><\/td><td><\/td><td><\/td><td><\/td><\/tr><tr><td>Storlek<\/td><td>L\u00e4ngd<\/td><td>Nedre byst<\/td><td>Midja<\/td><td>BH-storlek<\/td><\/tr><tr><td>S<\/td><td>13.39<\/td><td>29.92-31.50<\/td><td>33.86-35.43<\/td><td>75B<\/td><\/tr><tr><td>M<\/td><td>13.78<\/td><td>31.50-33.07<\/td><td>35.43-37.01<\/td><td>80B<\/td><\/tr><tr><td>L<\/td><td>14.17<\/td><td>33.07-34.65<\/td><td>37.01-38.58<\/td><td>85B<\/td><\/tr><tr><td>XL<\/td><td>14.57<\/td><td>34.65-36.22<\/td><td>38.58-40.16<\/td><td>90B<\/td><\/tr><\/tbody><\/table><\/figure>","protected":false},"excerpt":{"rendered":"<p>H\u00e4ng med p\u00e5 sp\u00e4nningen av ungdomlig tjusning med v\u00e5rt JK uniformsset i grossistledet. Med en i\u00f6gonfallande rutig plisserad kjol i kombination med en tilltalande rollspelsdr\u00e4kt f\u00f6r kvinnor, l\u00e5ter detta set \u00e5terf\u00f6rs\u00e4ljare f\u00f6ra samman fantasi och sofistikering i ett enda paket.<\/p>","protected":false},"featured_media":45487,"template":"","meta":[],"product_brand":[],"product_cat":[974],"product_tag":[976],"class_list":{"0":"post-45468","1":"product","2":"type-product","3":"status-publish","4":"has-post-thumbnail","6":"product_cat-wholesale-sexy-costumes","7":"product_tag-schoolgirl-costumes","8":"pa_color-blue-women-sexy-lingerie","9":"pa_color-green","10":"pa_color-sea-green-women-sexy-lingerie","11":"pa_size-wholesale-large-size-women-sexy-lingerie","12":"pa_size-wholesale-medium-size-women-sexy-lingerie","13":"pa_size-wholesale-small-size-sexy-lingerie","14":"pa_size-wholesale-extra-large-sexy-lingerie","16":"first","17":"instock","18":"taxable","19":"shipping-taxable","20":"purchasable","21":"product-type-variable"},"tiered_pricing_type":"fixed","tiered_pricing_fixed_rules":[],"tiered_pricing_product_settings":{"layout":"default","base_unit_name":{"singular":null,"plural":null},"default_variation":{}},"tiered_pricing_minimum_quantity":null,"tiered_pricing_roles_data":[],"tiered_pricing_percentage_rules":[],"tiered_pricing_maximum_quantity":null,"tiered_pricing_quantity_step":null,"_links":{"self":[{"href":"https:\/\/gretasexylingerie.com\/sv\/wp-json\/wp\/v2\/product\/45468","targetHints":{"allow":["GET"]}}],"collection":[{"href":"https:\/\/gretasexylingerie.com\/sv\/wp-json\/wp\/v2\/product"}],"about":[{"href":"https:\/\/gretasexylingerie.com\/sv\/wp-json\/wp\/v2\/types\/product"}],"wp:featuredmedia":[{"embeddable":true,"href":"https:\/\/gretasexylingerie.com\/sv\/wp-json\/wp\/v2\/media\/45487"}],"wp:attachment":[{"href":"https:\/\/gretasexylingerie.com\/sv\/wp-json\/wp\/v2\/media?parent=45468"}],"wp:term":[{"taxonomy":"product_brand","embeddable":true,"href":"https:\/\/gretasexylingerie.com\/sv\/wp-json\/wp\/v2\/product_brand?post=45468"},{"taxonomy":"product_cat","embeddable":true,"href":"https:\/\/gretasexylingerie.com\/sv\/wp-json\/wp\/v2\/product_cat?post=45468"},{"taxonomy":"product_tag","embeddable":true,"href":"https:\/\/gretasexylingerie.com\/sv\/wp-json\/wp\/v2\/product_tag?post=45468"}],"curies":[{"name":"wp","href":"https:\/\/api.w.org\/{rel}","templated":true}]}}