{"id":45336,"date":"2023-09-19T00:08:02","date_gmt":"2023-09-18T16:08:02","guid":{"rendered":"https:\/\/gretasexylingerie.com\/?post_type=product&#038;p=45336"},"modified":"2023-09-19T00:15:28","modified_gmt":"2023-09-18T16:15:28","slug":"grossistelegant-genomskinlig-sexig-kostym-med-karlekshange","status":"publish","type":"product","link":"https:\/\/gretasexylingerie.com\/sv\/products\/wholesaleelegant-see-through-sexy-suit-with-love-pendant\/","title":{"rendered":"Grossist Elegant genomskinlig sexig kostym med k\u00e4rleksh\u00e4nge"},"content":{"rendered":"<ol class=\"wp-block-list\">\n<li>V\u00e5r l\u00e4der &amp; tyg skarvade mesh sexiga beh\u00e5 strumpebandsupps\u00e4ttning av fyra \u00e4r en imponerande kombination av premiummaterial som s\u00e4kerst\u00e4ller att den st\u00e5r sig \u00f6ver tiden i alla kollektioner. Med v\u00e5rt vackra k\u00e4rleksh\u00e4nge f\u00f6r extra romantik och sofistikering.<\/li>\n\n\n\n<li>Detta set exemplifierar b\u00e5de sk\u00f6nhet och hantverk. Kombinera l\u00e4der, tyg och mesh f\u00f6r en i\u00f6gonfallande design. Dessutom tillf\u00f6r dess hj\u00e4rth\u00e4nge en atmosf\u00e4r av nostalgi \u2013 vilket g\u00f6r detta till ett uts\u00f6kt plagg perfekt f\u00f6r alla samlingar.<\/li>\n\n\n\n<li>V\u00e5rt moderiktiga sexiga underkl\u00e4derset med l\u00e4der-, tyg- och n\u00e4tskarvning \u00e4r en imponerande bedrift av innovation inom design. Med genomskinliga element och k\u00e4rleksh\u00e4nget skapar detta fyrdelade set ett i\u00f6gonfallande utseende och lockar varje g\u00e5ng de b\u00e4rs.<\/li>\n<\/ol>\n\n\n\n<p>Kliv in i en v\u00e4rld av elegans och tjusning med v\u00e5r l\u00e4der &amp; tyg skarvade mesh sexiga beh\u00e5 strumpebandsset om fyra! Inte vilken del av underkl\u00e4der som helst; detta premiumstycke representerar stil, sofistikering och sentimentalitet. Missa inte det; kontakta oss nu f\u00f6r att best\u00e4lla eller fr\u00e5ga om att k\u00f6pa den! L\u00e5t oss \u00e5teruppfinna underkl\u00e4desmodet tillsammans!<\/p>\n\n\n\n<figure class=\"wp-block-table is-style-stripes\"><table class=\"has-fixed-layout\"><tbody><tr><td>Webbplatsdiagram (CM)<\/td><td><\/td><td><\/td><td><\/td><td><\/td><\/tr><tr><td>Storlek<\/td><td>L\u00e4ngd<\/td><td>Nedre byst<\/td><td>Midja<\/td><td>Midja Av Strumpeband<\/td><\/tr><tr><td>S<\/td><td>13<\/td><td>62-88<\/td><td>68-96<\/td><td>61-92<\/td><\/tr><tr><td>M<\/td><td>14<\/td><td>66-92<\/td><td>72-100<\/td><td>65-96<\/td><\/tr><tr><td>L<\/td><td>15<\/td><td>70-96<\/td><td>76-104<\/td><td>69-100<\/td><\/tr><tr><td>Webbplatsdiagram (INCH)<\/td><td><\/td><td><\/td><td><\/td><td><\/td><\/tr><tr><td>Storlek<\/td><td>L\u00e4ngd<\/td><td>Nedre byst<\/td><td>Midja<\/td><td>Midja Av Strumpeband<\/td><\/tr><tr><td>S<\/td><td>5.12<\/td><td>24.41-34.65<\/td><td>26.77-37.80<\/td><td>24.02-36.22<\/td><\/tr><tr><td>M<\/td><td>5.51<\/td><td>25.98-36.22<\/td><td>28.35-39.37<\/td><td>25.59-37.80<\/td><\/tr><tr><td>L<\/td><td>5.91<\/td><td>27.56-37.80<\/td><td>29.92-40.94<\/td><td>27.17-39.37<\/td><\/tr><\/tbody><\/table><\/figure>","protected":false},"excerpt":{"rendered":"<p>L\u00e4gg till elegans till din underkl\u00e4deskollektion med v\u00e5r eleganta genomskinliga sexiga kostym med k\u00e4rleksh\u00e4nge och meshdetaljer, perfekt f\u00f6r att lyfta vilken underkl\u00e4desgarderob som helst. Med lockande l\u00e4der- och tygtyg kombinerat med elegansen hos ett k\u00e4rleksh\u00e4ngsh\u00e4nge - det h\u00e4r plagget kommer s\u00e4kerligen att sticka ut i alla underkl\u00e4deskollektioner.<\/p>","protected":false},"featured_media":45346,"template":"","meta":[],"product_brand":[],"product_cat":[368,367,375],"product_tag":[507,448,524,453,972],"class_list":{"0":"post-45336","1":"product","2":"type-product","3":"status-publish","4":"has-post-thumbnail","6":"product_cat-bra-panty-set","7":"product_cat-sexy-lingerie","8":"product_cat-whoelsale-sheer-bra-and-panty-sets","9":"product_tag-three-pcs-set","10":"product_tag-wholesale-elegant-sexy-lingerie","11":"product_tag-metal-lingerie","12":"product_tag-wholesale-sexy-naughty-lingerie","13":"product_tag-valentines-day-lingerie","14":"pa_color-black","15":"pa_size-wholesale-large-size-women-sexy-lingerie","16":"pa_size-wholesale-medium-size-women-sexy-lingerie","17":"pa_size-wholesale-small-size-sexy-lingerie","19":"first","20":"instock","21":"taxable","22":"shipping-taxable","23":"purchasable","24":"product-type-variable"},"tiered_pricing_type":"fixed","tiered_pricing_fixed_rules":[],"tiered_pricing_product_settings":{"layout":"default","base_unit_name":{"singular":null,"plural":null},"default_variation":{}},"tiered_pricing_minimum_quantity":null,"tiered_pricing_roles_data":[],"tiered_pricing_percentage_rules":[],"tiered_pricing_maximum_quantity":null,"tiered_pricing_quantity_step":null,"_links":{"self":[{"href":"https:\/\/gretasexylingerie.com\/sv\/wp-json\/wp\/v2\/product\/45336","targetHints":{"allow":["GET"]}}],"collection":[{"href":"https:\/\/gretasexylingerie.com\/sv\/wp-json\/wp\/v2\/product"}],"about":[{"href":"https:\/\/gretasexylingerie.com\/sv\/wp-json\/wp\/v2\/types\/product"}],"wp:featuredmedia":[{"embeddable":true,"href":"https:\/\/gretasexylingerie.com\/sv\/wp-json\/wp\/v2\/media\/45346"}],"wp:attachment":[{"href":"https:\/\/gretasexylingerie.com\/sv\/wp-json\/wp\/v2\/media?parent=45336"}],"wp:term":[{"taxonomy":"product_brand","embeddable":true,"href":"https:\/\/gretasexylingerie.com\/sv\/wp-json\/wp\/v2\/product_brand?post=45336"},{"taxonomy":"product_cat","embeddable":true,"href":"https:\/\/gretasexylingerie.com\/sv\/wp-json\/wp\/v2\/product_cat?post=45336"},{"taxonomy":"product_tag","embeddable":true,"href":"https:\/\/gretasexylingerie.com\/sv\/wp-json\/wp\/v2\/product_tag?post=45336"}],"curies":[{"name":"wp","href":"https:\/\/api.w.org\/{rel}","templated":true}]}}