{"id":45298,"date":"2023-09-18T01:15:14","date_gmt":"2023-09-17T17:15:14","guid":{"rendered":"https:\/\/gretasexylingerie.com\/?post_type=product&#038;p=45298"},"modified":"2023-09-18T01:16:54","modified_gmt":"2023-09-17T17:16:54","slug":"grossist-elegant-genomskinlig-mesh-strumpebandsbh-set-med-sexig-tofs","status":"publish","type":"product","link":"https:\/\/gretasexylingerie.com\/sv\/products\/wholesale-elegant-see-through-mesh-garter-bra-set-with-sexy-tasse\/","title":{"rendered":"Partihandel Elegant genomskinlig Mesh Strumpeband BH Set med sexig Tasse"},"content":{"rendered":"<ol class=\"wp-block-list\">\n<li>V\u00e5r nya stil sexiga tofs strumpebandsunderkl\u00e4der i tre delar \u00e4r handgjorda noggrant f\u00f6r att garantera en toppprodukt f\u00f6r din samling. De uts\u00f6kta tofsdetaljerna tillf\u00f6r en k\u00e4nsla av sofistikering och k\u00e4nsla som skiljer denna ensemble \u00e5t.<\/li>\n\n\n\n<li>Detta eleganta, genomskinliga n\u00e4tstroppsunderkl\u00e4desset med sexig tofs \u00e4r vackert och bekv\u00e4mt! Med n\u00e4tmaterial f\u00f6r delikat komfort mot huden och sofistikerade tofsdetaljer, som l\u00e4gger till ytterligare en niv\u00e5 av sofistikering, perfekt f\u00f6r dem som s\u00f6ker den perfekta blandningen mellan mode och komfort!<\/li>\n\n\n\n<li>V\u00e5rt moderiktiga sexiga strumpebandsset f\u00f6r underkl\u00e4der med tofsdetaljer exemplifierar uts\u00f6kt hantverk. Det h\u00e4r tredelade setet har genomskinliga mesh- och tofsdetaljer och g\u00f6r ett imponerande uttalande i alla underkl\u00e4deskollektioner.<\/li>\n<\/ol>\n\n\n\n<p>G\u00e5 med i en v\u00e4rld av elegans och tjusning med v\u00e5r nya stil sexiga tofs strumpeband underkl\u00e4der tredelade set. Inte vilken gammal del av underkl\u00e4der som helst; detta stilp\u00e5st\u00e5ende g\u00f6r ett dj\u00e4rvt p\u00e5st\u00e5ende! Missa inte detta uts\u00f6kta plagg \u2013 kontakta oss nu f\u00f6r att best\u00e4lla eller fr\u00e5ga \u2013 tillsammans, l\u00e5t oss omdefiniera underkl\u00e4desmodet!<\/p>\n\n\n\n<figure class=\"wp-block-table is-style-stripes\"><table class=\"has-fixed-layout\"><tbody><tr><td>Webbplatsdiagram (CM)<\/td><td><\/td><td><\/td><td><\/td><td><\/td><\/tr><tr><td>Storlek<\/td><td>L\u00e4ngd<\/td><td>Nedre byst<\/td><td>Midja<\/td><td>Midja Av Strumpeband<\/td><\/tr><tr><td>S<\/td><td>16<\/td><td>61-88<\/td><td>67-96<\/td><td>60-92<\/td><\/tr><tr><td>M<\/td><td>17<\/td><td>65-92<\/td><td>71-100<\/td><td>60-92<\/td><\/tr><tr><td>L<\/td><td>18<\/td><td>69-96<\/td><td>75-104<\/td><td>60-92<\/td><\/tr><tr><td>Webbplatsdiagram (INCH)<\/td><td><\/td><td><\/td><td><\/td><td><\/td><\/tr><tr><td>Storlek<\/td><td>L\u00e4ngd<\/td><td>Nedre byst<\/td><td>Midja<\/td><td>Midja Av Strumpeband<\/td><\/tr><tr><td>S<\/td><td>6.3<\/td><td>24.02-34.65<\/td><td>26.38-37.80<\/td><td>23.62-36.22<\/td><\/tr><tr><td>M<\/td><td>6.69<\/td><td>25.59-36.22<\/td><td>27.95-39.37<\/td><td>23.62-36.22<\/td><\/tr><tr><td>L<\/td><td>7.09<\/td><td>27.17-37.80<\/td><td>29.53-40.94<\/td><td>23.62-36.22<\/td><\/tr><\/tbody><\/table><\/figure>","protected":false},"excerpt":{"rendered":"<p>Med sin lockande genomskinliga mesh-design uppn\u00e5r detta set den perfekta balansen mellan tjusning och elegans \u2013 en viktig del f\u00f6r alla moderna underkl\u00e4deskollektioner. Tofsdetaljer tillf\u00f6r b\u00e5de sofistikerade och lekfulla element som s\u00e4kerligen kommer att f\u00f6rtrolla.<\/p>","protected":false},"featured_media":45311,"template":"","meta":[],"product_brand":[],"product_cat":[368,367,375,376],"product_tag":[446,864,865,531],"class_list":{"0":"post-45298","1":"product","2":"type-product","3":"status-publish","4":"has-post-thumbnail","6":"product_cat-bra-panty-set","7":"product_cat-sexy-lingerie","8":"product_cat-whoelsale-sheer-bra-and-panty-sets","9":"product_cat-wholesale-ultra-sexy-bra-panty-set","10":"product_tag-wholesale-sexy-see-through-lingerie","11":"product_tag-sexy-petite-lingerie","12":"product_tag-sexy-skimpy-lingerie","13":"product_tag-tassel-lingerie","14":"pa_color-black","15":"pa_size-wholesale-large-size-women-sexy-lingerie","16":"pa_size-wholesale-medium-size-women-sexy-lingerie","17":"pa_size-wholesale-small-size-sexy-lingerie","19":"first","20":"instock","21":"taxable","22":"shipping-taxable","23":"purchasable","24":"product-type-variable"},"tiered_pricing_type":"fixed","tiered_pricing_fixed_rules":[],"tiered_pricing_product_settings":{"layout":"default","base_unit_name":{"singular":null,"plural":null},"default_variation":{}},"tiered_pricing_minimum_quantity":null,"tiered_pricing_roles_data":[],"tiered_pricing_percentage_rules":[],"tiered_pricing_maximum_quantity":null,"tiered_pricing_quantity_step":null,"_links":{"self":[{"href":"https:\/\/gretasexylingerie.com\/sv\/wp-json\/wp\/v2\/product\/45298","targetHints":{"allow":["GET"]}}],"collection":[{"href":"https:\/\/gretasexylingerie.com\/sv\/wp-json\/wp\/v2\/product"}],"about":[{"href":"https:\/\/gretasexylingerie.com\/sv\/wp-json\/wp\/v2\/types\/product"}],"wp:featuredmedia":[{"embeddable":true,"href":"https:\/\/gretasexylingerie.com\/sv\/wp-json\/wp\/v2\/media\/45311"}],"wp:attachment":[{"href":"https:\/\/gretasexylingerie.com\/sv\/wp-json\/wp\/v2\/media?parent=45298"}],"wp:term":[{"taxonomy":"product_brand","embeddable":true,"href":"https:\/\/gretasexylingerie.com\/sv\/wp-json\/wp\/v2\/product_brand?post=45298"},{"taxonomy":"product_cat","embeddable":true,"href":"https:\/\/gretasexylingerie.com\/sv\/wp-json\/wp\/v2\/product_cat?post=45298"},{"taxonomy":"product_tag","embeddable":true,"href":"https:\/\/gretasexylingerie.com\/sv\/wp-json\/wp\/v2\/product_tag?post=45298"}],"curies":[{"name":"wp","href":"https:\/\/api.w.org\/{rel}","templated":true}]}}