{"id":45281,"date":"2023-09-18T00:28:07","date_gmt":"2023-09-17T16:28:07","guid":{"rendered":"https:\/\/gretasexylingerie.com\/?post_type=product&#038;p=45281"},"modified":"2023-09-18T00:30:17","modified_gmt":"2023-09-17T16:30:17","slug":"grossist-genomskinlig-mesh-halterneck-sexig-body","status":"publish","type":"product","link":"https:\/\/gretasexylingerie.com\/sv\/products\/wholesale-see-through-mesh-halterneck-sexy-bodysuit\/","title":{"rendered":"Genomskinlig Mesh Halterneck Sexig Body i grossistledet"},"content":{"rendered":"<ol class=\"wp-block-list\">\n<li>V\u00e5r genomskinliga halterneck sexiga bodysuit \u00e4r noggrant utformad f\u00f6r att ta fram sin fulla potential och skapa en uts\u00f6kt produkt f\u00f6r din samling. Dess distinkta halterneckdesign visar upp kvaliteten och omsorgen som lagts ner p\u00e5 varje del.<\/li>\n\n\n\n<li>Denna eleganta Halterneck-body i sexig genomskinlig mesh \u00e4r b\u00e5de moderiktig och bekv\u00e4m! Det \u00f6mt\u00e5liga mesh ger en l\u00e4tt ber\u00f6ring mot din hud medan dess halterneck l\u00e4gger till sofistikering, perfekt f\u00f6r dem som s\u00f6ker den perfekta kombinationen av stil och komfort.<\/li>\n\n\n\n<li>V\u00e5r moderiktiga sexiga underkl\u00e4derbody med Halterneck-design \u00e4r ett bevis p\u00e5 uts\u00f6kt hantverk. Det genomskinliga meshet l\u00e4gger till ett i\u00f6gonfallande element, vilket garanterar att detta plagg sticker ut i alla underkl\u00e4deskollektioner.<\/li>\n<\/ol>\n\n\n\n<p>Utforska en v\u00e4rld av elegans och lockelse med v\u00e5r genomskinliga mesh Halterneck sexig bodysuit, inte bara underkl\u00e4der; detta stycke g\u00f6r ett uttalande av stil och sofistikering! Missa inte det; kontakta oss nu f\u00f6r att g\u00f6ra din best\u00e4llning eller med n\u00e5gra fr\u00e5gor! Tillsammans kan vi revolutionera underkl\u00e4desmodet!<\/p>\n\n\n\n<figure class=\"wp-block-table is-style-stripes\"><table class=\"has-fixed-layout\"><tbody><tr><td>Webbplatsdiagram (CM)<\/td><td><\/td><td><\/td><td><\/td><\/tr><tr><td>Storlek<\/td><td>L\u00e4ngd<\/td><td>Midja<\/td><td>Nedre byst<\/td><\/tr><tr><td>S<\/td><td>50<\/td><td>56<\/td><td>59-88<\/td><\/tr><tr><td>M<\/td><td>51<\/td><td>60<\/td><td>63-92<\/td><\/tr><tr><td>L<\/td><td>52<\/td><td>64<\/td><td>67-96<\/td><\/tr><tr><td>Webbplatsdiagram (INCH)<\/td><td><\/td><td><\/td><td><\/td><\/tr><tr><td>Storlek<\/td><td>L\u00e4ngd<\/td><td>Midja<\/td><td>Nedre byst<\/td><\/tr><tr><td>S<\/td><td>19.69<\/td><td>22.05<\/td><td>23.23-34.65<\/td><\/tr><tr><td>M<\/td><td>20.08<\/td><td>23.62<\/td><td>24.80-36.22<\/td><\/tr><tr><td>L<\/td><td>20.47<\/td><td>25.2<\/td><td>26.38-37.80<\/td><\/tr><\/tbody><\/table><\/figure>","protected":false},"excerpt":{"rendered":"<p>L\u00e4gg till lite modern glamour till alla underkl\u00e4dersgarderob med v\u00e5r Fashion-Forward sexiga underkl\u00e4derbody med Halterneck-design, med stil, komfort och tjusning allt-i-ett! Den kommer s\u00e4kert att sticka ut bland alla samlingar.<\/p>","protected":false},"featured_media":45291,"template":"","meta":[],"product_brand":[],"product_cat":[370,367,373],"product_tag":[448,446,447,504],"class_list":{"0":"post-45281","1":"product","2":"type-product","3":"status-publish","4":"has-post-thumbnail","6":"product_cat-bodysuit","7":"product_cat-sexy-lingerie","8":"product_cat-wholesale-sexy-mesh-bodysuit","9":"product_tag-wholesale-elegant-sexy-lingerie","10":"product_tag-wholesale-sexy-see-through-lingerie","11":"product_tag-wholesale-strappy-sexy-lingerie","12":"product_tag-ultra-sexy","13":"pa_color-black","14":"pa_size-wholesale-large-size-women-sexy-lingerie","15":"pa_size-wholesale-medium-size-women-sexy-lingerie","16":"pa_size-wholesale-small-size-sexy-lingerie","18":"first","19":"instock","20":"taxable","21":"shipping-taxable","22":"purchasable","23":"product-type-variable"},"tiered_pricing_type":"fixed","tiered_pricing_fixed_rules":[],"tiered_pricing_product_settings":{"layout":"default","base_unit_name":{"singular":null,"plural":null},"default_variation":{}},"tiered_pricing_minimum_quantity":null,"tiered_pricing_roles_data":[],"tiered_pricing_percentage_rules":[],"tiered_pricing_maximum_quantity":null,"tiered_pricing_quantity_step":null,"_links":{"self":[{"href":"https:\/\/gretasexylingerie.com\/sv\/wp-json\/wp\/v2\/product\/45281","targetHints":{"allow":["GET"]}}],"collection":[{"href":"https:\/\/gretasexylingerie.com\/sv\/wp-json\/wp\/v2\/product"}],"about":[{"href":"https:\/\/gretasexylingerie.com\/sv\/wp-json\/wp\/v2\/types\/product"}],"wp:featuredmedia":[{"embeddable":true,"href":"https:\/\/gretasexylingerie.com\/sv\/wp-json\/wp\/v2\/media\/45291"}],"wp:attachment":[{"href":"https:\/\/gretasexylingerie.com\/sv\/wp-json\/wp\/v2\/media?parent=45281"}],"wp:term":[{"taxonomy":"product_brand","embeddable":true,"href":"https:\/\/gretasexylingerie.com\/sv\/wp-json\/wp\/v2\/product_brand?post=45281"},{"taxonomy":"product_cat","embeddable":true,"href":"https:\/\/gretasexylingerie.com\/sv\/wp-json\/wp\/v2\/product_cat?post=45281"},{"taxonomy":"product_tag","embeddable":true,"href":"https:\/\/gretasexylingerie.com\/sv\/wp-json\/wp\/v2\/product_tag?post=45281"}],"curies":[{"name":"wp","href":"https:\/\/api.w.org\/{rel}","templated":true}]}}