{"id":45225,"date":"2023-09-17T22:18:21","date_gmt":"2023-09-17T14:18:21","guid":{"rendered":"https:\/\/gretasexylingerie.com\/?post_type=product&#038;p=45225"},"modified":"2023-09-17T22:20:00","modified_gmt":"2023-09-17T14:20:00","slug":"grossist-elegant-fyra-delar-underklader-set-med-hoft-som-tacker-kjol","status":"publish","type":"product","link":"https:\/\/gretasexylingerie.com\/sv\/products\/wholesale-elegant-four-piece-lingerie-set-with-hip-covering-skirt\/","title":{"rendered":"Elegant underkl\u00e4der i fyra delar i grossistledet med h\u00f6ftkjol"},"content":{"rendered":"<ol class=\"wp-block-list\">\n<li>V\u00e5rt sexiga fyradelade bh-set med korsremmar var noggrant utformat med noggrann omsorg f\u00f6r att leverera f\u00f6rstklassiga produkter till din samling. Med v\u00e5r signaturdesign med korsband och h\u00f6ftkjol, visar varje del v\u00e5r kvalitet och engagemang.<\/li>\n\n\n\n<li>Det eleganta underkl\u00e4dersetet i fyra delar kombinerar stil och komfort i en s\u00f6ml\u00f6s ensemble. Med \u00f6mt\u00e5liga korsband mot huden f\u00f6r \u00f6mt\u00e5liga ber\u00f6ringar medan den h\u00f6ftt\u00e4ckande kjolen tillf\u00f6r sofistikering f\u00f6r dem som s\u00f6ker b\u00e5da. Ett bra plagg f\u00f6r dem som gillar b\u00e5de stil och komfort i sina underkl\u00e4der.<\/li>\n\n\n\n<li>V\u00e5rt sexiga bh-set med korsband och kjol visar uts\u00f6kt hantverk. Med sin distinkta design med korsband sticker detta fyrdelade set ut i alla underkl\u00e4deskollektioner.<\/li>\n<\/ol>\n\n\n\n<p>Ta med elegans och lockelse in i ditt liv med v\u00e5ra Cross Straps Sexy Bra Four-Piece Set, med en h\u00f6ft-t\u00e4ckande kjol. Missa inte detta uts\u00f6kta plagg \u2013 kontakta oss idag f\u00f6r att g\u00f6ra din best\u00e4llning eller fr\u00e5ga mer \u2013 l\u00e5t oss omdefiniera underkl\u00e4desmodet tillsammans!<\/p>\n\n\n\n<figure class=\"wp-block-table is-style-stripes\"><table class=\"has-fixed-layout\"><tbody><tr><td>Webbplatsdiagram (CM)<\/td><td><\/td><td><\/td><td><\/td><td><\/td><\/tr><tr><td>Storlek<\/td><td>L\u00e4ngd<\/td><td>Nedre byst<\/td><td>Midja<\/td><td>Midja Av Strumpeband<\/td><\/tr><tr><td>S<\/td><td>13<\/td><td>67-88<\/td><td>64-96<\/td><td>60-92<\/td><\/tr><tr><td>M<\/td><td>14<\/td><td>71-92<\/td><td>68-1007<\/td><td>64-96<\/td><\/tr><tr><td>L<\/td><td>15<\/td><td>75-96<\/td><td>72-104<\/td><td>68-100<\/td><\/tr><tr><td>Webbplatsdiagram (INCH)<\/td><td><\/td><td><\/td><td><\/td><td><\/td><\/tr><tr><td>Storlek<\/td><td>L\u00e4ngd<\/td><td>Nedre byst<\/td><td>Midja<\/td><td>Midja Av Strumpeband<\/td><\/tr><tr><td>S<\/td><td>5.12<\/td><td>26.38-34.65<\/td><td>25.20-37.80<\/td><td>23.62-36.22<\/td><\/tr><tr><td>M<\/td><td>5.51<\/td><td>27.95-36.22<\/td><td>26.77-396.85<\/td><td>25.20-37.80<\/td><\/tr><tr><td>L<\/td><td>5.91<\/td><td>29.53-37.80<\/td><td>28.35-40.94<\/td><td>26.77-39.37<\/td><\/tr><\/tbody><\/table><\/figure>","protected":false},"excerpt":{"rendered":"<p>Skapa det ultimata inom underkl\u00e4desmode med v\u00e5rt snygga sexiga bh-set med korsband och kjol. Tillverkad f\u00f6r att leverera komfort, stil och tjusning i samma m\u00e5tt, kommer detta fyrdelade set att sticka ut i alla underkl\u00e4deskollektioner.<\/p>","protected":false},"featured_media":45238,"template":"","meta":[],"product_brand":[],"product_cat":[368,367,375],"product_tag":[868,964,448,447,972],"class_list":{"0":"post-45225","1":"product","2":"type-product","3":"status-publish","4":"has-post-thumbnail","6":"product_cat-bra-panty-set","7":"product_cat-sexy-lingerie","8":"product_cat-whoelsale-sheer-bra-and-panty-sets","9":"product_tag-4-piece-lingerie-set","10":"product_tag-christmas-lingerie","11":"product_tag-wholesale-elegant-sexy-lingerie","12":"product_tag-wholesale-strappy-sexy-lingerie","13":"product_tag-valentines-day-lingerie","14":"pa_color-red-women-sexy-lingerie","15":"pa_size-wholesale-large-size-women-sexy-lingerie","16":"pa_size-wholesale-medium-size-women-sexy-lingerie","17":"pa_size-wholesale-small-size-sexy-lingerie","19":"first","20":"instock","21":"taxable","22":"shipping-taxable","23":"purchasable","24":"product-type-variable"},"tiered_pricing_type":"fixed","tiered_pricing_fixed_rules":[],"tiered_pricing_product_settings":{"layout":"default","base_unit_name":{"singular":null,"plural":null},"default_variation":{}},"tiered_pricing_minimum_quantity":null,"tiered_pricing_roles_data":[],"tiered_pricing_percentage_rules":[],"tiered_pricing_maximum_quantity":null,"tiered_pricing_quantity_step":null,"_links":{"self":[{"href":"https:\/\/gretasexylingerie.com\/sv\/wp-json\/wp\/v2\/product\/45225","targetHints":{"allow":["GET"]}}],"collection":[{"href":"https:\/\/gretasexylingerie.com\/sv\/wp-json\/wp\/v2\/product"}],"about":[{"href":"https:\/\/gretasexylingerie.com\/sv\/wp-json\/wp\/v2\/types\/product"}],"wp:featuredmedia":[{"embeddable":true,"href":"https:\/\/gretasexylingerie.com\/sv\/wp-json\/wp\/v2\/media\/45238"}],"wp:attachment":[{"href":"https:\/\/gretasexylingerie.com\/sv\/wp-json\/wp\/v2\/media?parent=45225"}],"wp:term":[{"taxonomy":"product_brand","embeddable":true,"href":"https:\/\/gretasexylingerie.com\/sv\/wp-json\/wp\/v2\/product_brand?post=45225"},{"taxonomy":"product_cat","embeddable":true,"href":"https:\/\/gretasexylingerie.com\/sv\/wp-json\/wp\/v2\/product_cat?post=45225"},{"taxonomy":"product_tag","embeddable":true,"href":"https:\/\/gretasexylingerie.com\/sv\/wp-json\/wp\/v2\/product_tag?post=45225"}],"curies":[{"name":"wp","href":"https:\/\/api.w.org\/{rel}","templated":true}]}}