{"id":45205,"date":"2023-09-17T01:37:38","date_gmt":"2023-09-16T17:37:38","guid":{"rendered":"https:\/\/gretasexylingerie.com\/?post_type=product&#038;p=45205"},"modified":"2023-09-17T01:39:15","modified_gmt":"2023-09-16T17:39:15","slug":"grossist-flamma-broderi-sexiga-underklader-fyra-delar-set-med-kedja-bh","status":"publish","type":"product","link":"https:\/\/gretasexylingerie.com\/sv\/products\/wholesale-flame-embroidery-sexy-lingerie-four-piece-set-with-chain-bra\/","title":{"rendered":"Grossist Flame Brodery Sexiga underkl\u00e4der Fyra delar Set med kedja BH"},"content":{"rendered":"<ol class=\"wp-block-list\">\n<li>V\u00e5rt set med sexiga underkl\u00e4der f\u00f6r Flame-broderier i fyra delar tillverkades med omsorg, vilket garanterar f\u00f6rstklassiga produkter f\u00f6r din samling. Med en unik design f\u00f6r kedjebh och ih\u00e5liga funktioner som visar upp kvaliteten och h\u00e4ngivenheten i varje pj\u00e4s, kommer denna kollektion att bli stj\u00e4rnan i din garderob!<\/li>\n\n\n\n<li>Newlywed Special Hollow Chain BH-underkl\u00e4derset \u00e4r snyggt och bekv\u00e4mt, med uts\u00f6kt flammebroderi som mjukt smeker mot din hud, medan kedjebh:n ger en kant av kant \u2013 perfekt f\u00f6r par som s\u00f6ker b\u00e5de stil och komfort i ett paket.<\/li>\n\n\n\n<li>V\u00e5rt eleganta Flame-broderade underkl\u00e4derset med sexig kedjebh exemplifierar fint hantverk. Dess ih\u00e5liga design ger en unik charm, vilket g\u00f6r att detta fyrdelade set sticker ut i alla underkl\u00e4deskollektioner.<\/li>\n<\/ol>\n\n\n\n<p>G\u00f6r ett imponerande uttalande i v\u00e5rt Flame Embroidery Sexy Lingerie Four-Piece Set, komplett med dess i\u00f6gonfallande kedjebh. Inte vilken gammal del av underkl\u00e4der som helst; denna premiumpj\u00e4s skapades speciellt f\u00f6r nygifta! Missa inte det; kontakta oss nu f\u00f6r att s\u00e4kra detta lyxplagg \u2013 tillsammans s\u00e4tter vi v\u00e4rlden av underkl\u00e4desmodet i brand!<\/p>\n\n\n\n<figure class=\"wp-block-table is-style-stripes\"><table class=\"has-fixed-layout\"><tbody><tr><td>Webbplatsdiagram (CM)<\/td><td><\/td><td><\/td><td><\/td><td><\/td><\/tr><tr><td>Storlek<\/td><td>L\u00e4ngd<\/td><td>Nedre byst<\/td><td>Midja<\/td><td>Midja Av Strumpeband<\/td><\/tr><tr><td>S<\/td><td>16<\/td><td>63-88<\/td><td>64-96<\/td><td>63-92<\/td><\/tr><tr><td>M<\/td><td>17<\/td><td>67-92<\/td><td>68-100<\/td><td>67-92<\/td><\/tr><tr><td>L<\/td><td>18<\/td><td>71-96<\/td><td>72-104<\/td><td>71-96<\/td><\/tr><tr><td>Webbplatsdiagram (INCH)<\/td><td><\/td><td><\/td><td><\/td><td><\/td><\/tr><tr><td>Storlek<\/td><td>L\u00e4ngd<\/td><td>Nedre byst<\/td><td>Midja<\/td><td>Midja Av Strumpeband<\/td><\/tr><tr><td>S<\/td><td>6.3<\/td><td>24.80-34.65<\/td><td>25.20-37.80<\/td><td>24.80-36.22<\/td><\/tr><tr><td>M<\/td><td>6.69<\/td><td>26.38-36.22<\/td><td>26.77-39.37<\/td><td>26.38-36.22<\/td><\/tr><tr><td>L<\/td><td>7.09<\/td><td>27.95-37.80<\/td><td>28.35-40.94<\/td><td>27.95-37.80<\/td><\/tr><\/tbody><\/table><\/figure>","protected":false},"excerpt":{"rendered":"<p>Introducera v\u00e5rt Flame Embroidery Sexy Lingerie Four-Piece Set, omsorgsfullt utformat med sin distinkta kedja-bh-design f\u00f6r en i\u00f6gonfallande och lockande look som \u00e4r idealisk f\u00f6r nygifta som vill l\u00e4gga till elegans och lockelse till sin ensemble.<\/p>","protected":false},"featured_media":45219,"template":"","meta":[],"product_brand":[],"product_cat":[368,369,367],"product_tag":[868,452,964,448,532,453,972],"class_list":{"0":"post-45205","1":"product","2":"type-product","3":"status-publish","4":"has-post-thumbnail","6":"product_cat-bra-panty-set","7":"product_cat-wholesale-lace-bra-and-panty-sets","8":"product_cat-sexy-lingerie","9":"product_tag-4-piece-lingerie-set","10":"product_tag-wholesale-boudoir-lingerie","11":"product_tag-christmas-lingerie","12":"product_tag-wholesale-elegant-sexy-lingerie","13":"product_tag-lingerie-suspender-set","14":"product_tag-wholesale-sexy-naughty-lingerie","15":"product_tag-valentines-day-lingerie","16":"pa_color-red-women-sexy-lingerie","17":"pa_size-wholesale-large-size-women-sexy-lingerie","18":"pa_size-wholesale-medium-size-women-sexy-lingerie","19":"pa_size-wholesale-small-size-sexy-lingerie","21":"first","22":"instock","23":"taxable","24":"shipping-taxable","25":"purchasable","26":"product-type-variable"},"tiered_pricing_type":"fixed","tiered_pricing_fixed_rules":[],"tiered_pricing_product_settings":{"layout":"default","base_unit_name":{"singular":null,"plural":null},"default_variation":{}},"tiered_pricing_minimum_quantity":null,"tiered_pricing_roles_data":[],"tiered_pricing_percentage_rules":[],"tiered_pricing_maximum_quantity":null,"tiered_pricing_quantity_step":null,"_links":{"self":[{"href":"https:\/\/gretasexylingerie.com\/sv\/wp-json\/wp\/v2\/product\/45205","targetHints":{"allow":["GET"]}}],"collection":[{"href":"https:\/\/gretasexylingerie.com\/sv\/wp-json\/wp\/v2\/product"}],"about":[{"href":"https:\/\/gretasexylingerie.com\/sv\/wp-json\/wp\/v2\/types\/product"}],"wp:featuredmedia":[{"embeddable":true,"href":"https:\/\/gretasexylingerie.com\/sv\/wp-json\/wp\/v2\/media\/45219"}],"wp:attachment":[{"href":"https:\/\/gretasexylingerie.com\/sv\/wp-json\/wp\/v2\/media?parent=45205"}],"wp:term":[{"taxonomy":"product_brand","embeddable":true,"href":"https:\/\/gretasexylingerie.com\/sv\/wp-json\/wp\/v2\/product_brand?post=45205"},{"taxonomy":"product_cat","embeddable":true,"href":"https:\/\/gretasexylingerie.com\/sv\/wp-json\/wp\/v2\/product_cat?post=45205"},{"taxonomy":"product_tag","embeddable":true,"href":"https:\/\/gretasexylingerie.com\/sv\/wp-json\/wp\/v2\/product_tag?post=45205"}],"curies":[{"name":"wp","href":"https:\/\/api.w.org\/{rel}","templated":true}]}}