{"id":45179,"date":"2023-09-16T00:39:07","date_gmt":"2023-09-15T16:39:07","guid":{"rendered":"https:\/\/gretasexylingerie.com\/?post_type=product&#038;p=45179"},"modified":"2023-10-22T22:52:41","modified_gmt":"2023-10-22T14:52:41","slug":"grossist-ny-stil-sexiga-damunderklader-set-med-blommiga-broderier","status":"publish","type":"product","link":"https:\/\/gretasexylingerie.com\/sv\/products\/wholesale-new-style-sexy-lingerie-womens-set-with-floral-embroidery\/","title":{"rendered":"Partihandel Ny stil sexiga underkl\u00e4der kvinnors set med blommor broderier"},"content":{"rendered":"<ol class=\"wp-block-list\">\n<li>V\u00e5rt nya sexiga damunderkl\u00e4derset har noggrant handgjorda med orubblig uppm\u00e4rksamhet p\u00e5 detaljer, vilket resulterar i en uts\u00f6kt produkt f\u00f6r din samling, med tungt hantverk och blommiga broderier som visar upp kvaliteten och dedikationen hos varje del i denna upps\u00e4ttning.<\/li>\n\n\n\n<li>Det sexiga modeunderkl\u00e4dersetet med patchworkremmar kombinerar stil och komfort perfekt, och erbjuder mjuk spets mot huden medan det invecklade broderiet tillf\u00f6r sofistikering. Perfekt f\u00f6r dig som s\u00f6ker b\u00e5de elegans och komfort i ett.<\/li>\n\n\n\n<li>V\u00e5rt eleganta broderade underkl\u00e4derset med sexiga spets- och patchworkremmar exemplifierar exceptionellt hantverk. Patchwork-remmarna ger en distinkt kant, vilket garanterar att denna pj\u00e4s sticker ut i alla underkl\u00e4deskollektioner.<\/li>\n<\/ol>\n\n\n\n<p>Dyk in i elegans och tjusning med v\u00e5r nya stil sexiga damunderkl\u00e4der, med blommiga broderier. Missa inte denna premiumpj\u00e4s; kontakta oss nu f\u00f6r att g\u00f6ra din best\u00e4llning eller f\u00f6r eventuella fr\u00e5gor \u2013 tillsammans, l\u00e5t oss omdefiniera underkl\u00e4desmodet!<\/p>\n\n\n\n<figure class=\"wp-block-table is-style-stripes\"><table class=\"has-fixed-layout\"><tbody><tr><td>Webbplatsdiagram (CM)<\/td><td><\/td><td><\/td><td><\/td><td><\/td><\/tr><tr><td>Storlek<\/td><td>L\u00e4ngd<\/td><td>Nedre byst<\/td><td>Midja<\/td><td>Midja Av Strumpeband<\/td><\/tr><tr><td>S<\/td><td>14<\/td><td>66-92<\/td><td>70-96<\/td><td>64-90<\/td><\/tr><tr><td>M<\/td><td>15<\/td><td>70-96<\/td><td>74-100<\/td><td>68-94<\/td><\/tr><tr><td>L<\/td><td>16<\/td><td>74-100<\/td><td>78-104<\/td><td>72-98<\/td><\/tr><tr><td>Webbplatsdiagram (INCH)<\/td><td><\/td><td><\/td><td><\/td><td><\/td><\/tr><tr><td>Storlek<\/td><td>L\u00e4ngd<\/td><td>Nedre byst<\/td><td>Midja<\/td><td>Midja Av Strumpeband<\/td><\/tr><tr><td>S<\/td><td>5.51<\/td><td>25.98-36.22<\/td><td>27.56-37.80<\/td><td>25.20-35.43<\/td><\/tr><tr><td>M<\/td><td>5.91<\/td><td>27.56-37.80<\/td><td>29.13-39.37<\/td><td>26.77-37.01<\/td><\/tr><tr><td>L<\/td><td>6.3<\/td><td>29.13-39.37<\/td><td>30.71-40.94<\/td><td>28.35-38.58<\/td><\/tr><\/tbody><\/table><\/figure>","protected":false},"excerpt":{"rendered":"<p>V\u00e4lkommen v\u00e5rt set f\u00f6r sexiga damunderkl\u00e4der i nya stilen, minuti\u00f6st handgjorda med tungt hantverk och med blommiga broderier f\u00f6r en f\u00f6rtrollande och f\u00e4ngslande look \u2013 perfekt f\u00f6r kunder som s\u00f6ker efter det senaste inom underkl\u00e4desmode! Detta set lovar sofistikering och lockande utseende; vilket g\u00f6r detta till ett utm\u00e4rkt komplement till din underkl\u00e4desgarderob!<\/p>\n<p>https:\/\/youtu.be\/iB6wQcDs-qg<\/p>","protected":false},"featured_media":45195,"template":"","meta":[],"product_brand":[],"product_cat":[368,367,375],"product_tag":[868,870,446,453,865],"class_list":{"0":"post-45179","1":"product","2":"type-product","3":"status-publish","4":"has-post-thumbnail","6":"product_cat-bra-panty-set","7":"product_cat-sexy-lingerie","8":"product_cat-whoelsale-sheer-bra-and-panty-sets","9":"product_tag-4-piece-lingerie-set","10":"product_tag-floral-lingerie","11":"product_tag-wholesale-sexy-see-through-lingerie","12":"product_tag-wholesale-sexy-naughty-lingerie","13":"product_tag-sexy-skimpy-lingerie","14":"pa_color-light-purple","15":"pa_size-wholesale-large-size-women-sexy-lingerie","16":"pa_size-wholesale-medium-size-women-sexy-lingerie","17":"pa_size-wholesale-small-size-sexy-lingerie","19":"first","20":"instock","21":"taxable","22":"shipping-taxable","23":"purchasable","24":"product-type-variable"},"tiered_pricing_type":"fixed","tiered_pricing_fixed_rules":[],"tiered_pricing_product_settings":{"layout":"default","base_unit_name":{"singular":null,"plural":null},"default_variation":{}},"tiered_pricing_minimum_quantity":null,"tiered_pricing_roles_data":[],"tiered_pricing_percentage_rules":[],"tiered_pricing_maximum_quantity":null,"tiered_pricing_quantity_step":null,"_links":{"self":[{"href":"https:\/\/gretasexylingerie.com\/sv\/wp-json\/wp\/v2\/product\/45179","targetHints":{"allow":["GET"]}}],"collection":[{"href":"https:\/\/gretasexylingerie.com\/sv\/wp-json\/wp\/v2\/product"}],"about":[{"href":"https:\/\/gretasexylingerie.com\/sv\/wp-json\/wp\/v2\/types\/product"}],"wp:featuredmedia":[{"embeddable":true,"href":"https:\/\/gretasexylingerie.com\/sv\/wp-json\/wp\/v2\/media\/45195"}],"wp:attachment":[{"href":"https:\/\/gretasexylingerie.com\/sv\/wp-json\/wp\/v2\/media?parent=45179"}],"wp:term":[{"taxonomy":"product_brand","embeddable":true,"href":"https:\/\/gretasexylingerie.com\/sv\/wp-json\/wp\/v2\/product_brand?post=45179"},{"taxonomy":"product_cat","embeddable":true,"href":"https:\/\/gretasexylingerie.com\/sv\/wp-json\/wp\/v2\/product_cat?post=45179"},{"taxonomy":"product_tag","embeddable":true,"href":"https:\/\/gretasexylingerie.com\/sv\/wp-json\/wp\/v2\/product_tag?post=45179"}],"curies":[{"name":"wp","href":"https:\/\/api.w.org\/{rel}","templated":true}]}}