{"id":45078,"date":"2023-09-13T01:45:52","date_gmt":"2023-09-12T17:45:52","guid":{"rendered":"https:\/\/gretasexylingerie.com\/?post_type=product&#038;p=45078"},"modified":"2023-10-22T23:14:09","modified_gmt":"2023-10-22T15:14:09","slug":"sensuellt-ihaligt-bh-underkladerset-i-ljusrosa","status":"publish","type":"product","link":"https:\/\/gretasexylingerie.com\/sv\/products\/sensual-hollow-bra-lingerie-set-in-light-pink\/","title":{"rendered":"Sensuell ih\u00e5lig BH-underkl\u00e4derset i ljusrosa"},"content":{"rendered":"<p data-spm-anchor-id=\"a2g0o.detail.0.i22.6e3ardRsrdRssd\">1. V\u00e5rt Sensual Hollow BH-underkl\u00e4derset i ljusrosa \u00e4r designat med de senaste modetrenderna i \u00e5tanke. Den ih\u00e5liga bh:n ger en touch av dj\u00e4rvhet, medan den erotiska kostymdesignen s\u00e4kerst\u00e4ller en oemotst\u00e5ndlig look. Detta set kommer s\u00e4kerligen att bli en hit bland dina kunder.<\/p>\n<p data-spm-anchor-id=\"a2g0o.detail.0.i22.6e3ardRsrdRssd\">2. Den erotiska dr\u00e4kten Halter Underkl\u00e4der Set med en ih\u00e5lig BH Design \u00e4r snygg och bekv\u00e4m. Halternecken ger en touch av elegans, medan den nakna kvinnans design utan censur ger en skr\u00e4ddarsydd passform. Detta set \u00e4r perfekt f\u00f6r kunder som s\u00f6ker stil och komfort i sina underkl\u00e4der.<\/p>\n<p data-spm-anchor-id=\"a2g0o.detail.0.i22.6e3ardRsrdRssd\">3. V\u00e5ra fantastiska ljusrosa sensuella underkl\u00e4der med grimma \u00e4r unik i design och h\u00f6g kvalitet. Den ih\u00e5liga bh:n ger en touch av sofistikering, medan halternecken s\u00e4kerst\u00e4ller en lyxig k\u00e4nsla. Detta set kommer s\u00e4kerligen att sticka ut i alla underkl\u00e4deskollektioner.<\/p>\n<p data-spm-anchor-id=\"a2g0o.detail.0.i22.6e3ardRsrdRssd\">Omfamna det dj\u00e4rva och vackra med v\u00e5rt Sensual Hollow BH-underkl\u00e4derset i ljusrosa, med en erotisk kostymdesign och grimma. Detta set \u00e4r inte bara en produkt; det \u00e4r ett uttryck f\u00f6r stil som dina kunder kommer att \u00e4lska. V\u00e4nta inte. Kontakta oss idag f\u00f6r att l\u00e4gga din best\u00e4llning eller f\u00f6r att st\u00e4lla n\u00e5gra fr\u00e5gor. L\u00e5t oss omdefiniera underkl\u00e4desmodet tillsammans!<\/p>","protected":false},"excerpt":{"rendered":"<p>H\u00e5ll dig f\u00f6re underkl\u00e4des-trenden med v\u00e5r erotiska dr\u00e4ktgrimma underkl\u00e4derset med ih\u00e5lig bh-design. Detta set kombinerar tjusningen av en naken kvinnas design utan censur med elegansen hos en grimma. Tillverkad med uts\u00f6kt hantverk, det \u00e4r ett fantastiskt tillskott till alla underkl\u00e4deskollektioner.<\/p>\n<p>https:\/\/youtu.be\/JYrEBlCpHrs<\/p>","protected":false},"featured_media":45065,"template":"","meta":[],"product_brand":[],"product_cat":[368,367,376],"product_tag":[],"class_list":{"0":"post-45078","1":"product","2":"type-product","3":"status-publish","4":"has-post-thumbnail","6":"product_cat-bra-panty-set","7":"product_cat-sexy-lingerie","8":"product_cat-wholesale-ultra-sexy-bra-panty-set","10":"first","11":"instock","12":"taxable","13":"shipping-taxable","14":"purchasable","15":"product-type-variable"},"tiered_pricing_type":"fixed","tiered_pricing_fixed_rules":[],"tiered_pricing_product_settings":{"layout":"default","base_unit_name":{"singular":null,"plural":null},"default_variation":{}},"tiered_pricing_minimum_quantity":null,"tiered_pricing_roles_data":[],"tiered_pricing_percentage_rules":[],"tiered_pricing_maximum_quantity":null,"tiered_pricing_quantity_step":null,"_links":{"self":[{"href":"https:\/\/gretasexylingerie.com\/sv\/wp-json\/wp\/v2\/product\/45078","targetHints":{"allow":["GET"]}}],"collection":[{"href":"https:\/\/gretasexylingerie.com\/sv\/wp-json\/wp\/v2\/product"}],"about":[{"href":"https:\/\/gretasexylingerie.com\/sv\/wp-json\/wp\/v2\/types\/product"}],"wp:featuredmedia":[{"embeddable":true,"href":"https:\/\/gretasexylingerie.com\/sv\/wp-json\/wp\/v2\/media\/45065"}],"wp:attachment":[{"href":"https:\/\/gretasexylingerie.com\/sv\/wp-json\/wp\/v2\/media?parent=45078"}],"wp:term":[{"taxonomy":"product_brand","embeddable":true,"href":"https:\/\/gretasexylingerie.com\/sv\/wp-json\/wp\/v2\/product_brand?post=45078"},{"taxonomy":"product_cat","embeddable":true,"href":"https:\/\/gretasexylingerie.com\/sv\/wp-json\/wp\/v2\/product_cat?post=45078"},{"taxonomy":"product_tag","embeddable":true,"href":"https:\/\/gretasexylingerie.com\/sv\/wp-json\/wp\/v2\/product_tag?post=45078"}],"curies":[{"name":"wp","href":"https:\/\/api.w.org\/{rel}","templated":true}]}}